{"id":27333,"date":"2017-05-29T15:58:29","date_gmt":"2017-05-29T13:58:50","guid":{"rendered":"http:\/\/www.customeeple.com\/?post_type=product&#038;p=27333\/"},"modified":"2017-05-29T21:46:23","modified_gmt":"2017-05-29T19:46:23","slug":"terraforming-mars-compatible-ocean-tile","status":"publish","type":"product","link":"https:\/\/www.customeeple.com\/es\/producto\/terraforming-mars-compatible-ocean-tile\/","title":{"rendered":"Loseta de oc\u00e9ano compatible con Terraforming Mars (9 Uds)"},"content":{"rendered":"<p>Losetas hexagonales fabricadas en metacrilato azul. Tienen grabado un s\u00edmbolo de agua para representar un oc\u00e9ano.<\/p>\n<p>Puedes comprar las losetas en dos versi\u00f3nes diferentes: Opacas o en metacrilato Fluorescente<\/p>\n<p>Este producto encajar\u00e1\u00a0a la perfecci\u00f3n con el tablero de\u00a0<a href=\"http:\/\/www.fryxgames.se\/games\/terraforming-mars\/\"><strong>Terraforming Mars<\/strong><\/a><\/p>\n<div class=\"moreinfo\">\n<p><strong>Material:<\/strong>\u00a0Metacrilato<\/p>\n<p><strong>Espesor:<\/strong>\u00a03mm<\/p>\n<p><strong>Cantidad: <\/strong>9\u00a0unidades<\/p>\n<\/div>\n<p><strong><a href=\"http:\/\/www.fryxgames.se\/games\/terraforming-mars\/\">Terraforming Mars<\/a> <\/strong>es un juego dise\u00f1ado por\u00a0<strong>Jacob Fryxelius<\/strong>\u00a0publicado por\u00a0<strong><a href=\"http:\/\/www.fryxgames.se\/games\/terraforming-mars\/\">Fryx Games<\/a>.<\/strong>\u00a0<strong>Customeeple<\/strong> no mantiene ninguna relaci\u00f3n con esa compa\u00f1\u00eda y este producto no est\u00e1 de ninguna manera patrocinado por ellos.<\/p>\n<p>&nbsp;<\/p>\n","protected":false},"excerpt":{"rendered":"<p>Loseta de oc\u00e9ano compatible con<a href=\"http:\/\/www.fryxgames.se\/games\/terraforming-mars\/\"><strong> Terraforming Mars<\/strong><\/a><\/p>\n","protected":false},"featured_media":27385,"template":"","meta":{"_acf_changed":false},"product_brand":[],"product_cat":[1177],"product_tag":[1165,1099],"class_list":{"0":"post-27333","1":"product","2":"type-product","3":"status-publish","4":"has-post-thumbnail","6":"product_cat-games-workshop-es","7":"product_tag-gamesworkshop","8":"product_tag-terraforming-mars-es","10":"first","11":"instock","12":"taxable","13":"shipping-taxable","14":"purchasable","15":"product-type-variable"},"exclude_global_add_ons":[],"addons":[],"acf":[],"_links":{"self":[{"href":"https:\/\/www.customeeple.com\/es\/wp-json\/wp\/v2\/product\/27333","targetHints":{"allow":["GET"]}}],"collection":[{"href":"https:\/\/www.customeeple.com\/es\/wp-json\/wp\/v2\/product"}],"about":[{"href":"https:\/\/www.customeeple.com\/es\/wp-json\/wp\/v2\/types\/product"}],"wp:featuredmedia":[{"embeddable":true,"href":"https:\/\/www.customeeple.com\/es\/wp-json\/wp\/v2\/media\/27385"}],"wp:attachment":[{"href":"https:\/\/www.customeeple.com\/es\/wp-json\/wp\/v2\/media?parent=27333"}],"wp:term":[{"taxonomy":"product_brand","embeddable":true,"href":"https:\/\/www.customeeple.com\/es\/wp-json\/wp\/v2\/product_brand?post=27333"},{"taxonomy":"product_cat","embeddable":true,"href":"https:\/\/www.customeeple.com\/es\/wp-json\/wp\/v2\/product_cat?post=27333"},{"taxonomy":"product_tag","embeddable":true,"href":"https:\/\/www.customeeple.com\/es\/wp-json\/wp\/v2\/product_tag?post=27333"}],"curies":[{"name":"wp","href":"https:\/\/api.w.org\/{rel}","templated":true}]}}