{"id":27332,"date":"2017-05-29T15:51:21","date_gmt":"2017-05-29T13:52:16","guid":{"rendered":"http:\/\/www.customeeple.com\/?post_type=product&#038;p=27332\/"},"modified":"2020-01-03T12:59:22","modified_gmt":"2020-01-03T11:59:22","slug":"terraforming-mars-overlay1","status":"publish","type":"product","link":"https:\/\/www.customeeple.com\/es\/producto\/terraforming-mars-overlay1\/","title":{"rendered":"Organizador compatible con Terraforming Mars (1 Ud)"},"content":{"rendered":"<p>Una\u00a0bandeja organizadora de metacrilato transparente para tener ordenadas las piezas de tus juegos. Fijate que esta bandeja tiene peque\u00f1os salientes para ayudar a que las piezas\u00a0\u00a0no se muevan de su sitio.<\/p>\n<p>\u00a1Mant\u00e9n tus cubos a salvo de los ocasionales golpes en la mesa!<\/p>\n<p>Las bandejas encajan a la perfecci\u00f3n con los tableros de jugador del\u00a0juego <a href=\"http:\/\/www.fryxgames.se\/games\/terraforming-mars\/\"><strong>Terraforming Mars<\/strong><\/a><\/p>\n<div class=\"moreinfo\">\n<p><strong>Material:<\/strong>\u00a0Metacrilato transparente<\/p>\n<p><strong>Espesor:<\/strong> 2 mm<\/p>\n<p><strong>Cantidad:\u00a0<\/strong>1 unidad<\/p>\n<\/div>\n<p><strong><a href=\"http:\/\/www.fryxgames.se\/games\/terraforming-mars\/\">Terraforming Mars<\/a> <\/strong>es un juego dise\u00f1ado por\u00a0<strong>Jacob Fryxelius<\/strong>\u00a0publicado por\u00a0<strong><a href=\"http:\/\/www.fryxgames.se\/games\/terraforming-mars\/\">Fryx Games<\/a>.<\/strong>\u00a0<strong>Customeeple<\/strong> no mantiene ninguna relaci\u00f3n con esa compa\u00f1\u00eda y este producto no est\u00e1 de ninguna manera patrocinado por ellos.<\/p>\n<p>&nbsp;<\/p>\n","protected":false},"excerpt":{"rendered":"<p>Bandejas organizadoras compatibles con<a href=\"http:\/\/www.fryxgames.se\/games\/terraforming-mars\/\"><strong> Terraforming Mars<\/strong><\/a><\/p>\n","protected":false},"featured_media":27379,"template":"","meta":{"_acf_changed":false},"product_brand":[],"product_cat":[1370,1397],"product_tag":[1099],"class_list":{"0":"post-27332","1":"product","2":"type-product","3":"status-publish","4":"has-post-thumbnail","6":"product_cat-customeeple-es","7":"product_cat-overlay-es","8":"product_tag-terraforming-mars-es","10":"first","11":"instock","12":"taxable","13":"shipping-taxable","14":"purchasable","15":"product-type-simple"},"exclude_global_add_ons":[],"addons":[],"acf":[],"_links":{"self":[{"href":"https:\/\/www.customeeple.com\/es\/wp-json\/wp\/v2\/product\/27332","targetHints":{"allow":["GET"]}}],"collection":[{"href":"https:\/\/www.customeeple.com\/es\/wp-json\/wp\/v2\/product"}],"about":[{"href":"https:\/\/www.customeeple.com\/es\/wp-json\/wp\/v2\/types\/product"}],"wp:featuredmedia":[{"embeddable":true,"href":"https:\/\/www.customeeple.com\/es\/wp-json\/wp\/v2\/media\/27379"}],"wp:attachment":[{"href":"https:\/\/www.customeeple.com\/es\/wp-json\/wp\/v2\/media?parent=27332"}],"wp:term":[{"taxonomy":"product_brand","embeddable":true,"href":"https:\/\/www.customeeple.com\/es\/wp-json\/wp\/v2\/product_brand?post=27332"},{"taxonomy":"product_cat","embeddable":true,"href":"https:\/\/www.customeeple.com\/es\/wp-json\/wp\/v2\/product_cat?post=27332"},{"taxonomy":"product_tag","embeddable":true,"href":"https:\/\/www.customeeple.com\/es\/wp-json\/wp\/v2\/product_tag?post=27332"}],"curies":[{"name":"wp","href":"https:\/\/api.w.org\/{rel}","templated":true}]}}