{"id":26616,"date":"2017-03-29T15:54:49","date_gmt":"2017-03-29T13:54:49","guid":{"rendered":"http:\/\/www.customeeple.com\/es\/producto\/objetivos-de-mision-fat-yuan-yuan-pack\/"},"modified":"2020-01-09T11:39:07","modified_gmt":"2020-01-09T10:39:07","slug":"objetivos-de-mision-fat-yuan-yuan-pack","status":"publish","type":"product","link":"https:\/\/www.customeeple.com\/es\/producto\/objetivos-de-mision-fat-yuan-yuan-pack\/","title":{"rendered":"Pack de objetivos de Misi\u00f3n Fat Yuan Yuan (12 Uds)"},"content":{"rendered":"<p>Un pack completo de elementos de escenograf\u00eda para usar como objetivos en las <strong><a href=\"http:\/\/assets.infinitythegame.net\/downloads\/yuan-yuan\/en\/v1.0\/yuan-yuan.pdf\">misiones exclusivas de Fat Yuan Yuan<\/a>: \u00abBacon Time, Golpe en el peque\u00f1o Lo pan&#8217;s <\/strong>y<strong> Pulpibeer Fest.\u00bb<\/strong><\/p>\n<p>El Set contiene<\/p>\n<ul>\n<li><em><strong>3 \u00ab<a href=\"http:\/\/www.customeeple.com\/product\/infinity-yuan-objetives-pigs\/\">Siluetas de cerdo<\/a>\u00ab<\/strong><\/em><\/li>\n<li><em><strong>2 \u00ab<a href=\"http:\/\/www.customeeple.com\/product\/fat-yuan-yuan-mission-objetives-food-dispenser\/\">Dispensadores<\/a>\u00ab<\/strong><\/em><\/li>\n<li><em><strong>5 \u00ab<a href=\"http:\/\/www.customeeple.com\/product\/fat-yuan-yuan-mission-objectives-pulpibeer-taps\/\">Grifos de Pulpibeer<\/a>\u00ab<\/strong><\/em><\/li>\n<li><strong>2 \u00ab<a href=\"http:\/\/www.customeeple.com\/product\/fat-yuan-yuan-mission-objectives-food-noodleboxes\/\">Cajas de Noodles<\/a>\u00ab<\/strong><\/li>\n<\/ul>\n<p>Todos los elementos de escenograf\u00eda contienen su propia base de <strong><a href=\"http:\/\/infinitythegame.com\/\" target=\"_blank\" rel=\"noopener noreferrer\">Infinity<\/a><\/strong>\u00a0 para ser compatibles con las misiones<\/p>\n<p>Todas las piezas han sido fabricadas en colaboracion con \u00a0<strong><a href=\"http:\/\/www.corvusbelli.com\/\">Corvus Belli<\/a><\/strong> para ser totalmente compatibles con <strong><a href=\"http:\/\/www.infinitythegame.com\/infinity\/en\">Infinity the game<\/a><\/strong><\/p>\n<div class=\"moreinfo\">\n<p><strong>Material:\u00a0<\/strong>DM, decoraciones en \u00a0metacrilato y cart\u00f3n de alta densidad<\/p>\n<p dir=\"ltr\"><strong>Espesor:<\/strong>\u00a03 mm<\/p>\n<p dir=\"ltr\"><strong>Tama\u00f1o: <\/strong>Varia<\/p>\n<p dir=\"ltr\"><strong>Cantidad:<\/strong>\u00a012 elementos de escenograf\u00eda y sus bases<\/p>\n<p><strong>Uso: <\/strong>Como objetivo de misi\u00f3n o decoraci\u00f3n de escenograf\u00eda.<\/p>\n<\/div>\n<div class=\"infopreorder\"><strong>Nota:<\/strong> Los colores de las piezas de metacrilato pueden variar ligeramente de los mostrados en la foto.\u00a0Cubiertas de base decorativas y miniatura \u00a0no incluidas<\/div>\n","protected":false},"excerpt":{"rendered":"<p>Pack completo de objetivos para jugar las misiones de\u00a0<strong><a href=\"http:\/\/assets.infinitythegame.net\/downloads\/yuan-yuan\/en\/v1.0\/yuan-yuan.pdf\">Fat Yuan Yuan<\/a><\/strong><\/p>\n","protected":false},"featured_media":26647,"template":"","meta":{"_acf_changed":false},"product_brand":[],"product_cat":[191,346,291,347],"product_tag":[151,306],"class_list":{"0":"post-26616","1":"product","2":"type-product","3":"status-publish","4":"has-post-thumbnail","6":"product_cat-accesorios","7":"product_cat-escenografia","8":"product_cat-infinity-es-2","9":"product_cat-marcadores-es","10":"product_tag-infinity-es","11":"product_tag-infinity-the-game-es-2","13":"first","14":"instock","15":"taxable","16":"shipping-taxable","17":"purchasable","18":"product-type-simple"},"exclude_global_add_ons":[],"addons":[],"acf":[],"_links":{"self":[{"href":"https:\/\/www.customeeple.com\/es\/wp-json\/wp\/v2\/product\/26616","targetHints":{"allow":["GET"]}}],"collection":[{"href":"https:\/\/www.customeeple.com\/es\/wp-json\/wp\/v2\/product"}],"about":[{"href":"https:\/\/www.customeeple.com\/es\/wp-json\/wp\/v2\/types\/product"}],"wp:featuredmedia":[{"embeddable":true,"href":"https:\/\/www.customeeple.com\/es\/wp-json\/wp\/v2\/media\/26647"}],"wp:attachment":[{"href":"https:\/\/www.customeeple.com\/es\/wp-json\/wp\/v2\/media?parent=26616"}],"wp:term":[{"taxonomy":"product_brand","embeddable":true,"href":"https:\/\/www.customeeple.com\/es\/wp-json\/wp\/v2\/product_brand?post=26616"},{"taxonomy":"product_cat","embeddable":true,"href":"https:\/\/www.customeeple.com\/es\/wp-json\/wp\/v2\/product_cat?post=26616"},{"taxonomy":"product_tag","embeddable":true,"href":"https:\/\/www.customeeple.com\/es\/wp-json\/wp\/v2\/product_tag?post=26616"}],"curies":[{"name":"wp","href":"https:\/\/api.w.org\/{rel}","templated":true}]}}