{"id":26614,"date":"2017-03-29T15:23:17","date_gmt":"2017-03-29T13:23:17","guid":{"rendered":"http:\/\/www.customeeple.com\/es\/producto\/objetivos-de-mision-fat-yuan-yuan-grifo\/"},"modified":"2020-01-09T11:38:42","modified_gmt":"2020-01-09T10:38:42","slug":"objetivos-de-mision-fat-yuan-yuan-grifo","status":"publish","type":"product","link":"https:\/\/www.customeeple.com\/es\/producto\/objetivos-de-mision-fat-yuan-yuan-grifo\/","title":{"rendered":"Objetivos de Misi\u00f3n Fat Yuan Yuan \u00abGrifo de Pulpibeer\u00bb (5Uds)"},"content":{"rendered":"<p>Un pack de cinco barriles\u00a0para usar como \u00abgrifos de Pulpibeer\u00bb en la misi\u00f3n exclusiva de Fat Yuan Yuan <a href=\"http:\/\/assets.infinitythegame.net\/downloads\/yuan-yuan\/es\/v1.0\/yuan-yuan.pdf\">\u00ab<strong>Pulpibeer Fest<\/strong>\u00ab<\/a>\u00a0Los barriles son de diferentes tama\u00f1os 4 peque\u00f1os y 1 de mayor tama\u00f1o<\/p>\n<p>El producto incluye tambi\u00e9n 4 bases de 25 mm y una de 40mm<\/p>\n<p>Todas las piezas han sido fabricadas en colaboracion con \u00a0<strong><a href=\"http:\/\/www.corvusbelli.com\/\">Corvus Belli<\/a><\/strong> para ser totalmente compatibles con <strong><a href=\"http:\/\/www.infinitythegame.com\/infinity\/en\">Infinity the game<\/a><\/strong><\/p>\n<div class=\"moreinfo\">\n<p><strong>Material:\u00a0<\/strong>DM, decoraciones en \u00a0cart\u00f3n de alta densidad<\/p>\n<p dir=\"ltr\"><strong>Espesor:<\/strong>\u00a03 mm<\/p>\n<p dir=\"ltr\"><strong>Tama\u00f1o: <\/strong>Varia<\/p>\n<p dir=\"ltr\"><strong>Cantidad:<\/strong> 5 barriles + 4 bases de 25mm y uno de 40mm<\/p>\n<p><strong>Uso: <\/strong>Como objetivo de misi\u00f3n o decoraci\u00f3n de escenograf\u00eda.<\/p>\n<\/div>\n<div class=\"infopreorder\"><strong>Nota:<\/strong>\u00a0 Cubiertas de base decorativas y miniatura \u00a0no incluidas<\/div>\n","protected":false},"excerpt":{"rendered":"<p>Barriles de Pulpibeer\u00a0para usar como objetivo o escenograf\u00eda en<strong><a href=\"http:\/\/www.infinitythegame.com\/infinity\/en\"> Infinity the game<\/a><\/strong><\/p>\n","protected":false},"featured_media":26628,"template":"","meta":{"_acf_changed":false},"product_brand":[],"product_cat":[191,346,291,347],"product_tag":[151,306],"class_list":{"0":"post-26614","1":"product","2":"type-product","3":"status-publish","4":"has-post-thumbnail","6":"product_cat-accesorios","7":"product_cat-escenografia","8":"product_cat-infinity-es-2","9":"product_cat-marcadores-es","10":"product_tag-infinity-es","11":"product_tag-infinity-the-game-es-2","13":"first","14":"instock","15":"taxable","16":"shipping-taxable","17":"purchasable","18":"product-type-simple"},"exclude_global_add_ons":[],"addons":[],"acf":[],"_links":{"self":[{"href":"https:\/\/www.customeeple.com\/es\/wp-json\/wp\/v2\/product\/26614","targetHints":{"allow":["GET"]}}],"collection":[{"href":"https:\/\/www.customeeple.com\/es\/wp-json\/wp\/v2\/product"}],"about":[{"href":"https:\/\/www.customeeple.com\/es\/wp-json\/wp\/v2\/types\/product"}],"wp:featuredmedia":[{"embeddable":true,"href":"https:\/\/www.customeeple.com\/es\/wp-json\/wp\/v2\/media\/26628"}],"wp:attachment":[{"href":"https:\/\/www.customeeple.com\/es\/wp-json\/wp\/v2\/media?parent=26614"}],"wp:term":[{"taxonomy":"product_brand","embeddable":true,"href":"https:\/\/www.customeeple.com\/es\/wp-json\/wp\/v2\/product_brand?post=26614"},{"taxonomy":"product_cat","embeddable":true,"href":"https:\/\/www.customeeple.com\/es\/wp-json\/wp\/v2\/product_cat?post=26614"},{"taxonomy":"product_tag","embeddable":true,"href":"https:\/\/www.customeeple.com\/es\/wp-json\/wp\/v2\/product_tag?post=26614"}],"curies":[{"name":"wp","href":"https:\/\/api.w.org\/{rel}","templated":true}]}}