{"id":26600,"date":"2017-03-29T14:17:35","date_gmt":"2017-03-29T13:17:35","guid":{"rendered":"http:\/\/www.customeeple.com\/es\/producto\/infinty-yuan-objetivos-cerdos\/"},"modified":"2020-01-09T11:38:05","modified_gmt":"2020-01-09T10:38:05","slug":"infinty-yuan-objetivos-cerdos","status":"publish","type":"product","link":"https:\/\/www.customeeple.com\/es\/producto\/infinty-yuan-objetivos-cerdos\/","title":{"rendered":"Objetivos de Misi\u00f3n Fat Yuan Yuan \u00abCerdos\u00bb (3Uds)"},"content":{"rendered":"<p>Un pack de tres siluetas de cerdos para usar como \u00abmarcador de cerdo\u00bb en la misi\u00f3n exclusiva de Fat Yuan Yuan <a href=\"http:\/\/assets.infinitythegame.net\/downloads\/yuan-yuan\/es\/v1.0\/yuan-yuan.pdf\">\u00ab<strong>Baconland<\/strong>\u00ab<\/a><\/p>\n<p>El producto incluye tambi\u00e9n 3 bases de 25 mm<\/p>\n<p>Todas las piezas han sido fabricadas en colaboracion con \u00a0<strong><a href=\"http:\/\/www.corvusbelli.com\/\">Corvus Belli<\/a><\/strong> para ser totalmente compatibles con <strong><a href=\"http:\/\/www.infinitythegame.com\/infinity\/en\">Infinity the game<\/a><\/strong><\/p>\n<div class=\"moreinfo\">\n<p><strong>Material:\u00a0<\/strong>Metacrilato<\/p>\n<p dir=\"ltr\"><strong>Espesor:<\/strong>\u00a03 mm<\/p>\n<p dir=\"ltr\"><strong>Tama\u00f1o:\u00a0<\/strong>2 x 1,5 cm<\/p>\n<p dir=\"ltr\"><strong>Cantidad:<\/strong> 3 siluetas de cerdos y 3 bases de 25mm<\/p>\n<p><strong>Uso: <\/strong>Como objetivo de misi\u00f3n o decoraci\u00f3n de escenograf\u00eda.<\/p>\n<\/div>\n<div class=\"infopreorder\"><strong>Nota:<\/strong> Los colores de las piezas de metacrilato pueden variar ligeramente de los mostrados en la foto.\u00a0Cubiertas de base decorativas no incluidas<\/div>\n","protected":false},"excerpt":{"rendered":"<p>Siluetas de cerdo para usar como objetivo o escenograf\u00eda en<strong><a href=\"http:\/\/www.infinitythegame.com\/infinity\/en\"> Infinity the game<\/a><\/strong><\/p>\n","protected":false},"featured_media":26651,"template":"","meta":{"_acf_changed":false},"product_brand":[],"product_cat":[191,1370,291,347,1394,2360,1372],"product_tag":[646,306],"class_list":{"0":"post-26600","1":"product","2":"type-product","3":"status-publish","4":"has-post-thumbnail","6":"product_cat-accesorios","7":"product_cat-customeeple-es","8":"product_cat-infinity-es-2","9":"product_cat-marcadores-es","10":"product_cat-infinity-es","11":"product_cat-productos-oficiales","12":"product_cat-sci-fi-es","13":"product_tag-infinity-es-2","14":"product_tag-infinity-the-game-es-2","16":"first","17":"instock","18":"taxable","19":"shipping-taxable","20":"purchasable","21":"product-type-simple"},"exclude_global_add_ons":[],"addons":[],"acf":[],"_links":{"self":[{"href":"https:\/\/www.customeeple.com\/es\/wp-json\/wp\/v2\/product\/26600","targetHints":{"allow":["GET"]}}],"collection":[{"href":"https:\/\/www.customeeple.com\/es\/wp-json\/wp\/v2\/product"}],"about":[{"href":"https:\/\/www.customeeple.com\/es\/wp-json\/wp\/v2\/types\/product"}],"wp:featuredmedia":[{"embeddable":true,"href":"https:\/\/www.customeeple.com\/es\/wp-json\/wp\/v2\/media\/26651"}],"wp:attachment":[{"href":"https:\/\/www.customeeple.com\/es\/wp-json\/wp\/v2\/media?parent=26600"}],"wp:term":[{"taxonomy":"product_brand","embeddable":true,"href":"https:\/\/www.customeeple.com\/es\/wp-json\/wp\/v2\/product_brand?post=26600"},{"taxonomy":"product_cat","embeddable":true,"href":"https:\/\/www.customeeple.com\/es\/wp-json\/wp\/v2\/product_cat?post=26600"},{"taxonomy":"product_tag","embeddable":true,"href":"https:\/\/www.customeeple.com\/es\/wp-json\/wp\/v2\/product_tag?post=26600"}],"curies":[{"name":"wp","href":"https:\/\/api.w.org\/{rel}","templated":true}]}}