{"id":26300,"date":"2017-03-23T14:16:42","date_gmt":"2017-03-23T12:16:42","guid":{"rendered":"http:\/\/www.customeeple.com\/es\/producto\/organizador-compatible-con-arcadia-completo\/"},"modified":"2025-01-30T04:14:01","modified_gmt":"2025-01-30T03:14:01","slug":"organizador-compatible-con-arcadia-completo","status":"publish","type":"product","link":"https:\/\/www.customeeple.com\/es\/producto\/organizador-compatible-con-arcadia-completo\/","title":{"rendered":"Organizadores compatibles con Arcadia Quest (Set Completo)"},"content":{"rendered":"<p>Un set completo de nuestros <a href=\"http:\/\/www.customeeple.com\/product\/arcadia-compatible-acrylic-overlay\/\"><strong>Organizadores<\/strong><\/a> compatibles con <a href=\"http:\/\/arcadiaquest.com\/en\/\"><strong>Arcadia<\/strong> <\/a>y nuestras <strong><a href=\"http:\/\/www.customeeple.com\/product\/arcadia-compatible-acrylic-overlay-addon\/\">bases <\/a><\/strong>de DM.<\/p>\n<p>Con este producto tendr\u00e1s suficientes organizadores para una partida a 4 jugadores. Dale el tratamiento deluxe que merecen tus campa\u00f1as m\u00e1s \u00e9picas.<\/p>\n<p>\u00a1Mant\u00e9n tu piezas\u00a0a salvo de los ocasionales golpes en la mesa!<\/p>\n<p>Los <a href=\"http:\/\/www.customeeple.com\/product\/arcadia-compatible-acrylic-overlay\/\"><strong>Organizadores<\/strong><\/a> encajan a la perfecci\u00f3n con los tableros de personaje del\u00a0juego <strong><a href=\"http:\/\/arcadiaquest.com\/en\/home\">Arcadia Quest<\/a>.<\/strong><\/p>\n<div class=\"moreinfo\">\n<p><strong>Material:<\/strong>\u00a0Metacrilato transparente y\u00a0DM<\/p>\n<p><strong>Grosor:<\/strong> 2 mm<\/p>\n<p><strong>Cantidad:<\/strong>\u00a04 Organizadores y 4 bases<\/p>\n<\/div>\n<p><strong><a href=\"http:\/\/arcadiaquest.com\/en\/home\">Arcadia Quest<\/a>\u00a0<\/strong>es un juego publicado por <a href=\"http:\/\/cmon.com\/\"><strong>CMON Limited<\/strong><\/a>.\u00a0<strong>Customeeple<\/strong> \u00a0no mantiene ninguna relaci\u00f3n con esa compa\u00f1\u00eda y este producto no est\u00e1 de ninguna manera patrocinado por ellos.<\/p>\n<p>&nbsp;<\/p>\n","protected":false},"excerpt":{"rendered":"<p>Un set completo de <strong><a href=\"http:\/\/www.customeeple.com\/product\/arcadia-compatible-acrylic-overlay\/\">Organizadores<\/a>\u00a0<\/strong>para 4 jugadores.<\/p>\n","protected":false},"featured_media":26308,"template":"","meta":{"_acf_changed":false},"product_brand":[],"product_cat":[1370,1397],"product_tag":[1442],"class_list":{"0":"post-26300","1":"product","2":"type-product","3":"status-publish","4":"has-post-thumbnail","6":"product_cat-customeeple-es","7":"product_cat-overlay-es","8":"product_tag-overlay-es","10":"first","11":"instock","12":"taxable","13":"shipping-taxable","14":"purchasable","15":"product-type-simple"},"exclude_global_add_ons":[],"addons":[],"acf":[],"_links":{"self":[{"href":"https:\/\/www.customeeple.com\/es\/wp-json\/wp\/v2\/product\/26300","targetHints":{"allow":["GET"]}}],"collection":[{"href":"https:\/\/www.customeeple.com\/es\/wp-json\/wp\/v2\/product"}],"about":[{"href":"https:\/\/www.customeeple.com\/es\/wp-json\/wp\/v2\/types\/product"}],"wp:featuredmedia":[{"embeddable":true,"href":"https:\/\/www.customeeple.com\/es\/wp-json\/wp\/v2\/media\/26308"}],"wp:attachment":[{"href":"https:\/\/www.customeeple.com\/es\/wp-json\/wp\/v2\/media?parent=26300"}],"wp:term":[{"taxonomy":"product_brand","embeddable":true,"href":"https:\/\/www.customeeple.com\/es\/wp-json\/wp\/v2\/product_brand?post=26300"},{"taxonomy":"product_cat","embeddable":true,"href":"https:\/\/www.customeeple.com\/es\/wp-json\/wp\/v2\/product_cat?post=26300"},{"taxonomy":"product_tag","embeddable":true,"href":"https:\/\/www.customeeple.com\/es\/wp-json\/wp\/v2\/product_tag?post=26300"}],"curies":[{"name":"wp","href":"https:\/\/api.w.org\/{rel}","templated":true}]}}