{"id":26270,"date":"2017-03-22T12:22:49","date_gmt":"2017-03-22T10:22:49","guid":{"rendered":"http:\/\/www.customeeple.com\/es\/producto\/organizador-compatible-con-arcadia\/"},"modified":"2025-01-30T05:57:32","modified_gmt":"2025-01-30T04:57:32","slug":"organizador-compatible-con-arcadia","status":"publish","type":"product","link":"https:\/\/www.customeeple.com\/es\/producto\/organizador-compatible-con-arcadia\/","title":{"rendered":"Organizador compatible con Arcadia"},"content":{"rendered":"<p>Una\u00a0bandeja organizadora de metacrilato transparente para tener ordenadas las piezas de tus juegos.<\/p>\n<p>Cada producto contiene 4 piezas (1 para los personajes y tres para las cartas de equipo) que puedes encajar para crear una bandeja para un equipo completo.<\/p>\n<p>\u00a1Mant\u00e9n tus cubos a salvo de los ocasionales golpes en la mesa!<\/p>\n<p>Las bandejas encajan a la perfecci\u00f3n con los tableros de personaje del\u00a0juego <a href=\"http:\/\/arcadiaquest.com\/en\/home\"><strong>Arcadia Quest<\/strong><\/a><\/p>\n<div class=\"moreinfo\">\n<p><strong>Material:<\/strong>\u00a0Metacrilato transparente<\/p>\n<p><strong>Grosor:<\/strong> 2 mm<\/p>\n<p><strong>Cantidad:<\/strong>\u00a01 Bandeja<\/p>\n<\/div>\n<p><strong><a href=\"http:\/\/arcadiaquest.com\/en\/home\">Arcadia Quest<\/a>\u00a0<\/strong>es un juego publicado por <a href=\"http:\/\/cmon.com\/\"><strong>CMON Limited<\/strong><\/a>.\u00a0<strong>Customeeple<\/strong> \u00a0no mantiene ninguna relaci\u00f3n con esa compa\u00f1\u00eda y este producto no est\u00e1 de ninguna manera patrocinado por ellos.<\/p>\n<p>&nbsp;<\/p>\n","protected":false},"excerpt":{"rendered":"<p>Bandejas organizadoras. Ideal para tener tus piezas\u00a0ordenadas.<\/p>\n","protected":false},"featured_media":26280,"template":"","meta":{"_acf_changed":false},"product_brand":[],"product_cat":[1370,1397],"product_tag":[1442],"class_list":{"0":"post-26270","1":"product","2":"type-product","3":"status-publish","4":"has-post-thumbnail","6":"product_cat-customeeple-es","7":"product_cat-overlay-es","8":"product_tag-overlay-es","10":"first","11":"instock","12":"taxable","13":"shipping-taxable","14":"purchasable","15":"product-type-simple"},"exclude_global_add_ons":[],"addons":[],"acf":[],"_links":{"self":[{"href":"https:\/\/www.customeeple.com\/es\/wp-json\/wp\/v2\/product\/26270","targetHints":{"allow":["GET"]}}],"collection":[{"href":"https:\/\/www.customeeple.com\/es\/wp-json\/wp\/v2\/product"}],"about":[{"href":"https:\/\/www.customeeple.com\/es\/wp-json\/wp\/v2\/types\/product"}],"wp:featuredmedia":[{"embeddable":true,"href":"https:\/\/www.customeeple.com\/es\/wp-json\/wp\/v2\/media\/26280"}],"wp:attachment":[{"href":"https:\/\/www.customeeple.com\/es\/wp-json\/wp\/v2\/media?parent=26270"}],"wp:term":[{"taxonomy":"product_brand","embeddable":true,"href":"https:\/\/www.customeeple.com\/es\/wp-json\/wp\/v2\/product_brand?post=26270"},{"taxonomy":"product_cat","embeddable":true,"href":"https:\/\/www.customeeple.com\/es\/wp-json\/wp\/v2\/product_cat?post=26270"},{"taxonomy":"product_tag","embeddable":true,"href":"https:\/\/www.customeeple.com\/es\/wp-json\/wp\/v2\/product_tag?post=26270"}],"curies":[{"name":"wp","href":"https:\/\/api.w.org\/{rel}","templated":true}]}}