{"id":26044,"date":"2017-04-07T13:28:05","date_gmt":"2017-03-02T11:28:06","guid":{"rendered":"http:\/\/www.customeeple.com\/es\/producto\/malifaux-calles-tablero\/"},"modified":"2017-04-07T16:43:56","modified_gmt":"2017-04-07T14:43:56","slug":"malifaux-calles-tablero","status":"publish","type":"product","link":"https:\/\/www.customeeple.com\/es\/producto\/malifaux-calles-tablero\/","title":{"rendered":"Malifaux Tablero de calles (9 Uds)"},"content":{"rendered":"<p>A\u00f1ade una peque\u00f1a parte del mundo de\u00a0<strong><a href=\"http:\/\/www.wyrd-games.net\/malifaux\">Malifaux<\/a><\/strong>\u00a0a tus mesas de juego con nuestras piezas de escenograf\u00eda.<strong><br \/>\n<\/strong><\/p>\n<p>Con nuestro tablero de juego de calles puedes crear un area completa de juego para tus partidas de\u00a0<strong><a href=\"http:\/\/www.wyrd-games.net\/malifaux\">Malifaux<\/a><\/strong>\u00a0. Este producto incluye 9 planchas de 30 x 30 cm para crear una escenograf\u00eda base de calles de 90 x 90 cm.<\/p>\n<p>Las losetas son diferentes para que puedas combinarlas de la manera que quieras y generar un \u00e1rea de juego diferente cada vez. El producto contiene:<\/p>\n<ul>\n<li><em><strong>1 loseta llana<\/strong><\/em><\/li>\n<li><em><strong>1 loseta elevada<\/strong><\/em><\/li>\n<li><em><strong>3 M\u00f3dulos mayores<\/strong><\/em><\/li>\n<li><em><strong>4 M\u00f3dulos menores<\/strong><\/em><\/li>\n<li><em><strong>Complementos de escenograf\u00eda: 3 Puentes, 3 barandillas grandes, 7 Barandillas peque\u00f1as, 2 escaleras peque\u00f1s y 1 grande.<\/strong><\/em><\/li>\n<\/ul>\n<p>Recuerda que puedes comprar los m\u00f3dulos <a href=\"http:\/\/www.customeeple.com\/product\/malifaux-stone-pavement-individual\/\"><strong>individualmente<\/strong><\/a>. Pero con este producto tienes ya todo lo necesario para crear una mesa de juego completa.<\/p>\n<p>Todas las piezas han sido dise\u00f1adas en colaboraci\u00f3n con Wyrd games para ser totalmente compatibles con <strong><a href=\"http:\/\/www.wyrd-games.net\/malifaux\">Malifaux<\/a>.<\/strong><\/p>\n<div class=\"moreinfo\">\n<p><strong>Material:<\/strong>\u00a0Dm y Cart\u00f3n dealta densidad<\/p>\n<p dir=\"ltr\"><strong>Espesor:<\/strong>\u00a0losetas base de 5 mm<\/p>\n<p dir=\"ltr\"><strong>Tama\u00f1o:<\/strong>\u00a030 x 30 cm y altura variable (cada m\u00f3dulo)<\/p>\n<p dir=\"ltr\"><strong>Cantidad:<\/strong>\u00a09 losetas + escenograf\u00eda<\/p>\n<p><strong>Uso: <\/strong>Escenograf\u00eda de juego para<strong>\u00a0<\/strong>\u00a0<strong><a href=\"http:\/\/www.wyrd-games.net\/malifaux\">Malifaux<\/a>.<\/strong><\/p>\n<\/div>\n<div class=\"infopreorder\"><strong>Nota:<\/strong> Este producto se vende sin pintar ni montar, necesitaras pegamento para su montaje. Miniaturas no incluidas.<\/div>\n","protected":false},"excerpt":{"rendered":"<p>Suelo modular de juego para\u00a0<strong><a href=\"http:\/\/www.wyrd-games.net\/malifaux\">Malifaux<\/a>.<\/strong><\/p>\n","protected":false},"featured_media":26817,"template":"","meta":{"_acf_changed":false},"product_brand":[],"product_cat":[926,1671,922],"product_tag":[1652],"class_list":{"0":"post-26044","1":"product","2":"type-product","3":"status-publish","4":"has-post-thumbnail","6":"product_cat-escenografia-es-2","7":"product_cat-malifaux-es-3","8":"product_cat-malifaux-es","9":"product_tag-malifaux-es-2","11":"first","12":"instock","13":"taxable","14":"shipping-taxable","15":"purchasable","16":"product-type-simple"},"exclude_global_add_ons":[],"addons":[],"acf":[],"_links":{"self":[{"href":"https:\/\/www.customeeple.com\/es\/wp-json\/wp\/v2\/product\/26044","targetHints":{"allow":["GET"]}}],"collection":[{"href":"https:\/\/www.customeeple.com\/es\/wp-json\/wp\/v2\/product"}],"about":[{"href":"https:\/\/www.customeeple.com\/es\/wp-json\/wp\/v2\/types\/product"}],"wp:featuredmedia":[{"embeddable":true,"href":"https:\/\/www.customeeple.com\/es\/wp-json\/wp\/v2\/media\/26817"}],"wp:attachment":[{"href":"https:\/\/www.customeeple.com\/es\/wp-json\/wp\/v2\/media?parent=26044"}],"wp:term":[{"taxonomy":"product_brand","embeddable":true,"href":"https:\/\/www.customeeple.com\/es\/wp-json\/wp\/v2\/product_brand?post=26044"},{"taxonomy":"product_cat","embeddable":true,"href":"https:\/\/www.customeeple.com\/es\/wp-json\/wp\/v2\/product_cat?post=26044"},{"taxonomy":"product_tag","embeddable":true,"href":"https:\/\/www.customeeple.com\/es\/wp-json\/wp\/v2\/product_tag?post=26044"}],"curies":[{"name":"wp","href":"https:\/\/api.w.org\/{rel}","templated":true}]}}