{"id":2589,"date":"2013-07-10T10:13:16","date_gmt":"2013-07-10T10:13:16","guid":{"rendered":"http:\/\/www.customeeple.com\/product\/galaxy-playmat-copiar-2\/"},"modified":"2025-01-29T01:13:53","modified_gmt":"2025-01-29T00:13:53","slug":"galaxy-playmat-copiar","status":"publish","type":"product","link":"https:\/\/www.customeeple.com\/es\/producto\/galaxy-playmat-copiar\/","title":{"rendered":"Tapete de Fuegos Artificiales (50cmx50cm)"},"content":{"rendered":"<div id=\"tab-description\">\n<p>Tapete de juego con la imagen de un cielo estrellado con una ret\u00edcula superpuesta que nos permite mejorar la experiencia de cualquier juego de fuegos artificiales. La rejilla hace m\u00e1s f\u00e1cil encajar las cartas. Puedes elegir entre <strong>3<\/strong><b>\u00a0dise\u00f1os diferentes<\/b>.<\/p>\n<p>El tapete esta impreso en<strong> Lona PVC,<\/strong> un material flexible y f\u00e1cilmente transportable.<\/p>\n<p>Pensamos que es una estupendo a\u00f1adido para cualquier partida de <strong><a href=\"http:\/\/boardgamegeek.com\/boardgame\/98778\/hanabi\">Hanabi,<\/a><\/strong>\u00a0pues los espacios est\u00e1n listo para hacer tus cadenas de fuegos artificiales, reservando espacios para el mazo de cartas, el descarte, las pistas disponibles y las pistas usadas. Todo esto ayuda a los nuevos jugadores y hace m\u00e1s inmersiva la partida para los jugadores habituales.<\/p>\n<p><strong>Material:<\/strong>\u00a0Lona PVC<\/p>\n<p><strong>Tama\u00f1o:<\/strong>\u00a050cmx50cm<\/p>\n<p><strong>Cantidad:<\/strong>\u00a01<\/p>\n<p><strong>Uso:\u00a0<\/strong>Contiene una ret\u00edcula para 25 cartas, as\u00ed como 4 espacios reservados, lo que lo hace perfecto para el\u00a0juego de mesa <strong><a href=\"http:\/\/boardgamegeek.com\/boardgame\/98778\/hanabi\">Hanabi<\/a>.<\/strong><\/p>\n<p><strong>Dise\u00f1os disponibles:<\/strong>\u00a0A: Ciudad y cielo estrellado, B: cielo con fuegos artificiales, C: cielo y pagodas.<\/p>\n<p>*<strong><a href=\"http:\/\/boardgamegeek.com\/boardgame\/98778\/hanabi\">Hanabi<\/a>\u00a0<\/strong>es un juego de\u00a0<a href=\"http:\/\/boardgamegeek.com\/boardgamedesigner\/9714\/antoine-bauza\">Antoine Bauza<\/a>,\u00a0publicado por\u00a0<a href=\"http:\/\/boardgamegeek.com\/boardgamepublisher\/29\/abacusspiele\">ABACUSSPIELE<\/a>.\u00a0<strong>Customeeple<\/strong>\u00a0no mantiene ninguna relaci\u00f3n con\u00a0<a href=\"http:\/\/boardgamegeek.com\/boardgamepublisher\/29\/abacusspiele\">ABACUSSPIELE<\/a>\u00a0y este producto no est\u00e1 de ninguna manera patrocinado por ellos.<\/p>\n<\/div>\n<\/div>\n","protected":false},"excerpt":{"rendered":"<p>Tapete con la imagen de una ciudad de noche, tiene una ret\u00edcula para las cartas, compatible con el juego <a href=\"http:\/\/boardgamegeek.com\/boardgame\/98778\/hanabi\"><b>Hanabi<\/b>,<\/a><\/p>\n","protected":false},"featured_media":3718,"template":"","meta":{"_acf_changed":false},"product_brand":[],"product_cat":[79],"product_tag":[705],"class_list":{"0":"post-2589","1":"product","2":"type-product","3":"status-publish","4":"has-post-thumbnail","6":"product_cat-tapete","7":"product_tag-hanabi-es-2","8":"product_shipping_class-bigtube","10":"first","11":"instock","12":"taxable","13":"shipping-taxable","14":"purchasable","15":"product-type-variable"},"exclude_global_add_ons":[],"addons":[],"acf":[],"_links":{"self":[{"href":"https:\/\/www.customeeple.com\/es\/wp-json\/wp\/v2\/product\/2589","targetHints":{"allow":["GET"]}}],"collection":[{"href":"https:\/\/www.customeeple.com\/es\/wp-json\/wp\/v2\/product"}],"about":[{"href":"https:\/\/www.customeeple.com\/es\/wp-json\/wp\/v2\/types\/product"}],"wp:featuredmedia":[{"embeddable":true,"href":"https:\/\/www.customeeple.com\/es\/wp-json\/wp\/v2\/media\/3718"}],"wp:attachment":[{"href":"https:\/\/www.customeeple.com\/es\/wp-json\/wp\/v2\/media?parent=2589"}],"wp:term":[{"taxonomy":"product_brand","embeddable":true,"href":"https:\/\/www.customeeple.com\/es\/wp-json\/wp\/v2\/product_brand?post=2589"},{"taxonomy":"product_cat","embeddable":true,"href":"https:\/\/www.customeeple.com\/es\/wp-json\/wp\/v2\/product_cat?post=2589"},{"taxonomy":"product_tag","embeddable":true,"href":"https:\/\/www.customeeple.com\/es\/wp-json\/wp\/v2\/product_tag?post=2589"}],"curies":[{"name":"wp","href":"https:\/\/api.w.org\/{rel}","templated":true}]}}