{"id":25798,"date":"2017-02-12T13:07:23","date_gmt":"2017-02-12T11:07:24","guid":{"rendered":"http:\/\/www.customeeple.com\/es\/producto\/organizador-compatible-con-masmorra-1\/"},"modified":"2025-01-28T21:39:00","modified_gmt":"2025-01-28T20:39:00","slug":"organizador-compatible-con-masmorra-1","status":"publish","type":"product","link":"https:\/\/www.customeeple.com\/es\/producto\/organizador-compatible-con-masmorra-1\/","title":{"rendered":"Organizador compatible con Masmorra"},"content":{"rendered":"<p>Una\u00a0bandejas organizadoras de metacrilato transparente para tener ordenados las piezas de tus juegos.<\/p>\n<p>\u00a1Mant\u00e9n tu cubos a salvo de los ocasionales golpes en la mesa!<\/p>\n<p>Las bandejas encajan a la perfecci\u00f3n con los tableros de personaje del\u00a0juego <a href=\"https:\/\/boardgamegeek.com\/boardgame\/181524\/masmorra-dungeons-arcadia\"><strong>Masmorra<\/strong><\/a><\/p>\n<div class=\"moreinfo\">\n<p><strong>Material:<\/strong>\u00a0Metacrilato transparente<\/p>\n<p><strong>Grosor:<\/strong> 2 mm<\/p>\n<p><strong>Cantidad:<\/strong>\u00a01 unidad<\/p>\n<\/div>\n<p><strong><a href=\"https:\/\/boardgamegeek.com\/boardgame\/181524\/masmorra-dungeons-arcadia\">Masmorra Dungeons of Arcadia<\/a> <\/strong>is Un juego de <strong>Daniel Alves<\/strong>\u00a0publicado por <a href=\"http:\/\/cmon.com\/\"><strong>CMON Limited<\/strong><\/a>.\u00a0<strong>Customeeple<\/strong> \u00a0no mantiene ninguna relaci\u00f3n con esa compa\u00f1ia y este producto no est\u00e1 de ninguna manera patrocinado por ellos.<\/p>\n<p>&nbsp;<\/p>\n","protected":false},"excerpt":{"rendered":"<p>Una bandejas organizadora para mejorar tu experiencia de juego<strong>\u00a0<\/strong>. Ideal para tener tus dados organizados.<\/p>\n","protected":false},"featured_media":25738,"template":"","meta":{"_acf_changed":false},"product_brand":[],"product_cat":[1370,1397],"product_tag":[1442],"class_list":{"0":"post-25798","1":"product","2":"type-product","3":"status-publish","4":"has-post-thumbnail","6":"product_cat-customeeple-es","7":"product_cat-overlay-es","8":"product_tag-overlay-es","10":"first","11":"instock","12":"taxable","13":"shipping-taxable","14":"purchasable","15":"product-type-variable"},"exclude_global_add_ons":[],"addons":[],"acf":[],"_links":{"self":[{"href":"https:\/\/www.customeeple.com\/es\/wp-json\/wp\/v2\/product\/25798","targetHints":{"allow":["GET"]}}],"collection":[{"href":"https:\/\/www.customeeple.com\/es\/wp-json\/wp\/v2\/product"}],"about":[{"href":"https:\/\/www.customeeple.com\/es\/wp-json\/wp\/v2\/types\/product"}],"wp:featuredmedia":[{"embeddable":true,"href":"https:\/\/www.customeeple.com\/es\/wp-json\/wp\/v2\/media\/25738"}],"wp:attachment":[{"href":"https:\/\/www.customeeple.com\/es\/wp-json\/wp\/v2\/media?parent=25798"}],"wp:term":[{"taxonomy":"product_brand","embeddable":true,"href":"https:\/\/www.customeeple.com\/es\/wp-json\/wp\/v2\/product_brand?post=25798"},{"taxonomy":"product_cat","embeddable":true,"href":"https:\/\/www.customeeple.com\/es\/wp-json\/wp\/v2\/product_cat?post=25798"},{"taxonomy":"product_tag","embeddable":true,"href":"https:\/\/www.customeeple.com\/es\/wp-json\/wp\/v2\/product_tag?post=25798"}],"curies":[{"name":"wp","href":"https:\/\/api.w.org\/{rel}","templated":true}]}}