{"id":25796,"date":"2017-02-12T11:56:30","date_gmt":"2017-02-12T09:56:33","guid":{"rendered":"http:\/\/www.customeeple.com\/es\/producto\/organizador-compatible-con-masmorra-5-uds-copy\/"},"modified":"2025-01-29T13:32:52","modified_gmt":"2025-01-29T12:32:52","slug":"organizador-compatible-con-masmorra-5-uds-copy-2","status":"publish","type":"product","link":"https:\/\/www.customeeple.com\/es\/producto\/organizador-compatible-con-masmorra-5-uds-copy-2\/","title":{"rendered":"Base para organizador compatible con Masmorra  (5 Uds)"},"content":{"rendered":"<p>Un set de cinco cunas de DM (madera) para usar con nuestros<a href=\"http:\/\/www.customeeple.com\/product\/masmorra-compatible-tray\/\"> <strong>organizadores\u00a0compatibles con Masmorra<\/strong><\/a>\u00a0\u00a0para tener ordenadas las piezas de tus juegos. Tan solo debes montar las dos piezas de DM para crear una estructura resistente para usar como base de nuestros <a href=\"http:\/\/www.customeeple.com\/product\/masmorra-compatible-tray\/\"><strong>organizadores<\/strong><\/a>. Puedes insertar f\u00e1cilmente el tablero de un jugador entre las planchas de DM y metacrilato. La base adem\u00e1s tiene dos espacios para las cartas de mejora de habilidades.<\/p>\n<p>Ten en cuenta que la base se vende sin montar. Necesitaras cola de carpintero para su montaje.<\/p>\n<p>Las bandejas encajan a la perfecci\u00f3n con nuestros <a href=\"http:\/\/www.customeeple.com\/product\/masmorra-compatible-tray\/\"><strong>organizadores\u00a0<\/strong><\/a>compatibles con el juego Masmorra<\/p>\n<div class=\"moreinfo\">\n<p><strong>Material:<\/strong>\u00a0DM (Madera)<\/p>\n<p><strong>Grosor:<\/strong>\u00a03mm<\/p>\n<p><strong>Cantidad:<\/strong>\u00a05 unidades.<\/p>\n<\/div>\n<p><strong><a href=\"https:\/\/boardgamegeek.com\/boardgame\/181524\/masmorra-dungeons-arcadia\">Masmorra Dungeons of Arcadia<\/a> <\/strong>is Un juego de <strong>Daniel Alves<\/strong>\u00a0publicado por <a href=\"http:\/\/cmon.com\/\"><strong>CMON Limited<\/strong><\/a>.\u00a0<strong>Customeeple<\/strong> \u00a0no mantiene ninguna relaci\u00f3n con esa compa\u00f1ia y este producto no est\u00e1 de ninguna manera patrocinado por ellos.<\/p>\n<p>&nbsp;<\/p>\n","protected":false},"excerpt":{"rendered":"<p>Set de piezas de DM para utilizar con nuestros\u00a0<strong><a href=\"http:\/\/www.customeeple.com\/product\/masmorra-compatible-tray\/\">organizadores.<\/a>\u00a0<\/strong>Utilizalos para mejorar tu experiencia de juego.<\/p>\n<p>&nbsp;<\/p>\n","protected":false},"featured_media":25819,"template":"","meta":{"_acf_changed":false},"product_brand":[],"product_cat":[1370,1397],"product_tag":[1442],"class_list":{"0":"post-25796","1":"product","2":"type-product","3":"status-publish","4":"has-post-thumbnail","6":"product_cat-customeeple-es","7":"product_cat-overlay-es","8":"product_tag-overlay-es","10":"first","11":"instock","12":"taxable","13":"shipping-taxable","14":"purchasable","15":"product-type-simple"},"exclude_global_add_ons":[],"addons":[],"acf":[],"_links":{"self":[{"href":"https:\/\/www.customeeple.com\/es\/wp-json\/wp\/v2\/product\/25796","targetHints":{"allow":["GET"]}}],"collection":[{"href":"https:\/\/www.customeeple.com\/es\/wp-json\/wp\/v2\/product"}],"about":[{"href":"https:\/\/www.customeeple.com\/es\/wp-json\/wp\/v2\/types\/product"}],"wp:featuredmedia":[{"embeddable":true,"href":"https:\/\/www.customeeple.com\/es\/wp-json\/wp\/v2\/media\/25819"}],"wp:attachment":[{"href":"https:\/\/www.customeeple.com\/es\/wp-json\/wp\/v2\/media?parent=25796"}],"wp:term":[{"taxonomy":"product_brand","embeddable":true,"href":"https:\/\/www.customeeple.com\/es\/wp-json\/wp\/v2\/product_brand?post=25796"},{"taxonomy":"product_cat","embeddable":true,"href":"https:\/\/www.customeeple.com\/es\/wp-json\/wp\/v2\/product_cat?post=25796"},{"taxonomy":"product_tag","embeddable":true,"href":"https:\/\/www.customeeple.com\/es\/wp-json\/wp\/v2\/product_tag?post=25796"}],"curies":[{"name":"wp","href":"https:\/\/api.w.org\/{rel}","templated":true}]}}