{"id":25710,"date":"2017-02-03T17:48:26","date_gmt":"2017-02-03T15:48:27","guid":{"rendered":"http:\/\/www.customeeple.com\/es\/producto\/conan-organizador-compatible\/"},"modified":"2025-01-29T15:55:20","modified_gmt":"2025-01-29T14:55:20","slug":"conan-organizador-compatible","status":"publish","type":"product","link":"https:\/\/www.customeeple.com\/es\/producto\/conan-organizador-compatible\/","title":{"rendered":"Bandejas organizadoras compatible con Conan  (4 Uds)"},"content":{"rendered":"<p>Set de cuatro bandejas organizadoras de metacrilato transparente para tener ordenados las piezas de tus juegos. \u00a1Mant\u00e9n tu piezas a salvo de los ocasionales golpes en la mesa!<\/p>\n<p>Puedes comprar las bandejas de metacrilato sueltas, o sus bases de DM o bien el pack completo.<\/p>\n<p>Las bandejas encajan a la perfecci\u00f3n con los tableros de personaje del\u00a0juego <a href=\"http:\/\/www.monolithedition.com\/conan-en\/\"><b>Conan<\/b><\/a><\/p>\n<div class=\"moreinfo\">\n<p><strong>Material:<\/strong> Metacrilato transparentey DM<\/p>\n<p><strong>Grosor:<\/strong>\u00a03mm<\/p>\n<p><strong>Cantidad:<\/strong> 4 unidades.<\/p>\n<\/div>\n<p><strong><a href=\"http:\/\/www.monolithedition.com\/conan-en\/\"><b>Conan<\/b><\/a> <\/strong>is Un juego \u00a0publicado por <a href=\"http:\/\/www.monolithedition.com\/\"><strong>Monolith Editions<\/strong>.<\/a>.\u00a0<strong>Customeeple<\/strong> \u00a0no mantiene ninguna relaci\u00f3n con esa compa\u00f1ia y este producto no est\u00e1 de ninguna manera patrocinado por ellos.<\/p>\n<p>&nbsp;<\/p>\n","protected":false},"excerpt":{"rendered":"<p>Set de bandejas organizadoras compatibles con Conan<\/p>\n","protected":false},"featured_media":25734,"template":"","meta":{"_acf_changed":false},"product_brand":[],"product_cat":[191],"product_tag":[1442],"class_list":{"0":"post-25710","1":"product","2":"type-product","3":"status-publish","4":"has-post-thumbnail","6":"product_cat-accesorios","7":"product_tag-overlay-es","9":"first","10":"instock","11":"sale","12":"taxable","13":"shipping-taxable","14":"purchasable","15":"product-type-variable"},"exclude_global_add_ons":[],"addons":[],"acf":[],"_links":{"self":[{"href":"https:\/\/www.customeeple.com\/es\/wp-json\/wp\/v2\/product\/25710","targetHints":{"allow":["GET"]}}],"collection":[{"href":"https:\/\/www.customeeple.com\/es\/wp-json\/wp\/v2\/product"}],"about":[{"href":"https:\/\/www.customeeple.com\/es\/wp-json\/wp\/v2\/types\/product"}],"wp:featuredmedia":[{"embeddable":true,"href":"https:\/\/www.customeeple.com\/es\/wp-json\/wp\/v2\/media\/25734"}],"wp:attachment":[{"href":"https:\/\/www.customeeple.com\/es\/wp-json\/wp\/v2\/media?parent=25710"}],"wp:term":[{"taxonomy":"product_brand","embeddable":true,"href":"https:\/\/www.customeeple.com\/es\/wp-json\/wp\/v2\/product_brand?post=25710"},{"taxonomy":"product_cat","embeddable":true,"href":"https:\/\/www.customeeple.com\/es\/wp-json\/wp\/v2\/product_cat?post=25710"},{"taxonomy":"product_tag","embeddable":true,"href":"https:\/\/www.customeeple.com\/es\/wp-json\/wp\/v2\/product_tag?post=25710"}],"curies":[{"name":"wp","href":"https:\/\/api.w.org\/{rel}","templated":true}]}}