{"id":25706,"date":"2017-02-03T14:13:36","date_gmt":"2017-02-03T12:13:39","guid":{"rendered":"http:\/\/www.customeeple.com\/es\/producto\/masmorra-organizador-compatible\/"},"modified":"2025-01-29T17:17:49","modified_gmt":"2025-01-29T16:17:49","slug":"masmorra-organizador-compatible","status":"publish","type":"product","link":"https:\/\/www.customeeple.com\/es\/producto\/masmorra-organizador-compatible\/","title":{"rendered":"organizador compatible con Masmorra  (5 Uds)"},"content":{"rendered":"<p>Set de cinco\u00a0bandejas organizadoras de metacrilato transparente para tener ordenados las piezas de tus juegos.<\/p>\n<p>\u00a1Mant\u00e9n tu cubos a salvo de los ocasionales golpes en la mesa!<\/p>\n<p>Las bandejas encajan a la perfecci\u00f3n con los tableros de personaje del\u00a0juego <a href=\"https:\/\/boardgamegeek.com\/boardgame\/181524\/masmorra-dungeons-arcadia\"><strong>Masmorra<\/strong><\/a><\/p>\n<div class=\"moreinfo\">\n<p><strong>Material:<\/strong>\u00a0Metacrilato transparente<\/p>\n<p><strong>Grosor:<\/strong> 2 mm<\/p>\n<p><strong>Cantidad:<\/strong>\u00a05 unidades.<\/p>\n<\/div>\n<p><strong><a href=\"https:\/\/boardgamegeek.com\/boardgame\/181524\/masmorra-dungeons-arcadia\">Masmorra Dungeons of Arcadia<\/a> <\/strong>is Un juego de <strong>Daniel Alves<\/strong>\u00a0publicado por <a href=\"http:\/\/cmon.com\/\"><strong>CMON Limited<\/strong><\/a>.\u00a0<strong>Customeeple<\/strong> \u00a0no mantiene ninguna relaci\u00f3n con esa compa\u00f1ia y este producto no est\u00e1 de ninguna manera patrocinado por ellos.<\/p>\n<p>&nbsp;<\/p>\n","protected":false},"excerpt":{"rendered":"<p>Set de bandejas organizadoras para mejorar tu experiencia de juego<strong>\u00a0<\/strong>. Ideal para tener tus dados organizados.<\/p>\n","protected":false},"featured_media":25825,"template":"","meta":{"_acf_changed":false},"product_brand":[],"product_cat":[1370,1397],"product_tag":[1442],"class_list":{"0":"post-25706","1":"product","2":"type-product","3":"status-publish","4":"has-post-thumbnail","6":"product_cat-customeeple-es","7":"product_cat-overlay-es","8":"product_tag-overlay-es","10":"first","11":"instock","12":"taxable","13":"shipping-taxable","14":"purchasable","15":"product-type-simple"},"exclude_global_add_ons":[],"addons":[],"acf":[],"_links":{"self":[{"href":"https:\/\/www.customeeple.com\/es\/wp-json\/wp\/v2\/product\/25706","targetHints":{"allow":["GET"]}}],"collection":[{"href":"https:\/\/www.customeeple.com\/es\/wp-json\/wp\/v2\/product"}],"about":[{"href":"https:\/\/www.customeeple.com\/es\/wp-json\/wp\/v2\/types\/product"}],"wp:featuredmedia":[{"embeddable":true,"href":"https:\/\/www.customeeple.com\/es\/wp-json\/wp\/v2\/media\/25825"}],"wp:attachment":[{"href":"https:\/\/www.customeeple.com\/es\/wp-json\/wp\/v2\/media?parent=25706"}],"wp:term":[{"taxonomy":"product_brand","embeddable":true,"href":"https:\/\/www.customeeple.com\/es\/wp-json\/wp\/v2\/product_brand?post=25706"},{"taxonomy":"product_cat","embeddable":true,"href":"https:\/\/www.customeeple.com\/es\/wp-json\/wp\/v2\/product_cat?post=25706"},{"taxonomy":"product_tag","embeddable":true,"href":"https:\/\/www.customeeple.com\/es\/wp-json\/wp\/v2\/product_tag?post=25706"}],"curies":[{"name":"wp","href":"https:\/\/api.w.org\/{rel}","templated":true}]}}