{"id":2548,"date":"2013-04-28T12:00:35","date_gmt":"2013-07-04T14:30:59","guid":{"rendered":"http:\/\/www.customeeple.com\/?post_type=product&#038;p=2548"},"modified":"2025-07-28T09:16:34","modified_gmt":"2025-07-28T08:16:34","slug":"2548","status":"publish","type":"product","link":"https:\/\/www.customeeple.com\/es\/producto\/2548\/","title":{"rendered":"Tapete de Galaxia (62cmx64cm)"},"content":{"rendered":"<p>Un tapete de juego con la imagen de una galaxia con una red de hex\u00e1gonos superpuesta que puede ser usado para mejorar la experiencia de juego de cualquier juego gal\u00e1ctico. La rejilla hace m\u00e1s f\u00e1cil encajar en el losetas hexagonales. Puedes elegir entre <b>2 dise\u00f1os diferentes<\/b>.<\/p>\n<p>Nuestro tapete de juego destaca por su excepcional construcci\u00f3n. Hecho de material de\u00a0 Lona Vynilico exterior de alta calidad, es flexible, port\u00e1til y duradero. Sum\u00e9rgete en el mundo de Star Wars mientras el tapete de juego agrega una dimensi\u00f3n visualmente impresionante a tu mesa.<\/p>\n<p>Pensamos que es una estupendo a\u00f1adido a cualquier juego de civilizaciones gal\u00e1cticas como <b><a href=\"http:\/\/boardgamegeek.com\/boardgame\/72125\/eclipse\">Eclipse,<\/a><\/b> pues la rejilla encaja perfectamente con las losetas del juego y ayuda a los nuevos jugadores.<\/p>\n<p>Tambi\u00e9n contiene una peque\u00f1a ayuda para indicar como realizar un despliegue equilibrado seg\u00fan el n\u00famero de jugadores<\/p>\n<p><strong>Material:<\/strong> Lona Vynilica<\/p>\n<p><strong>Tama\u00f1o:<\/strong>\u00a062cmx64cm<\/p>\n<p><strong>Cantidad:<\/strong>\u00a01<\/p>\n<p><strong>Uso: <\/strong>Contiene un rejilla con 37 hex\u00e1gonos, perfecto para jugar a cualquier juego gal\u00e1ctico con fichas hexagonales.<\/p>\n<p>*<strong><a href=\"http:\/\/boardgamegeek.com\/boardgame\/72125\/eclipse\">Eclipse<\/a> <\/strong>is Un juego de <a href=\"http:\/\/boardgamegeek.com\/boardgamedesigner\/13000\/touko-tahkokallio\">Touko Tahkokallio<\/a> publicado por <a href=\"http:\/\/boardgamegeek.com\/boardgamepublisher\/3218\/lautapelit-fi\">Lautapelit.fi<\/a>. <strong>Customeeple<\/strong> no mantiene ninguna relaci\u00f3n con lautpelit.fi y este producto no est\u00e1 de ninguna manera patrocinado por ellos.<\/p>\n<p>&nbsp;<\/p>\n","protected":false},"excerpt":{"rendered":"<p>Tapete del juego con la imagen de una galaxia en espiral, tiene una rejilla de hex\u00e1gonos que lo hace perfecto para <strong><a href=\"http:\/\/boardgamegeek.com\/boardgame\/72125\/eclipse\">Eclipse<\/a>\u00a0<\/strong><\/p>\n","protected":false},"featured_media":3673,"template":"","meta":{"_acf_changed":false},"product_brand":[],"product_cat":[79],"product_tag":[694],"class_list":{"0":"post-2548","1":"product","2":"type-product","3":"status-publish","4":"has-post-thumbnail","6":"product_cat-tapete","7":"product_tag-eclipse-es-2","8":"product_shipping_class-bigtube","9":"pa_design-diseno-a","10":"pa_design-diseno-b","12":"first","13":"instock","14":"taxable","15":"shipping-taxable","16":"purchasable","17":"product-type-variable"},"exclude_global_add_ons":[],"addons":[],"acf":[],"_links":{"self":[{"href":"https:\/\/www.customeeple.com\/es\/wp-json\/wp\/v2\/product\/2548","targetHints":{"allow":["GET"]}}],"collection":[{"href":"https:\/\/www.customeeple.com\/es\/wp-json\/wp\/v2\/product"}],"about":[{"href":"https:\/\/www.customeeple.com\/es\/wp-json\/wp\/v2\/types\/product"}],"wp:featuredmedia":[{"embeddable":true,"href":"https:\/\/www.customeeple.com\/es\/wp-json\/wp\/v2\/media\/3673"}],"wp:attachment":[{"href":"https:\/\/www.customeeple.com\/es\/wp-json\/wp\/v2\/media?parent=2548"}],"wp:term":[{"taxonomy":"product_brand","embeddable":true,"href":"https:\/\/www.customeeple.com\/es\/wp-json\/wp\/v2\/product_brand?post=2548"},{"taxonomy":"product_cat","embeddable":true,"href":"https:\/\/www.customeeple.com\/es\/wp-json\/wp\/v2\/product_cat?post=2548"},{"taxonomy":"product_tag","embeddable":true,"href":"https:\/\/www.customeeple.com\/es\/wp-json\/wp\/v2\/product_tag?post=2548"}],"curies":[{"name":"wp","href":"https:\/\/api.w.org\/{rel}","templated":true}]}}