{"id":25395,"date":"2016-12-12T14:58:00","date_gmt":"2016-12-12T13:58:00","guid":{"rendered":"http:\/\/www.customeeple.com\/es\/producto\/agente_grulla\/"},"modified":"2021-08-06T10:29:29","modified_gmt":"2021-08-06T09:29:29","slug":"agente_grulla","status":"publish","type":"product","link":"https:\/\/www.customeeple.com\/es\/producto\/agente_grulla\/","title":{"rendered":"Agente Grulla Giraldez Base top"},"content":{"rendered":"<p>Una base especial para la miniatura de\u00a0<strong><a href=\"http:\/\/www.infinitythegame.com\/infinity\/en\">Infinity<\/a><\/strong>\u00a0<strong>\u00a0Agente Grulla<\/strong>.Incluida promocionalmente en el libro\u00a0<strong><a href=\"http:\/\/www.customeeple.com\/product\/angel-giraldez-v2\/\">Angel Giraldez\u00b4s Masterclass V2<\/a><\/strong><\/p>\n<p>Nuestras Cubiertas de bases son perfectas para mejorar el aspecto de tus miniaturas de\u00a0<strong><a href=\"http:\/\/infinitythegame.com\/\" target=\"_blank\" rel=\"noopener\">Infinity\u00a0<\/a>,\u00a0<\/strong>\u00a0han sido dise\u00f1adas en colaboraci\u00f3n con \u00a0<strong><a href=\"http:\/\/studiogiraldez.blogspot.com.es\/\">Angel Giraldez<\/a>\u00a0<\/strong>y son identicas a las de las fotos oficiales de\u00a0<strong><strong><a href=\"http:\/\/infinitythegame.com\/\" target=\"_blank\" rel=\"noopener\">Infinity\u00a0<\/a><\/strong><\/strong><\/p>\n<p>Cubre la base \u00a0de la miniatura con esta cubierta de base especial con varios escalones grabada con un dise\u00f1o exclusivo. El dise\u00f1o es el mismo que en el de las fotos oficiales con lo que tu miniatura quedara id\u00e9ntica. Aunque tambien puedes emplear la base con cualquier otra miniatura de tu coalecci\u00f3n que quieras hacer destacar.<\/p>\n<p>&nbsp;<\/p>\n<div class=\"moreinfo\">\n<p><strong>Material: <\/strong>DM y\u00a0HDC<\/p>\n<p><strong>Espesor:<\/strong>\u00a02,5 mm<\/p>\n<p><strong>Tama\u00f1o:<\/strong> 25 mm<\/p>\n<p><strong>Cantidad: <\/strong>1 base<\/p>\n<p><strong>Uso:<\/strong>\u00a0Como recubrimiento decorativo de tus bases de \u00a0<strong><a href=\"http:\/\/www.infinitythegame.com\/infinity\/en\">Infinity<\/a><\/strong><\/p>\n<\/div>\n<div class=\"infopreorder\"><strong>Nota:<\/strong>\u00a0La miniatura no esta incluida. Necesitas pegamento para pegar las dos piezas y pegarlas a la base<\/div>\n<p>&nbsp;<\/p>\n","protected":false},"excerpt":{"rendered":"<p>Una base especial para la miniatura de\u00a0<strong><a href=\"http:\/\/www.infinitythegame.com\/infinity\/en\">Infinity<\/a><\/strong>\u00a0<strong>Agente grulla\u00a0<\/strong>del libro\u00a0 <strong><a href=\"http:\/\/www.customeeple.com\/product\/angel-giraldez-v2\/\">Angel Giraldez\u00b4s Masterclass v2\u00a0<\/a><\/strong><\/p>\n","protected":false},"featured_media":26568,"template":"","meta":{"_acf_changed":false},"product_brand":[],"product_cat":[881,350,304,1370,291,1394,2360],"product_tag":[704,646,306],"class_list":{"0":"post-25395","1":"product","2":"type-product","3":"status-publish","4":"has-post-thumbnail","6":"product_cat-angiraldez","7":"product_cat-bases-es-infinity-es-2","8":"product_cat-bases-es","9":"product_cat-customeeple-es","10":"product_cat-infinity-es-2","11":"product_cat-infinity-es","12":"product_cat-productos-oficiales","13":"product_tag-giraldez-es-2","14":"product_tag-infinity-es-2","15":"product_tag-infinity-the-game-es-2","17":"first","18":"instock","19":"taxable","20":"shipping-taxable","21":"purchasable","22":"product-type-simple"},"exclude_global_add_ons":[],"addons":[],"acf":[],"_links":{"self":[{"href":"https:\/\/www.customeeple.com\/es\/wp-json\/wp\/v2\/product\/25395","targetHints":{"allow":["GET"]}}],"collection":[{"href":"https:\/\/www.customeeple.com\/es\/wp-json\/wp\/v2\/product"}],"about":[{"href":"https:\/\/www.customeeple.com\/es\/wp-json\/wp\/v2\/types\/product"}],"wp:featuredmedia":[{"embeddable":true,"href":"https:\/\/www.customeeple.com\/es\/wp-json\/wp\/v2\/media\/26568"}],"wp:attachment":[{"href":"https:\/\/www.customeeple.com\/es\/wp-json\/wp\/v2\/media?parent=25395"}],"wp:term":[{"taxonomy":"product_brand","embeddable":true,"href":"https:\/\/www.customeeple.com\/es\/wp-json\/wp\/v2\/product_brand?post=25395"},{"taxonomy":"product_cat","embeddable":true,"href":"https:\/\/www.customeeple.com\/es\/wp-json\/wp\/v2\/product_cat?post=25395"},{"taxonomy":"product_tag","embeddable":true,"href":"https:\/\/www.customeeple.com\/es\/wp-json\/wp\/v2\/product_tag?post=25395"}],"curies":[{"name":"wp","href":"https:\/\/api.w.org\/{rel}","templated":true}]}}