{"id":2538,"date":"2023-01-04T13:37:30","date_gmt":"2013-07-04T14:45:17","guid":{"rendered":"http:\/\/www.customeeple.com\/?post_type=product&#038;p=2538"},"modified":"2023-01-13T10:48:55","modified_gmt":"2023-01-13T09:48:55","slug":"2538","status":"publish","type":"product","link":"https:\/\/www.customeeple.com\/es\/producto\/2538\/","title":{"rendered":"Tapete de juego de lienzo personalizado"},"content":{"rendered":"<p>Un tapete de juego dise\u00f1ado por ti. Podemos imprimir la imagen que desees, el tapete esta hecho en lienzo, un material de <strong>alta calidad<\/strong>,\u00a0 <strong>alta durabilidad<\/strong> y muy resistente a los ara\u00f1azos, para que aguante\u00a0 en buen estado. Es un fant\u00e1stico a\u00f1adido a cualquier juego como tapete en el que a\u00f1adir datos relevantes para tu juego favorito. <\/p>\n<p><strong>Impresi\u00f3n:<\/strong> Tu dise\u00f1o <strong>Material<\/strong>: Lienzo<br \/>\n<strong>Cantidad:<\/strong>\u00a01<\/p>\n<div class=\"infopreorder\"><strong>Ten en consideraci\u00f3n que este tapete es una plantilla vac\u00eda, debes enviarnos el dise\u00f1o que quieres imprimir<\/strong>. Cuando hagas tu pedido aparecer\u00e1 la opci\u00f3n de subir un archivo en la p\u00e1gina de detalles del pedido. Pero si prefieres enviarnos el archivo por email cuenta que el tama\u00f1o m\u00ednimo debe ser de 4000&#215;4000 pixeles<\/div>\n<p>&nbsp;<\/p>\n<div class=\"moreinfo\">Si no cuentas con la habilidad, o la paciencia para preparar el archivo, no dudes en contactar con nosotros y por un peque\u00f1o extra podemos preparar exactamente lo que necesitas.<\/div>\n","protected":false},"excerpt":{"rendered":"<p>Un tapete de lienzo en blanco, en el que puedes imprimir cualquier cosa.<\/p>\n","protected":false},"featured_media":3682,"template":"","meta":{"_acf_changed":false},"product_brand":[],"product_cat":[79],"product_tag":[694,649,278],"class_list":{"0":"post-2538","1":"product","2":"type-product","3":"status-publish","4":"has-post-thumbnail","6":"product_cat-tapete","7":"product_tag-eclipse-es-2","8":"product_tag-netrunner-es-2","9":"product_tag-personalizado-2","10":"product_shipping_class-bigtube","12":"first","13":"instock","14":"taxable","15":"shipping-taxable","16":"purchasable","17":"product-type-variable"},"exclude_global_add_ons":false,"addons":[{"name":"File Upload","type":"heading","position":0,"required":false,"title_format":"label","default":"","description_enable":false,"description":"","placeholder_enable":false,"placeholder":"","display":"select","restrictions_type":"any_text","adjust_price":false,"price":"","price_type":"","restrictions":false,"min":"0","max":"0","options":[]},{"name":"The files need to be at least of: 4000\u00d74000 px","type":"file_upload","position":0,"required":false,"title_format":"label","default":"","description_enable":false,"description":"","placeholder_enable":false,"placeholder":"","display":"select","restrictions_type":"","adjust_price":false,"price":"","price_type":"quantity_based","restrictions":false,"min":"","max":"","options":[]}],"acf":[],"_links":{"self":[{"href":"https:\/\/www.customeeple.com\/es\/wp-json\/wp\/v2\/product\/2538","targetHints":{"allow":["GET"]}}],"collection":[{"href":"https:\/\/www.customeeple.com\/es\/wp-json\/wp\/v2\/product"}],"about":[{"href":"https:\/\/www.customeeple.com\/es\/wp-json\/wp\/v2\/types\/product"}],"wp:featuredmedia":[{"embeddable":true,"href":"https:\/\/www.customeeple.com\/es\/wp-json\/wp\/v2\/media\/3682"}],"wp:attachment":[{"href":"https:\/\/www.customeeple.com\/es\/wp-json\/wp\/v2\/media?parent=2538"}],"wp:term":[{"taxonomy":"product_brand","embeddable":true,"href":"https:\/\/www.customeeple.com\/es\/wp-json\/wp\/v2\/product_brand?post=2538"},{"taxonomy":"product_cat","embeddable":true,"href":"https:\/\/www.customeeple.com\/es\/wp-json\/wp\/v2\/product_cat?post=2538"},{"taxonomy":"product_tag","embeddable":true,"href":"https:\/\/www.customeeple.com\/es\/wp-json\/wp\/v2\/product_tag?post=2538"}],"curies":[{"name":"wp","href":"https:\/\/api.w.org\/{rel}","templated":true}]}}