{"id":25143,"date":"2016-12-01T19:06:59","date_gmt":"2016-12-01T17:06:59","guid":{"rendered":"http:\/\/www.customeeple.com\/es\/producto\/estadio-dreadball-zona-anotacion\/"},"modified":"2017-03-27T10:17:53","modified_gmt":"2017-03-27T08:17:53","slug":"estadio-dreadball-zona-anotacion","status":"publish","type":"product","link":"https:\/\/www.customeeple.com\/es\/producto\/estadio-dreadball-zona-anotacion\/","title":{"rendered":"\u00abEstadio Dreadball\u00bb Zonas de anotaci\u00f3n (3 Uds)"},"content":{"rendered":"<p>\u00bfHas ascendido de\u00a0liga?. \u00bfTu presupuesto esta ahora plenamente saneado? Ahora es el momento de gastar unos cuantos millones de cr\u00e9ditos y mejorar tu viejo campo. Nuestra linea de escenograf\u00eda \u00abEstadio Dreadball\u00bb es lo que necesitas.<\/p>\n<p>Un set de zonas de anotaci\u00f3n para tu partidos de\u00a0<strong><a href=\"http:\/\/www.manticgames.com\/mantic-shop\/dreadball.html\">Dreadball<\/a>. <\/strong>Cada producto contiene 3 zonas de anotacion y una porteria holografica que puedes extraer facilmente. Simplemente insertala en una de las zonas de activaci\u00f3n cuando la actives.<\/p>\n<p>Puedes escoger el color de las zonas e incluso a\u00f1adir el nombre de tu equipo grabado. SI quieres a\u00f1adir algo mas complejo como un logo del equipo <a href=\"\/?page_id=641\"><strong>contacta<\/strong><\/a> con nosotros.<\/p>\n<p>Recuerda que si no estas seguro de c\u00faal es el color id\u00f3neo para tus piezas puedes consultar nuestra p\u00e1gina de <em><a href=\"\/?page_id=8154\"><strong>materiales<\/strong><\/a><\/em><\/p>\n<p>Todas las piezas han sido dise\u00f1adas en colaboraci\u00f3n con\u00a0<b><a href=\"http:\/\/www.manticgames.com\/home.html\">Mantic Games<\/a>\u00a0<\/b>para ser totalmente compatibles con <strong><a href=\"http:\/\/www.manticgames.com\/mantic-shop\/dreadball.html\">Dreadball<\/a>\u00a0<\/strong>primera edici\u00f3n.<\/p>\n<p>&nbsp;<\/p>\n<div class=\"moreinfo\">\n<p><strong style=\"font-size: 14px; line-height: 1.5em;\">Material: <\/strong>Metacrilato fluorescente<\/p>\n<p dir=\"ltr\"><strong>Espesor:<\/strong>\u00a03 mm<\/p>\n<p dir=\"ltr\"><strong>Tama\u00f1o: <\/strong>12,5 x 7\u00a0x 5<\/p>\n<p dir=\"ltr\"><strong>Cantidad:<\/strong>\u00a03 zonas de anotaci\u00f3n<\/p>\n<p><strong>Uso:<\/strong>\u00a0Escenograf\u00eda compatible con\u00a0<strong><a href=\"http:\/\/www.manticgames.com\/mantic-shop\/dreadball.html\">Dreadball<\/a>\u00a0<\/strong><\/p>\n<\/div>\n<div class=\"infopreorder\"><strong>Nota:<\/strong>\u00a0Miniaturas y accesorios no incluidos. El producto se vende sin montar ni pintar, necesitaras pegamento para ensamblarlas. El color del metacrilato de las piezas puede variar ligeramente al de las fotos<\/div>\n","protected":false},"excerpt":{"rendered":"<p>Escenograf\u00eda para tus partidas de\u00a0<strong><a href=\"http:\/\/www.manticgames.com\/mantic-shop\/dreadball.html\">Dreadball<\/a>\u00a0<\/strong><\/p>\n","protected":false},"featured_media":25318,"template":"","meta":{"_acf_changed":false},"product_brand":[],"product_cat":[191,1370,1073,78],"product_tag":[655],"class_list":{"0":"post-25143","1":"product","2":"type-product","3":"status-publish","4":"has-post-thumbnail","6":"product_cat-accesorios","7":"product_cat-customeeple-es","8":"product_cat-dreadball-es","9":"product_cat-meeple-2","10":"product_tag-dreadball-es","11":"pa_methacrylate-colors-amarill-fluor-mfye","12":"pa_methacrylate-colors-azul-fluor-mfbl-es","13":"pa_methacrylate-colors-naranja-fluor-mfor","14":"pa_methacrylate-colors-magenta-fluor-mfma-es","15":"pa_methacrylate-colors-smoke-grey-mtsm","16":"pa_methacrylate-colors-verde-fluor-mfgr","18":"first","19":"instock","20":"taxable","21":"shipping-taxable","22":"purchasable","23":"product-type-variable"},"exclude_global_add_ons":[],"addons":[],"acf":[],"_links":{"self":[{"href":"https:\/\/www.customeeple.com\/es\/wp-json\/wp\/v2\/product\/25143","targetHints":{"allow":["GET"]}}],"collection":[{"href":"https:\/\/www.customeeple.com\/es\/wp-json\/wp\/v2\/product"}],"about":[{"href":"https:\/\/www.customeeple.com\/es\/wp-json\/wp\/v2\/types\/product"}],"wp:featuredmedia":[{"embeddable":true,"href":"https:\/\/www.customeeple.com\/es\/wp-json\/wp\/v2\/media\/25318"}],"wp:attachment":[{"href":"https:\/\/www.customeeple.com\/es\/wp-json\/wp\/v2\/media?parent=25143"}],"wp:term":[{"taxonomy":"product_brand","embeddable":true,"href":"https:\/\/www.customeeple.com\/es\/wp-json\/wp\/v2\/product_brand?post=25143"},{"taxonomy":"product_cat","embeddable":true,"href":"https:\/\/www.customeeple.com\/es\/wp-json\/wp\/v2\/product_cat?post=25143"},{"taxonomy":"product_tag","embeddable":true,"href":"https:\/\/www.customeeple.com\/es\/wp-json\/wp\/v2\/product_tag?post=25143"}],"curies":[{"name":"wp","href":"https:\/\/api.w.org\/{rel}","templated":true}]}}