{"id":25131,"date":"2016-12-01T19:01:15","date_gmt":"2016-12-01T17:01:16","guid":{"rendered":"http:\/\/www.customeeple.com\/es\/producto\/estadio-dreadball-banquillos\/"},"modified":"2017-03-27T10:03:23","modified_gmt":"2017-03-27T08:03:23","slug":"estadio-dreadball-banquillos","status":"publish","type":"product","link":"https:\/\/www.customeeple.com\/es\/producto\/estadio-dreadball-banquillos\/","title":{"rendered":"\u00abEstadio Dreadball\u00bb Banquillos"},"content":{"rendered":"<p>\u00bfHas ascendido de\u00a0liga?. \u00bfTu presupuesto esta ahora plenamente saneado? Ahora es el momento de gastar unos cuantos millones de cr\u00e9ditos y mejorar tu viejo campo. Nuestra linea de escenograf\u00eda \u00abEstadio Dreadball\u00bb es lo que necesitas.<\/p>\n<p>Este producto contiene un banquillo para tus partidos de\u00a0<strong><a href=\"http:\/\/www.manticgames.com\/mantic-shop\/dreadball.html\">Dreadball<\/a>. <\/strong>El banquillo trae dos secciones: una para tus jugadores activos y una enfermer\u00eda con tres estancias para todos tus lesionados<strong>. <\/strong>Ambas secciones pueden unirse para crear un banquillo completo que encaja perfectamente en un campo de juego de<strong>\u00a0<a href=\"http:\/\/www.manticgames.com\/mantic-shop\/dreadball.html\">Dreadball<\/a>\u00a0<\/strong>de la primera edici\u00f3n.<\/p>\n<p>Puedes escoger el color de tus cristales protectores del banquillo e incluso grabar el nombre de tu equipo para personalizarlo completamente.\u00a0Recuerda que si no estas seguro de c\u00faal es el color id\u00f3neo para tus piezas puedes consultar nuestra p\u00e1gina de <em><a href=\"\/?page_id=8154\"><strong>materiales<\/strong><\/a><\/em><\/p>\n<p>Todas las piezas han sido dise\u00f1adas en colaboraci\u00f3n con\u00a0<b><a href=\"http:\/\/www.manticgames.com\/home.html\">Mantic Games<\/a>\u00a0<\/b>para ser totalmente compatibles con <strong><a href=\"http:\/\/www.manticgames.com\/mantic-shop\/dreadball.html\">Dreadball<\/a><\/strong><\/p>\n<p>&nbsp;<\/p>\n<div class=\"moreinfo\">\n<p><strong style=\"font-size: 14px; line-height: 1.5em;\">Material:\u00a0<\/strong>MDF<\/p>\n<p dir=\"ltr\"><strong>Espesor:<\/strong>\u00a02,5 mm<\/p>\n<p dir=\"ltr\"><strong>Tama\u00f1o: <\/strong>7,5 x 20,5 x 5,5 (cada secci\u00f3n de banquillo)<\/p>\n<p dir=\"ltr\"><strong>Cantidad:\u00a0<\/strong>1\u00a0banquillo para\u00a0<strong><a href=\"http:\/\/www.manticgames.com\/mantic-shop\/dreadball.html\">Dreadball<\/a><\/strong><\/p>\n<p><strong>Uso:<\/strong>\u00a0Escenograf\u00eda compatible con <strong><a href=\"http:\/\/www.manticgames.com\/mantic-shop\/dreadball.html\">Dreadball<\/a><\/strong><\/p>\n<\/div>\n<div class=\"infopreorder\"><strong>Nota:<\/strong> Miniaturas y accesorios no incluidos. Este producto se vende sin montar ni pintar y necesita pegamento para su montaje. El color de las piezas de metacrilato puede variar ligeramente del de las fotos.<\/div>\n","protected":false},"excerpt":{"rendered":"<p>Edificio de escenograf\u00eda para <strong><a href=\"http:\/\/www.manticgames.com\/mantic-shop\/dreadball.html\">Dreadball<\/a><\/strong><\/p>\n","protected":false},"featured_media":25241,"template":"","meta":{"_acf_changed":false},"product_brand":[],"product_cat":[1370,1073,1399],"product_tag":[655],"class_list":{"0":"post-25131","1":"product","2":"type-product","3":"status-publish","4":"has-post-thumbnail","6":"product_cat-customeeple-es","7":"product_cat-dreadball-es","8":"product_cat-escenografia-es","9":"product_tag-dreadball-es","10":"pa_methacrylate-colors-amarill-fluor-mfye","11":"pa_methacrylate-colors-azul-fluor-mfbl-es","12":"pa_methacrylate-colors-naranja-fluor-mfor","13":"pa_methacrylate-colors-magenta-fluor-mfma-es","14":"pa_methacrylate-colors-smoke-grey-mtsm","15":"pa_methacrylate-colors-transparente-mttr","16":"pa_methacrylate-colors-verde-fluor-mfgr","18":"first","19":"instock","20":"taxable","21":"shipping-taxable","22":"purchasable","23":"product-type-variable"},"exclude_global_add_ons":[],"addons":[],"acf":[],"_links":{"self":[{"href":"https:\/\/www.customeeple.com\/es\/wp-json\/wp\/v2\/product\/25131","targetHints":{"allow":["GET"]}}],"collection":[{"href":"https:\/\/www.customeeple.com\/es\/wp-json\/wp\/v2\/product"}],"about":[{"href":"https:\/\/www.customeeple.com\/es\/wp-json\/wp\/v2\/types\/product"}],"wp:featuredmedia":[{"embeddable":true,"href":"https:\/\/www.customeeple.com\/es\/wp-json\/wp\/v2\/media\/25241"}],"wp:attachment":[{"href":"https:\/\/www.customeeple.com\/es\/wp-json\/wp\/v2\/media?parent=25131"}],"wp:term":[{"taxonomy":"product_brand","embeddable":true,"href":"https:\/\/www.customeeple.com\/es\/wp-json\/wp\/v2\/product_brand?post=25131"},{"taxonomy":"product_cat","embeddable":true,"href":"https:\/\/www.customeeple.com\/es\/wp-json\/wp\/v2\/product_cat?post=25131"},{"taxonomy":"product_tag","embeddable":true,"href":"https:\/\/www.customeeple.com\/es\/wp-json\/wp\/v2\/product_tag?post=25131"}],"curies":[{"name":"wp","href":"https:\/\/api.w.org\/{rel}","templated":true}]}}