{"id":25119,"date":"2016-12-01T18:58:52","date_gmt":"2016-12-01T16:58:53","guid":{"rendered":"http:\/\/www.customeeple.com\/es\/producto\/king-of-war-mansion-elfica\/"},"modified":"2017-03-27T10:05:11","modified_gmt":"2017-03-27T08:05:11","slug":"king-of-war-pazo-elfico","status":"publish","type":"product","link":"https:\/\/www.customeeple.com\/es\/producto\/king-of-war-pazo-elfico\/","title":{"rendered":"King of war Pazo \u00e9lfico"},"content":{"rendered":"<p>Nuestros edificios de escenograf\u00eda para\u00a0<strong><a href=\"http:\/\/www.manticgames.com\/mantic-shop\/kings-of-war.html\">kings of war\u00a0<\/a><\/strong>est\u00e1n dise\u00f1ados para introducir al jugador en el fant\u00e1stico mundo de Mantica y se preparan especialmente para ser una pieza de juego destacada. Han sido\u00a0dise\u00f1ados para encajar perfectamente en el sistema de juego de Kings of War.<\/p>\n<p>Una viejo Pazo se\u00f1orial \u00e9lfico utilizable como elemento de escenograf\u00eda.\u00a0Perfecta para cualquier batalla que involucre a la facci\u00f3n.<\/p>\n<p>Todas las piezas han sido dise\u00f1adas en colaboracion con\u00a0<b><a href=\"http:\/\/www.manticgames.com\/home.html\">Mantic Games<\/a>\u00a0<\/b>para ser totalmente compatibles con\u00a0<strong><a href=\"http:\/\/www.manticgames.com\/mantic-shop\/kings-of-war.html\">Kings of war<\/a><\/strong><\/p>\n<p>&nbsp;<\/p>\n<div class=\"moreinfo\">\n<p><strong style=\"font-size: 14px; line-height: 1.5em;\">Material:\u00a0<\/strong>MDF y cart\u00f3n de alta densidad<\/p>\n<p dir=\"ltr\"><strong>Espesor:<\/strong>\u00a02,5 mm<\/p>\n<p dir=\"ltr\"><strong>Tama\u00f1o: <\/strong>16\u00a0x 23\u00a0x 17,5 cm<\/p>\n<p dir=\"ltr\"><strong>Cantidad:\u00a0<\/strong>1 pazo\u00a0\u00e9lfico<\/p>\n<p><strong>Uso:<\/strong>\u00a0Escenograf\u00eda compatible con\u00a0<strong><a href=\"http:\/\/www.manticgames.com\/mantic-shop\/kings-of-war.html\">kings of war\u00a0<\/a><\/strong><strong>\u00a0<\/strong><\/p>\n<\/div>\n<div class=\"infopreorder\"><strong>Nota:<\/strong> Miniaturas y accesorios no incluidos. Este producto se vende sin montar ni pintar y necesita pegamento para su montaje<\/div>\n","protected":false},"excerpt":{"rendered":"<p>Edificio de escenograf\u00eda para\u00a0<strong><a href=\"http:\/\/www.manticgames.com\/mantic-shop\/kings-of-war.html\">Kings of war<\/a><\/strong><\/p>\n","protected":false},"featured_media":25237,"template":"","meta":{"_acf_changed":false},"product_brand":[],"product_cat":[917],"product_tag":[],"class_list":{"0":"post-25119","1":"product","2":"type-product","3":"status-publish","4":"has-post-thumbnail","6":"product_cat-kings-of-war-es","8":"first","9":"instock","10":"taxable","11":"shipping-taxable","12":"purchasable","13":"product-type-simple"},"exclude_global_add_ons":[],"addons":[],"acf":[],"_links":{"self":[{"href":"https:\/\/www.customeeple.com\/es\/wp-json\/wp\/v2\/product\/25119","targetHints":{"allow":["GET"]}}],"collection":[{"href":"https:\/\/www.customeeple.com\/es\/wp-json\/wp\/v2\/product"}],"about":[{"href":"https:\/\/www.customeeple.com\/es\/wp-json\/wp\/v2\/types\/product"}],"wp:featuredmedia":[{"embeddable":true,"href":"https:\/\/www.customeeple.com\/es\/wp-json\/wp\/v2\/media\/25237"}],"wp:attachment":[{"href":"https:\/\/www.customeeple.com\/es\/wp-json\/wp\/v2\/media?parent=25119"}],"wp:term":[{"taxonomy":"product_brand","embeddable":true,"href":"https:\/\/www.customeeple.com\/es\/wp-json\/wp\/v2\/product_brand?post=25119"},{"taxonomy":"product_cat","embeddable":true,"href":"https:\/\/www.customeeple.com\/es\/wp-json\/wp\/v2\/product_cat?post=25119"},{"taxonomy":"product_tag","embeddable":true,"href":"https:\/\/www.customeeple.com\/es\/wp-json\/wp\/v2\/product_tag?post=25119"}],"curies":[{"name":"wp","href":"https:\/\/api.w.org\/{rel}","templated":true}]}}