{"id":24451,"date":"2016-10-03T16:37:08","date_gmt":"2016-10-03T14:37:08","guid":{"rendered":"http:\/\/www.customeeple.com\/es\/producto\/malifaux-transdimensional-express-vias\/"},"modified":"2016-10-05T13:40:17","modified_gmt":"2016-10-05T11:40:17","slug":"malifaux-transdimensional-express-vias","status":"publish","type":"product","link":"https:\/\/www.customeeple.com\/es\/producto\/malifaux-transdimensional-express-vias\/","title":{"rendered":"Malifaux v\u00edas Transdimensional express"},"content":{"rendered":"<p>A\u00f1ade una peque\u00f1a parte del mundo de\u00a0<strong><a href=\"http:\/\/www.wyrd-games.net\/malifaux\">Malifaux<\/a>\u00a0<\/strong>a tus mesas de juego con nuestras piezas de escenograf\u00eda<\/p>\n<p>Puedes usar nuestras v\u00edas de escenograf\u00eda \u00a0de\u00a0<strong><a href=\"http:\/\/www.wyrd-games.net\/malifaux\">Malifaux<\/a>,\u00a0<\/strong>son perfectas para completar cualquier hueco en tu mesa de juego, tambi\u00e9n puedes ampliar las vias de tu <strong>Transdimensional Express<\/strong><\/p>\n<p>El producto contiene tres secciones de v\u00edas rectas y un paso a nivel<\/p>\n<p>Todas las piezas han sido dise\u00f1adas en \u00a0colaboraci\u00f3n\u00a0<strong><a href=\"http:\/\/www.wyrd-games.net\/\">Wyrd games<\/a>\u00a0<\/strong>para ser totalmente compatibles con<strong>\u00a0<\/strong><strong><a href=\"http:\/\/www.wyrd-games.net\/malifaux\">Malifaux<\/a>.<\/strong><\/p>\n<div class=\"moreinfo\">\n<p><strong>Material:<\/strong>\u00a0DM<\/p>\n<p dir=\"ltr\"><strong>Espesor:<\/strong>\u00a02,5 mm<\/p>\n<p dir=\"ltr\"><strong>Tama\u00f1o:<\/strong> 28 cm x 7 cm (rectas)\u00a0 6 cm x 10 cm (paso a nivel)<strong><br \/>\n<\/strong><\/p>\n<p dir=\"ltr\"><strong>Cantidad:<\/strong>\u00a04 secciones de v\u00eda<\/p>\n<p><strong>Uso: <\/strong>Elemento de escenograf\u00eda para\u00a0<strong><a href=\"http:\/\/www.wyrd-games.net\/malifaux\">Malifaux<\/a>.<\/strong><\/p>\n<\/div>\n<div class=\"infopreorder\"><strong>Nota:<\/strong>\u00a0Este producto se vende sin pintar ni montar, necesitaras pegamento para su montaje. Miniaturas no incluidas<\/div>\n","protected":false},"excerpt":{"rendered":"<p>V\u00edas de escenograf\u00eda para \u00a0<strong><a href=\"http:\/\/www.wyrd-games.net\/malifaux\">Malifaux<\/a>.<\/strong><\/p>\n","protected":false},"featured_media":24497,"template":"","meta":{"_acf_changed":false},"product_brand":[],"product_cat":[926,1671,922],"product_tag":[1652],"class_list":{"0":"post-24451","1":"product","2":"type-product","3":"status-publish","4":"has-post-thumbnail","6":"product_cat-escenografia-es-2","7":"product_cat-malifaux-es-3","8":"product_cat-malifaux-es","9":"product_tag-malifaux-es-2","11":"first","12":"instock","13":"taxable","14":"shipping-taxable","15":"purchasable","16":"product-type-simple"},"exclude_global_add_ons":[],"addons":[],"acf":[],"_links":{"self":[{"href":"https:\/\/www.customeeple.com\/es\/wp-json\/wp\/v2\/product\/24451","targetHints":{"allow":["GET"]}}],"collection":[{"href":"https:\/\/www.customeeple.com\/es\/wp-json\/wp\/v2\/product"}],"about":[{"href":"https:\/\/www.customeeple.com\/es\/wp-json\/wp\/v2\/types\/product"}],"wp:featuredmedia":[{"embeddable":true,"href":"https:\/\/www.customeeple.com\/es\/wp-json\/wp\/v2\/media\/24497"}],"wp:attachment":[{"href":"https:\/\/www.customeeple.com\/es\/wp-json\/wp\/v2\/media?parent=24451"}],"wp:term":[{"taxonomy":"product_brand","embeddable":true,"href":"https:\/\/www.customeeple.com\/es\/wp-json\/wp\/v2\/product_brand?post=24451"},{"taxonomy":"product_cat","embeddable":true,"href":"https:\/\/www.customeeple.com\/es\/wp-json\/wp\/v2\/product_cat?post=24451"},{"taxonomy":"product_tag","embeddable":true,"href":"https:\/\/www.customeeple.com\/es\/wp-json\/wp\/v2\/product_tag?post=24451"}],"curies":[{"name":"wp","href":"https:\/\/api.w.org\/{rel}","templated":true}]}}