{"id":24431,"date":"2016-10-03T15:57:06","date_gmt":"2016-10-03T14:57:06","guid":{"rendered":"http:\/\/www.customeeple.com\/es\/producto\/malifaux-base-modular-coryphee\/"},"modified":"2016-10-05T13:40:08","modified_gmt":"2016-10-05T11:40:08","slug":"malifaux-base-modular-coryphee","status":"publish","type":"product","link":"https:\/\/www.customeeple.com\/es\/producto\/malifaux-base-modular-coryphee\/","title":{"rendered":"Malifaux base modular \u00abCoryphee\u00bb"},"content":{"rendered":"<p>Este pack contiene una base de 40\u00a0mm y 2\u00a0de 32\u00a0mm grabadas con un patr\u00f3n de suelo. Cada base contiene una secci\u00f3n\u00a0falsa extra\u00edble en la que puedes pegar un peque\u00f1o im\u00e1n de neodimio que sujete a la miniatura a la base. La base de 40 por su parte tiene 2 de estas secciones\u00a0con lo que puede albergar 2 miniaturas.<\/p>\n<p>Esto te permite reposicionar f\u00e1cilmente en cada partida \u00a0miniaturas como las<strong> <a href=\"http:\/\/www.wyrd-games.net\/plastic-build-instructions\/2015\/8\/4\/coryphee\">Coryphees Arcanistas<\/a>, <\/strong>que pueden desplegarse en su propia base o en grupos de dos.<\/p>\n<p>Todas las piezas han sido dise\u00f1adas en colaboraci\u00f3n con <strong><a href=\"http:\/\/www.wyrd-games.net\/\">Wyrd games<\/a>\u00a0<\/strong>para ser totalmente compatibles con <strong><a href=\"http:\/\/www.wyrd-games.net\/malifaux\">Malifaux<\/a>.<\/strong><\/p>\n<div class=\"moreinfo\">\n<p><strong>Material:<\/strong>\u00a0DM e imanes de neodimio.<\/p>\n<p dir=\"ltr\"><strong>Espesor:<\/strong>\u00a02,5 mm<\/p>\n<p dir=\"ltr\"><strong>Tama\u00f1o: <\/strong>32\/40 mm para encajar perfectamente en cada base.<strong><br \/>\n<\/strong><\/p>\n<p dir=\"ltr\"><strong>Cantidad: <\/strong>3\u00a0bases y 6\u00a0imanes<\/p>\n<p><strong>Uso:<\/strong>\u00a0Bases modulares para<strong>\u00a0<\/strong><strong><a href=\"http:\/\/www.wyrd-games.net\/malifaux\">Malifaux<\/a>.<\/strong><\/p>\n<\/div>\n<div class=\"infopreorder\"><strong>Nota:<\/strong>\u00a0Este producto se vende sin pintar ni montar, necesitar\u00e1s pegamento para ensamblarlo.\u00a0El producto no incluye las miniaturas ni las bases standar de\u00a0<strong><a href=\"http:\/\/www.wyrd-games.net\/malifaux\">Malifaux<\/a>.<\/strong><\/div>\n","protected":false},"excerpt":{"rendered":"<p>Base modulares\u00a0para\u00a0<strong><a href=\"http:\/\/www.wyrd-games.net\/malifaux\">Malifaux<\/a>.<\/strong><\/p>\n","protected":false},"featured_media":24487,"template":"","meta":{"_acf_changed":false},"product_brand":[],"product_cat":[304,1672,1671,1425,922,1623],"product_tag":[1652],"class_list":{"0":"post-24431","1":"product","2":"type-product","3":"status-publish","4":"has-post-thumbnail","6":"product_cat-bases-es","7":"product_cat-bases-es-4","8":"product_cat-malifaux-es-3","9":"product_cat-malifaux-es-2","10":"product_cat-malifaux-es","11":"product_cat-wargames-es-2","12":"product_tag-malifaux-es-2","14":"first","15":"instock","16":"taxable","17":"shipping-taxable","18":"purchasable","19":"product-type-simple"},"exclude_global_add_ons":[],"addons":[],"acf":[],"_links":{"self":[{"href":"https:\/\/www.customeeple.com\/es\/wp-json\/wp\/v2\/product\/24431","targetHints":{"allow":["GET"]}}],"collection":[{"href":"https:\/\/www.customeeple.com\/es\/wp-json\/wp\/v2\/product"}],"about":[{"href":"https:\/\/www.customeeple.com\/es\/wp-json\/wp\/v2\/types\/product"}],"wp:featuredmedia":[{"embeddable":true,"href":"https:\/\/www.customeeple.com\/es\/wp-json\/wp\/v2\/media\/24487"}],"wp:attachment":[{"href":"https:\/\/www.customeeple.com\/es\/wp-json\/wp\/v2\/media?parent=24431"}],"wp:term":[{"taxonomy":"product_brand","embeddable":true,"href":"https:\/\/www.customeeple.com\/es\/wp-json\/wp\/v2\/product_brand?post=24431"},{"taxonomy":"product_cat","embeddable":true,"href":"https:\/\/www.customeeple.com\/es\/wp-json\/wp\/v2\/product_cat?post=24431"},{"taxonomy":"product_tag","embeddable":true,"href":"https:\/\/www.customeeple.com\/es\/wp-json\/wp\/v2\/product_tag?post=24431"}],"curies":[{"name":"wp","href":"https:\/\/api.w.org\/{rel}","templated":true}]}}