{"id":24234,"date":"2016-10-03T14:42:38","date_gmt":"2016-10-03T12:42:38","guid":{"rendered":"http:\/\/www.customeeple.com\/es\/producto\/malifaux-vagon-de-tren-pasajeros\/"},"modified":"2016-10-05T13:39:27","modified_gmt":"2016-10-05T11:39:27","slug":"malifaux-vagon-de-tren-pasajeros","status":"publish","type":"product","link":"https:\/\/www.customeeple.com\/es\/producto\/malifaux-vagon-de-tren-pasajeros\/","title":{"rendered":"Malifaux Vag\u00f3n de tren (Pasajeros)"},"content":{"rendered":"<p>A\u00f1ade una peque\u00f1a parte del mundo de\u00a0<strong><a href=\"http:\/\/www.wyrd-games.net\/malifaux\">Malifaux<\/a>\u00a0<\/strong>a tus mesas de juego con nuestras piezas de escenograf\u00eda<\/p>\n<p>Un vagon para crear tu propio tren de pasajeros. Tambi\u00e9n puede ser usado como escenograf\u00eda en cualquier mesa de juego\u00a0de\u00a0<strong><a href=\"http:\/\/www.wyrd-games.net\/malifaux\">Malifaux<\/a>\u00a0<\/strong>como un viejo y misterioso vag\u00f3n abandonado. Adem\u00e1s puedes comprarlo en caso de que necesites vagones adicionales para nuestro\u00a0<strong style=\"line-height: 1.5;\">Transdimensional express.<\/strong><\/p>\n<p>Todos los vagones son compatibles entre si y pueden engancharse para combinarlos de la manera que quieras. Adem\u00e1s el techo es extra\u00edble para poder hacer su interior jugable.<\/p>\n<p>Todas las piezas han sido dise\u00f1adas en \u00a0colaboraci\u00f3n\u00a0<strong><a href=\"http:\/\/www.wyrd-games.net\/\">Wyrd games<\/a>\u00a0<\/strong>para ser totalmente compatibles con<strong>\u00a0<\/strong><strong><a href=\"http:\/\/www.wyrd-games.net\/malifaux\">Malifaux<\/a>.<\/strong><\/p>\n<div class=\"moreinfo\">\n<p><strong>Material:<\/strong>\u00a0DM y cart\u00f3n de alta densidad<\/p>\n<p dir=\"ltr\"><strong>Espesor:<\/strong>\u00a02,5 mm<\/p>\n<p dir=\"ltr\"><strong>Tama\u00f1o:<\/strong> 17,5\u00a0 x \u00a07,5 x 9 cm<strong><br \/>\n<\/strong><\/p>\n<p dir=\"ltr\"><strong>Cantidad: <\/strong>1<strong>\u00a0<\/strong>vag\u00f3n de tren<\/p>\n<p><strong>Uso: <\/strong>Elemento de escenograf\u00eda para\u00a0<strong><a href=\"http:\/\/www.wyrd-games.net\/malifaux\">Malifaux<\/a>.<\/strong><\/p>\n<\/div>\n<div class=\"infopreorder\"><strong>Nota:<\/strong>\u00a0Este producto se vende sin pintar ni montar, necesitaras pegamento para su montaje. Miniaturas no incluidas<\/div>\n","protected":false},"excerpt":{"rendered":"<p>Vag\u00f3n de tren de escenograf\u00eda para\u00a0\u00a0<strong><a href=\"http:\/\/www.wyrd-games.net\/malifaux\">Malifaux<\/a>.<\/strong><\/p>\n","protected":false},"featured_media":24226,"template":"","meta":{"_acf_changed":false},"product_brand":[],"product_cat":[926,1671,922],"product_tag":[1652],"class_list":{"0":"post-24234","1":"product","2":"type-product","3":"status-publish","4":"has-post-thumbnail","6":"product_cat-escenografia-es-2","7":"product_cat-malifaux-es-3","8":"product_cat-malifaux-es","9":"product_tag-malifaux-es-2","11":"first","12":"instock","13":"taxable","14":"shipping-taxable","15":"purchasable","16":"product-type-simple"},"exclude_global_add_ons":[],"addons":[],"acf":[],"_links":{"self":[{"href":"https:\/\/www.customeeple.com\/es\/wp-json\/wp\/v2\/product\/24234","targetHints":{"allow":["GET"]}}],"collection":[{"href":"https:\/\/www.customeeple.com\/es\/wp-json\/wp\/v2\/product"}],"about":[{"href":"https:\/\/www.customeeple.com\/es\/wp-json\/wp\/v2\/types\/product"}],"wp:featuredmedia":[{"embeddable":true,"href":"https:\/\/www.customeeple.com\/es\/wp-json\/wp\/v2\/media\/24226"}],"wp:attachment":[{"href":"https:\/\/www.customeeple.com\/es\/wp-json\/wp\/v2\/media?parent=24234"}],"wp:term":[{"taxonomy":"product_brand","embeddable":true,"href":"https:\/\/www.customeeple.com\/es\/wp-json\/wp\/v2\/product_brand?post=24234"},{"taxonomy":"product_cat","embeddable":true,"href":"https:\/\/www.customeeple.com\/es\/wp-json\/wp\/v2\/product_cat?post=24234"},{"taxonomy":"product_tag","embeddable":true,"href":"https:\/\/www.customeeple.com\/es\/wp-json\/wp\/v2\/product_tag?post=24234"}],"curies":[{"name":"wp","href":"https:\/\/api.w.org\/{rel}","templated":true}]}}