{"id":2397,"date":"2013-06-11T14:59:03","date_gmt":"2013-06-11T12:59:03","guid":{"rendered":"http:\/\/www.customeeple.com\/product\/honeycomb-playmat-35x35cm-2\/"},"modified":"2025-01-28T18:53:47","modified_gmt":"2025-01-28T17:53:47","slug":"honeycomb-playmat-35x35cm","status":"publish","type":"product","link":"https:\/\/www.customeeple.com\/es\/producto\/honeycomb-playmat-35x35cm\/","title":{"rendered":"Tapete de panal (35x35cm)"},"content":{"rendered":"<p>Tapete con la imagen de un panal de abejas, tiene una ret\u00edcula hexagonal que puede usarse para mejorar todas tus experiencias de juegos bichunos. La ret\u00edcula hace m\u00e1s sencilla la posici\u00f3n de los marcadores. Haz m\u00e1s f\u00e1cil el juego para los nuevos jugadores y mejora la experiencia del juego.<br \/>\nEl material del tapete es lienzo, un material de\u00a0<strong>alta calidad\u00a0<\/strong>con muy buena durabilidad y muy\u00a0<strong>resistente\u00a0<\/strong>a rascazos. As\u00ed que vas a tener tu tapete durante mucho tiempo en perfectas condiciones.<\/p>\n<p>Creemos que es un complemento perfecto para las colonias de abejas como las de\u00a0<strong><a href=\"http:\/\/boardgamegeek.com\/boardgame\/2655\/hive\">Hive,<\/a><\/strong>\u00a0ya que las celdas hexagonales coinciden a la perfecci\u00f3n con las piezas de juego y hacen tu juego super mol\u00f3n.<\/p>\n<p><strong>Material:<\/strong>\u00a0Lienzo<\/p>\n<p><strong>Tama\u00f1o:<\/strong>\u00a035&#215;35 cm<\/p>\n<p><strong>Cantidad:<\/strong>\u00a01<\/p>\n<p><strong>Uso: <\/strong>La rejilla contiene 64 hex\u00e1gonos, perfectos para jugar cualquier juego de colonia de abejas con marcadores hexagonales.<\/p>\n<p>*<strong><a href=\"http:\/\/boardgamegeek.com\/boardgame\/2655\/hive\">hive<\/a>\u00a0<\/strong>es un juego de\u00a0<a href=\"\/boardgamedesigner\/1078\/john-yianni\">John Yianni<\/a> publicado por\u00a0<a href=\"\/boardgamepublisher\/4570\/cromola\">Cr\u00f3mola<\/a><\/p>\n<p>Customeeple no est\u00e1 afiliado con <a href=\"\/boardgamepublisher\/4570\/cromola\">Cr\u00f3mola<\/a>\u00a0y este producto no est\u00e1 avalado por ellos en absoluto.<\/p>\n","protected":false},"excerpt":{"rendered":"<p>Tapete con la imagen de una colmena, tiene una rejilla hexagonal perfecta para <strong><a href=\"http:\/\/boardgamegeek.com\/boardgame\/2655\/hive\">hive<\/a>\u00a0<\/strong><\/p>\n","protected":false},"featured_media":3689,"template":"","meta":{"_acf_changed":false},"product_brand":[],"product_cat":[79],"product_tag":[707],"class_list":{"0":"post-2397","1":"product","2":"type-product","3":"status-publish","4":"has-post-thumbnail","6":"product_cat-tapete","7":"product_tag-hive-es-2","9":"first","10":"onbackorder","11":"taxable","12":"shipping-taxable","13":"purchasable","14":"product-type-simple"},"exclude_global_add_ons":[],"addons":[],"acf":[],"_links":{"self":[{"href":"https:\/\/www.customeeple.com\/es\/wp-json\/wp\/v2\/product\/2397","targetHints":{"allow":["GET"]}}],"collection":[{"href":"https:\/\/www.customeeple.com\/es\/wp-json\/wp\/v2\/product"}],"about":[{"href":"https:\/\/www.customeeple.com\/es\/wp-json\/wp\/v2\/types\/product"}],"wp:featuredmedia":[{"embeddable":true,"href":"https:\/\/www.customeeple.com\/es\/wp-json\/wp\/v2\/media\/3689"}],"wp:attachment":[{"href":"https:\/\/www.customeeple.com\/es\/wp-json\/wp\/v2\/media?parent=2397"}],"wp:term":[{"taxonomy":"product_brand","embeddable":true,"href":"https:\/\/www.customeeple.com\/es\/wp-json\/wp\/v2\/product_brand?post=2397"},{"taxonomy":"product_cat","embeddable":true,"href":"https:\/\/www.customeeple.com\/es\/wp-json\/wp\/v2\/product_cat?post=2397"},{"taxonomy":"product_tag","embeddable":true,"href":"https:\/\/www.customeeple.com\/es\/wp-json\/wp\/v2\/product_tag?post=2397"}],"curies":[{"name":"wp","href":"https:\/\/api.w.org\/{rel}","templated":true}]}}