{"id":23521,"date":"2016-08-30T13:50:43","date_gmt":"2016-08-30T12:50:43","guid":{"rendered":"http:\/\/www.customeeple.com\/es\/producto\/muros-prohibidos\/"},"modified":"2016-09-08T17:39:45","modified_gmt":"2016-09-08T15:39:45","slug":"muros-prohibidos","status":"publish","type":"product","link":"https:\/\/www.customeeple.com\/es\/producto\/muros-prohibidos\/","title":{"rendered":"Muros del Palacio prohibido"},"content":{"rendered":"<p>Si nuestro <strong><a href=\"http:\/\/www.customeeple.com\/product\/infinity-forbidden-palace\/\">Palacio prohibido<\/a>\u00a0<\/strong>era<strong>\u00a0<\/strong>ya una estupenda pieza de escenograf\u00eda para tus partidas de\u00a0<strong><a href=\"http:\/\/infinitythegame.com\/\" target=\"_blank\">Infinity<\/a>, <\/strong>ahora puedes a\u00f1adir incluso mas vida a tus partida a\u00f1adi\u00e9ndole murallas exteriores.<\/p>\n<p>Este producto contiene muros de DM de tama\u00f1os diferentes, puedes a\u00f1adir varias copias del mismo y combinarlas para crear un muro a tu medida y configurar\u00a0cualquier zona de juego.\u00a0Los muros pueden comparase en 3 opciones diferentes:<\/p>\n<ul>\n<li>2 Muros grandes<\/li>\n<li>1 Port\u00f3n de entrada<\/li>\n<li>4\u00a0Muros peque\u00f1os<\/li>\n<\/ul>\n<p>Todas las piezas han sido creadas en colaboraci\u00f3n con \u00a0<strong><a href=\"http:\/\/www.corvusbelli.com\/\">Corvus Belli<\/a><\/strong>\u00a0 para ser totalmente compatibles con\u00a0\u00a0<strong><a href=\"http:\/\/infinitythegame.com\/\" target=\"_blank\">Infinity the game<\/a><\/strong><\/p>\n<p>&nbsp;<\/p>\n<div class=\"moreinfo\">\n<p><strong style=\"font-size: 14px; line-height: 1.5em;\">Material: <\/strong>DM y metacrilato fluorescente<\/p>\n<p dir=\"ltr\"><strong>Espesor:<\/strong>\u00a02,5 mm<\/p>\n<p dir=\"ltr\"><strong>Tama\u00f1o: <\/strong>12 x 2 x 7,5 (Grandes) \/ 6 x 2 x 7,5 cm (Peque\u00f1os) \/ 12 x 2 x 9 cm (Puerta)<\/p>\n<p dir=\"ltr\"><strong>Cantidad: \u00a0<\/strong>2 a<strong>\u00a0<\/strong>4 secciones de muro<\/p>\n<p><strong>Uso:<\/strong>\u00a0Escenograf\u00eda compatible con nuestro\u00a0<strong><a href=\"http:\/\/www.customeeple.com\/product\/infinity-forbidden-palace\/\">Palacio prohibido<\/a><\/strong>\u00a0de\u00a0<strong><a href=\"http:\/\/infinitythegame.com\/\" target=\"_blank\">Infinity the game<\/a>\u00a0<\/strong><\/p>\n<\/div>\n<div class=\"infopreorder\"><strong>Nota:<\/strong> Miniaturas y accesorios no incluidos. Este producto se vende sin montar ni pintar y necesita pegamento para su montaje<\/div>\n","protected":false},"excerpt":{"rendered":"<p>Muros exteriores con dise\u00f1o oriental<\/p>\n","protected":false},"featured_media":23631,"template":"","meta":{"_acf_changed":false},"product_brand":[],"product_cat":[1399,346,291,1394,2360,1372],"product_tag":[646,306],"class_list":{"0":"post-23521","1":"product","2":"type-product","3":"status-publish","4":"has-post-thumbnail","6":"product_cat-escenografia-es","7":"product_cat-escenografia","8":"product_cat-infinity-es-2","9":"product_cat-infinity-es","10":"product_cat-productos-oficiales","11":"product_cat-sci-fi-es","12":"product_tag-infinity-es-2","13":"product_tag-infinity-the-game-es-2","15":"first","16":"instock","17":"taxable","18":"shipping-taxable","19":"purchasable","20":"product-type-variable"},"exclude_global_add_ons":[],"addons":[],"acf":[],"_links":{"self":[{"href":"https:\/\/www.customeeple.com\/es\/wp-json\/wp\/v2\/product\/23521","targetHints":{"allow":["GET"]}}],"collection":[{"href":"https:\/\/www.customeeple.com\/es\/wp-json\/wp\/v2\/product"}],"about":[{"href":"https:\/\/www.customeeple.com\/es\/wp-json\/wp\/v2\/types\/product"}],"wp:featuredmedia":[{"embeddable":true,"href":"https:\/\/www.customeeple.com\/es\/wp-json\/wp\/v2\/media\/23631"}],"wp:attachment":[{"href":"https:\/\/www.customeeple.com\/es\/wp-json\/wp\/v2\/media?parent=23521"}],"wp:term":[{"taxonomy":"product_brand","embeddable":true,"href":"https:\/\/www.customeeple.com\/es\/wp-json\/wp\/v2\/product_brand?post=23521"},{"taxonomy":"product_cat","embeddable":true,"href":"https:\/\/www.customeeple.com\/es\/wp-json\/wp\/v2\/product_cat?post=23521"},{"taxonomy":"product_tag","embeddable":true,"href":"https:\/\/www.customeeple.com\/es\/wp-json\/wp\/v2\/product_tag?post=23521"}],"curies":[{"name":"wp","href":"https:\/\/api.w.org\/{rel}","templated":true}]}}