{"id":2351,"date":"2013-06-21T14:16:01","date_gmt":"2013-06-21T13:16:01","guid":{"rendered":"http:\/\/www.customeeple.com\/product\/stag-meeple-2\/"},"modified":"2025-01-28T17:11:21","modified_gmt":"2025-01-28T16:11:21","slug":"stag-meeple","status":"publish","type":"product","link":"https:\/\/www.customeeple.com\/es\/producto\/stag-meeple\/","title":{"rendered":"Ficha Ciervo"},"content":{"rendered":"<p>Esta es una ficha con forma de Ciervo con un mont\u00f3n de posibilidades de uso, por ejemplo, podr\u00eda simbolizar a tus tropas \u00e9lficas en cualquier juego de guerra, o podr\u00eda ser usada como complemento para un collar o broche.<\/p>\n<p>El material puede ser f\u00e1cilmente pintado o barnizado para adaptarse a cualquier necesidad.<\/p>\n<p>La ficha es completamente compatible con el juego\u00a0<strong><a href=\"http:\/\/boardgamegeek.com\/boardgame\/103343\/a-game-of-thrones-the-board-game-second-edition\">Juego de Tronos<\/a><\/strong>\u00a0y\u00a0se asemeja al s\u00edmbolo de una de las casas de este universo de fantas\u00eda.<\/p>\n<p><strong>Material:<\/strong>\u00a0Madera contrachapada de alta calidad, no barnizada.<br \/>\n<strong><\/strong><\/p>\n<p><strong>Tama\u00f1o:<\/strong>\u00a028mm x 37mm<\/p>\n<p><strong>Espesor:<\/strong>\u00a03mm<\/p>\n<p><strong>Cantidad:<\/strong>\u00a01<\/p>\n<p><strong>Uso:<\/strong>\u00a0Est\u00e1 preparado para jugar\u00a0<strong><a href=\"http:\/\/boardgamegeek.com\/boardgame\/103343\/a-game-of-thrones-the-board-game-second-edition\">Juego de Tronos<\/a><\/strong><strong><a href=\"http:\/\/boardgamegeek.com\/boardgame\/103343\/a-game-of-thrones-the-board-game-second-edition\">.<\/a><\/strong><\/p>\n<p>*<strong><a href=\"http:\/\/boardgamegeek.com\/boardgame\/103343\/a-game-of-thrones-the-board-game-second-edition\">Juego de Tronos<\/a><\/strong>\u00a0es un juego de\u00a0<a href=\"http:\/\/boardgamegeek.com\/\/boardgamedesigner\/21\/christian-t-petersen\">Christian T. Petersen<\/a>\u00a0publicado por\u00a0<a href=\"http:\/\/boardgamegeek.com\/\/boardgamepublisher\/17\/fantasy-flight-games\">Fantasy Flight Games<\/a><\/p>\n<p>Customeeple no est\u00e1 afiliado con\u00a0Fantasy Flight Games y este producto no est\u00e1 avalado por ellos en absoluto.<\/p>\n","protected":false},"excerpt":{"rendered":"<p>Marcadores con forma de Ciervo, dise\u00f1ados para usar en cualquier juego de batallas medieval o de fantas\u00eda.<\/p>\n","protected":false},"featured_media":2194,"template":"","meta":{"_acf_changed":false},"product_brand":[],"product_cat":[78],"product_tag":[703],"class_list":{"0":"post-2351","1":"product","2":"type-product","3":"status-publish","4":"has-post-thumbnail","6":"product_cat-meeple-2","7":"product_tag-gameofthrones-es-2","9":"first","10":"instock","11":"taxable","12":"shipping-taxable","13":"purchasable","14":"product-type-simple"},"exclude_global_add_ons":[],"addons":[],"acf":[],"_links":{"self":[{"href":"https:\/\/www.customeeple.com\/es\/wp-json\/wp\/v2\/product\/2351","targetHints":{"allow":["GET"]}}],"collection":[{"href":"https:\/\/www.customeeple.com\/es\/wp-json\/wp\/v2\/product"}],"about":[{"href":"https:\/\/www.customeeple.com\/es\/wp-json\/wp\/v2\/types\/product"}],"wp:featuredmedia":[{"embeddable":true,"href":"https:\/\/www.customeeple.com\/es\/wp-json\/wp\/v2\/media\/2194"}],"wp:attachment":[{"href":"https:\/\/www.customeeple.com\/es\/wp-json\/wp\/v2\/media?parent=2351"}],"wp:term":[{"taxonomy":"product_brand","embeddable":true,"href":"https:\/\/www.customeeple.com\/es\/wp-json\/wp\/v2\/product_brand?post=2351"},{"taxonomy":"product_cat","embeddable":true,"href":"https:\/\/www.customeeple.com\/es\/wp-json\/wp\/v2\/product_cat?post=2351"},{"taxonomy":"product_tag","embeddable":true,"href":"https:\/\/www.customeeple.com\/es\/wp-json\/wp\/v2\/product_tag?post=2351"}],"curies":[{"name":"wp","href":"https:\/\/api.w.org\/{rel}","templated":true}]}}