{"id":23502,"date":"2016-08-30T12:11:52","date_gmt":"2016-08-30T11:11:52","guid":{"rendered":"http:\/\/www.customeeple.com\/es\/producto\/bases-operacion-red-veil\/"},"modified":"2016-09-08T13:53:35","modified_gmt":"2016-09-08T11:53:35","slug":"bases-operacion-red-veil","status":"publish","type":"product","link":"https:\/\/www.customeeple.com\/es\/producto\/bases-operacion-red-veil\/","title":{"rendered":"Bases Operaci\u00f3n Red Veil"},"content":{"rendered":"<p>Nuestras bases son perfectas para mejorar el aspecto de tus miniaturas de\u00a0<strong><a href=\"http:\/\/infinitythegame.com\/\" target=\"_blank\">Infinity<\/a><\/strong>. Hemos dise\u00f1ado este pack para encajar perfectamente con las necesidades de la caja \u00a0<a href=\"https:\/\/www.infinitythegame.com\/article.php?id=209\"><strong>\u00abOperation Red Veil\u00bb<\/strong><\/a>, Todas las bases son similares a las que tienen las miniaturas de las fotos oficiales de <strong><a href=\"http:\/\/infinitythegame.com\/faction_YUJ.php\">Yu Jing<\/a><\/strong>\u00a0y <strong><a href=\"http:\/\/infinitythegame.com\/faction_HAQ.php\">Haqqislam<\/a>. <\/strong>Las bases de<strong>\u00a0<a href=\"http:\/\/infinitythegame.com\/faction_YUJ.php\">Yu Jing<\/a><\/strong><b>\u00a0<\/b>son iguales a las de las fotos oficiales y<b>\u00a0<\/b>han sido dise\u00f1adas por<span style=\"line-height: 1.5em;\">\u00a0<strong><a href=\"http:\/\/studiogiraldez.blogspot.com.es\/\">Angel Giraldez<\/a><\/strong><\/span><span style=\"line-height: 1.5em;\">.<\/span><\/p>\n<p>El producto incluye 16\u00a0cubiertas grabadas con un dise\u00f1o tem\u00e1tico, preparadas para ser pegadas encima de las bases est\u00e1ndar de\u00a0<strong><a href=\"http:\/\/infinitythegame.com\/\" target=\"_blank\">Infinity<\/a><\/strong>\u00a0sin a\u00f1adir demasiado grosor. Encajan perfectamente en bases de 25, 40 y 55 mm\u00a0Las bases pl\u00e1sticas\u00a0<strong>NO\u00a0<\/strong>se incluyen, se venden por separado.<\/p>\n<p>Todas las bases han sido fabricadas en cart\u00f3n de alta densidad<b>,<\/b>\u00a0una superficie de cart\u00f3n para modelismo muy resistente, similar al DM (MDF). Casi no se notar\u00e1 el grosor al pegarlo a la base ya que mide 0,32mm de alto.<\/p>\n<p>Este\u00a0producto incluye una plantilla de estarcido para decorar las bases <strong><a href=\"http:\/\/infinitythegame.com\/faction_YUJ.php\">Yu Jing<\/a><\/strong><\/p>\n<p>Todas las piezas han sido dise\u00f1adas en colaboraci\u00f3n con\u00a0<strong><a href=\"http:\/\/www.corvusbelli.com\/\">Corvus Belli<\/a><\/strong>\u00a0\u00a0para ser totalmente compatibles con<strong>\u00a0<a href=\"http:\/\/infinitythegame.com\/\" target=\"_blank\"><strong>Infinity the game<\/strong><\/a>.<\/strong><\/p>\n<div class=\"moreinfo\">\n<p><strong>Material:<\/strong>\u00a0Cart\u00f3n de alta densidad.<\/p>\n<p><strong><strong>Espesor:\u00a0<\/strong><\/strong>0,32 mm<strong><br \/>\n<\/strong><\/p>\n<p><strong><strong>Tama\u00f1o:<\/strong>\u00a0<\/strong>24 mm, 39 mm<\/p>\n<p><strong><strong>Cantidad:<\/strong>\u00a0<\/strong>15\u00a0cubiertas circulares\u00a0d de 25 mm y 1 de 40 mm<\/p>\n<p><strong>Uso:\u00a0<\/strong>Como elemento decorativo para hacer bases personalizadas para las miniaturas de <strong><a href=\"http:\/\/infinitythegame.com\/faction_YUJ.php\">Yu Jing<\/a><\/strong><b><a href=\"http:\/\/www.infinitythegame.com\/infinity\/es\/category\/pano\/\">\u00a0<\/a><\/b>y<b> <strong><a href=\"http:\/\/infinitythegame.com\/faction_HAQ.php\">Haqqislam<\/a><\/strong><a href=\"http:\/\/www.infinitythegame.com\/infinity\/es\/category\/nomads\/\">\u00a0<\/a><\/b>de<b>\u00a0<\/b><strong><strong><a href=\"http:\/\/www.infinitythegame.com\/infinity\/en\">Infinity<\/a>.<\/strong><\/strong><\/p>\n<\/div>\n<p><strong>Nota:\u00a0<\/strong>Este producto se vende sin pintar ni montar. El pintado\u00a0de la foto es s\u00f3lo una sugerencia de pintado y esta realizada por\u00a0<strong><a href=\"http:\/\/studiogiraldez.blogspot.com.es\/\">Angel Giraldez<\/a>.<\/strong><\/p>\n","protected":false},"excerpt":{"rendered":"<p>Finas decoraciones para bases de\u00a0<a href=\"https:\/\/www.infinitythegame.com\/article.php?id=209\"><strong>\u00abOperation Red Veil\u00bb<\/strong><\/a><b><a href=\"http:\/\/www.infinitythegame.com\/infinity\/es\/category\/pano\/\">\u00a0<\/a>\u00a0<\/b>de\u00a0\u00a0<a href=\"http:\/\/infinitythegame.com\/\" target=\"_blank\"><strong>Infinity the game<\/strong><\/a><\/p>\n","protected":false},"featured_media":23808,"template":"","meta":{"_acf_changed":false},"product_brand":[],"product_cat":[881,304,350,1370,291,1394,2360,1372],"product_tag":[704,646,306],"class_list":{"0":"post-23502","1":"product","2":"type-product","3":"status-publish","4":"has-post-thumbnail","6":"product_cat-angiraldez","7":"product_cat-bases-es","8":"product_cat-bases-es-infinity-es-2","9":"product_cat-customeeple-es","10":"product_cat-infinity-es-2","11":"product_cat-infinity-es","12":"product_cat-productos-oficiales","13":"product_cat-sci-fi-es","14":"product_tag-giraldez-es-2","15":"product_tag-infinity-es-2","16":"product_tag-infinity-the-game-es-2","18":"first","19":"instock","20":"taxable","21":"shipping-taxable","22":"purchasable","23":"product-type-simple"},"exclude_global_add_ons":[],"addons":[],"acf":[],"_links":{"self":[{"href":"https:\/\/www.customeeple.com\/es\/wp-json\/wp\/v2\/product\/23502","targetHints":{"allow":["GET"]}}],"collection":[{"href":"https:\/\/www.customeeple.com\/es\/wp-json\/wp\/v2\/product"}],"about":[{"href":"https:\/\/www.customeeple.com\/es\/wp-json\/wp\/v2\/types\/product"}],"wp:featuredmedia":[{"embeddable":true,"href":"https:\/\/www.customeeple.com\/es\/wp-json\/wp\/v2\/media\/23808"}],"wp:attachment":[{"href":"https:\/\/www.customeeple.com\/es\/wp-json\/wp\/v2\/media?parent=23502"}],"wp:term":[{"taxonomy":"product_brand","embeddable":true,"href":"https:\/\/www.customeeple.com\/es\/wp-json\/wp\/v2\/product_brand?post=23502"},{"taxonomy":"product_cat","embeddable":true,"href":"https:\/\/www.customeeple.com\/es\/wp-json\/wp\/v2\/product_cat?post=23502"},{"taxonomy":"product_tag","embeddable":true,"href":"https:\/\/www.customeeple.com\/es\/wp-json\/wp\/v2\/product_tag?post=23502"}],"curies":[{"name":"wp","href":"https:\/\/api.w.org\/{rel}","templated":true}]}}