{"id":2340,"date":"2013-04-28T13:02:58","date_gmt":"2013-04-28T12:02:58","guid":{"rendered":"http:\/\/www.customeeple.com\/product\/fortress-token-1-unit-b-2\/"},"modified":"2025-01-28T17:06:54","modified_gmt":"2025-01-28T16:06:54","slug":"fortress-token-1-unit-b","status":"publish","type":"product","link":"https:\/\/www.customeeple.com\/es\/producto\/fortress-token-1-unit-b\/","title":{"rendered":"Ficha fortificaci\u00f3n B (1 unidad)"},"content":{"rendered":"<p>Ficha individual con forma de fortificaci\u00f3n, \u00fasala como objeto decorativo o para cualquier juego que deba simbolizar un espacio fortificado.<\/p>\n<div class=\"moreinfo\"><strong>Material:<\/strong>\u00a0Metacrilato<\/p>\n<p><strong>Espesor:<\/strong>\u00a03mm<\/p>\n<p><strong>Cantidad:<\/strong>\u00a01 ficha de fortificaci\u00f3n.<\/p>\n<p><strong>Uso:<\/strong>\u00a0Usar en juegos de tablero o incluso para \u00a0fines decorativos<\/div>\n","protected":false},"excerpt":{"rendered":"<p>A token shaped as defensive fortress designed to use in any historical game.<\/p>\n","protected":false},"featured_media":3712,"template":"","meta":{"_acf_changed":false},"product_brand":[],"product_cat":[78],"product_tag":[255],"class_list":{"0":"post-2340","1":"product","2":"type-product","3":"status-publish","4":"has-post-thumbnail","6":"product_cat-meeple-2","7":"product_tag-afewacresofsnow-es","8":"pa_design-diseno-a","9":"pa_design-diseno-b","10":"pa_design-diseno-c","11":"pa_design-diseno-d","12":"pa_design-multi-diseno","14":"first","15":"instock","16":"taxable","17":"shipping-taxable","18":"purchasable","19":"product-type-simple"},"exclude_global_add_ons":[],"addons":[],"acf":[],"_links":{"self":[{"href":"https:\/\/www.customeeple.com\/es\/wp-json\/wp\/v2\/product\/2340","targetHints":{"allow":["GET"]}}],"collection":[{"href":"https:\/\/www.customeeple.com\/es\/wp-json\/wp\/v2\/product"}],"about":[{"href":"https:\/\/www.customeeple.com\/es\/wp-json\/wp\/v2\/types\/product"}],"wp:featuredmedia":[{"embeddable":true,"href":"https:\/\/www.customeeple.com\/es\/wp-json\/wp\/v2\/media\/3712"}],"wp:attachment":[{"href":"https:\/\/www.customeeple.com\/es\/wp-json\/wp\/v2\/media?parent=2340"}],"wp:term":[{"taxonomy":"product_brand","embeddable":true,"href":"https:\/\/www.customeeple.com\/es\/wp-json\/wp\/v2\/product_brand?post=2340"},{"taxonomy":"product_cat","embeddable":true,"href":"https:\/\/www.customeeple.com\/es\/wp-json\/wp\/v2\/product_cat?post=2340"},{"taxonomy":"product_tag","embeddable":true,"href":"https:\/\/www.customeeple.com\/es\/wp-json\/wp\/v2\/product_tag?post=2340"}],"curies":[{"name":"wp","href":"https:\/\/api.w.org\/{rel}","templated":true}]}}