{"id":23366,"date":"2016-08-25T18:36:26","date_gmt":"2016-08-25T17:36:26","guid":{"rendered":"http:\/\/www.customeeple.com\/es\/producto\/cubierta-de-base-haqqislam\/"},"modified":"2021-08-06T10:34:09","modified_gmt":"2021-08-06T09:34:09","slug":"cubierta-de-base-haqqislam","status":"publish","type":"product","link":"https:\/\/www.customeeple.com\/es\/producto\/cubierta-de-base-haqqislam\/","title":{"rendered":"Cubiertas de Base \u00abHaqqislam\u00bb"},"content":{"rendered":"<div class=\"infopreorder\">Por lo general, el tama\u00f1o de la base de una miniatura es diferente al tama\u00f1o de la parte superior de la base, por ejemplo, una base de 30 mm de M2E Malifaux tiene 25 mm dentro del hueco, por lo que si no est\u00e1 seguro de lo que necesita, puedes verificar el tama\u00f1o de correlaci\u00f3n de base con la parte superior de la base<a href=\"http:\/\/www.customeeple.com\/base-top-size-guide\/\">\u00a0aqu\u00ed.<\/a><\/div>\n<p>Nuestras Cubiertas de bases son perfectas para mejorar el aspecto de tus miniaturas de\u00a0<strong><a href=\"http:\/\/infinitythegame.com\/\" target=\"_blank\" rel=\"noopener\">Infinity\u00a0<\/a>\u00a0<\/strong><\/p>\n<p>El producto incluye un set de finas cubiertas grabadas con dise\u00f1o\u00a0<strong><a href=\"http:\/\/infinitythegame.com\/faction_HAQ.php\">Haqqislam<\/a>\u00a0<\/strong>son las mismas usadas en nuestro pack de<strong>\u00a0<a href=\"http:\/\/store.infinitythegame.com\/articulo.php?id=2564\">\u00abOperaci\u00f3n Red Veil\u00bb<\/a><\/strong><\/p>\n<p>Las cubiertas est\u00e1n pensadas \u00a0para ser pegadas encima de las bases est\u00e1ndar de\u00a0<strong><a href=\"http:\/\/infinitythegame.com\/\" target=\"_blank\" rel=\"noopener\">Infinity\u00a0<\/a><\/strong>\u00a0 sin a\u00f1adir demasiado grosor. El producto puede comprarse para bases de 25, 40, 55 y 70 mm. Las bases pl\u00e1sticas\u00a0<strong>NO\u00a0<\/strong>se incluyen, se venden por separado.<\/p>\n<p>Todas las cubiertas han sido fabricadas en\u00a0Cart\u00f3n de alta densidad\u00a0un material de cart\u00f3n para modelismo muy resistente, similar al DM. Casi no se notar\u00e1 el grosor al pegarlo a la base ya que mide 0,32mm de alto.<\/p>\n<p>Todas las piezas han sido dise\u00f1adas en colaboraci\u00f3n con\u00a0<strong><a href=\"http:\/\/www.corvusbelli.com\/\">Corvus Belli<\/a><\/strong>\u00a0\u00a0para ser totalmente compatibles con<strong>\u00a0<a href=\"http:\/\/infinitythegame.com\/\" target=\"_blank\" rel=\"noopener\"><strong>Infinity the game<\/strong><\/a>.<\/strong><\/p>\n<div class=\"moreinfo\">\n<p><strong>Material:<\/strong>\u00a0Cart\u00f3n de alta densidad y elementos decorativos en metacrilato<\/p>\n<p><strong>Espesor:\u00a0<\/strong>0,32 mm<strong><br \/>\n<\/strong><\/p>\n<p><strong>Tama\u00f1o:\u00a0<\/strong>Varia<\/p>\n<p><strong>Cantidad: <\/strong>De<strong>\u00a0<\/strong>1\u00a0a 5 cubiertas circulares\u00a0decorativas<\/p>\n<p><strong>Uso:\u00a0<\/strong>Como elemento decorativo para hacer bases personalizadas para las miniaturas de <strong><a href=\"http:\/\/infinitythegame.com\/faction_HAQ.php\">Haqqislam<\/a>\u00a0<\/strong>para\u00a0<strong><strong><a href=\"http:\/\/www.infinitythegame.com\/infinity\/en\">Infinity<\/a><\/strong><\/strong><\/p>\n<\/div>\n<p><strong>Nota:\u00a0<\/strong>Este producto se vende sin pintar ni montar. El pintado\u00a0de la foto es s\u00f3lo una sugerencia de pintado<\/p>\n","protected":false},"excerpt":{"rendered":"<p>Decoraci\u00f3n para crear bases personalizadas para las miniaturas de <strong><a href=\"http:\/\/infinitythegame.com\/faction_HAQ.php\">Haqqislam<\/a>\u00a0<\/strong>para\u00a0\u00a0<a href=\"http:\/\/infinitythegame.com\/\" target=\"_blank\" rel=\"noopener\"><strong>Infinity the game<\/strong><\/a><\/p>\n","protected":false},"featured_media":23738,"template":"","meta":{"_acf_changed":false},"product_brand":[],"product_cat":[350,304,1370,291,1394,2360,1372],"product_tag":[646,306],"class_list":{"0":"post-23366","1":"product","2":"type-product","3":"status-publish","4":"has-post-thumbnail","6":"product_cat-bases-es-infinity-es-2","7":"product_cat-bases-es","8":"product_cat-customeeple-es","9":"product_cat-infinity-es-2","10":"product_cat-infinity-es","11":"product_cat-productos-oficiales","12":"product_cat-sci-fi-es","13":"product_tag-infinity-es-2","14":"product_tag-infinity-the-game-es-2","15":"pa_bsize-24mm","16":"pa_bsize-1082","17":"pa_bsize-567","18":"pa_bsize-963","20":"first","21":"instock","22":"taxable","23":"shipping-taxable","24":"purchasable","25":"product-type-variable"},"exclude_global_add_ons":[],"addons":[],"acf":[],"_links":{"self":[{"href":"https:\/\/www.customeeple.com\/es\/wp-json\/wp\/v2\/product\/23366","targetHints":{"allow":["GET"]}}],"collection":[{"href":"https:\/\/www.customeeple.com\/es\/wp-json\/wp\/v2\/product"}],"about":[{"href":"https:\/\/www.customeeple.com\/es\/wp-json\/wp\/v2\/types\/product"}],"wp:featuredmedia":[{"embeddable":true,"href":"https:\/\/www.customeeple.com\/es\/wp-json\/wp\/v2\/media\/23738"}],"wp:attachment":[{"href":"https:\/\/www.customeeple.com\/es\/wp-json\/wp\/v2\/media?parent=23366"}],"wp:term":[{"taxonomy":"product_brand","embeddable":true,"href":"https:\/\/www.customeeple.com\/es\/wp-json\/wp\/v2\/product_brand?post=23366"},{"taxonomy":"product_cat","embeddable":true,"href":"https:\/\/www.customeeple.com\/es\/wp-json\/wp\/v2\/product_cat?post=23366"},{"taxonomy":"product_tag","embeddable":true,"href":"https:\/\/www.customeeple.com\/es\/wp-json\/wp\/v2\/product_tag?post=23366"}],"curies":[{"name":"wp","href":"https:\/\/api.w.org\/{rel}","templated":true}]}}