{"id":23176,"date":"2016-08-04T09:42:09","date_gmt":"2016-08-04T08:42:09","guid":{"rendered":"http:\/\/www.customeeple.com\/es\/?post_type=product&#038;p=23176"},"modified":"2016-08-04T16:22:35","modified_gmt":"2016-08-04T14:22:35","slug":"malifaux-innombrable","status":"publish","type":"product","link":"https:\/\/www.customeeple.com\/es\/producto\/malifaux-innombrable\/","title":{"rendered":"Malifaux Base \u00abEscaleras innombrables\u00bb"},"content":{"rendered":"<p>Un horror innombrable baja arrastr\u00e1ndose por las escaleras, el horror que tu prefieras.<\/p>\n<p>Una base decorativa de 50mm para\u00a0<strong><a href=\"http:\/\/www.wyrd-games.net\/malifaux\">Malifaux<\/a>. <\/strong>Tiene grabado un patr\u00f3n de damero, pero su rasgo mas destacable son su dos pelda\u00f1os de escalera incluidas en la base. Haci\u00e9ndola perfecta para tu miniatura favorita de\u00a0<strong><a href=\"http:\/\/www.wyrd-games.net\/malifaux\">Malifaux<\/a><\/strong><\/p>\n<p>Todas las piezas han sido dise\u00f1adas en colaboraci\u00f3n con <strong><a href=\"http:\/\/www.wyrd-games.net\/\">Wyrd games<\/a>\u00a0<\/strong>para ser totalmente compatibles con <strong><a href=\"http:\/\/www.wyrd-games.net\/malifaux\">Malifaux<\/a>.<\/strong><\/p>\n<div class=\"moreinfo\">\n<p><strong>Material:\u00a0<\/strong>DM y cart\u00f3n de alta densidad<\/p>\n<p dir=\"ltr\"><strong>Espesor:<\/strong>\u00a02,5 mm<\/p>\n<p dir=\"ltr\"><strong>Tama\u00f1o: <\/strong>40\u00a0mm para encajar perfectamente en una base de\u00a050 mm<strong><br \/>\n<\/strong><\/p>\n<p dir=\"ltr\"><strong>Cantidad: <\/strong>1\u00a0base<\/p>\n<p><strong>Use: <\/strong>Base decorativa para<strong>\u00a0<\/strong>\u00a0<strong><a href=\"http:\/\/www.wyrd-games.net\/malifaux\">Malifaux<\/a><\/strong><strong><a href=\"http:\/\/www.manticgames.com\/mantic-shop\/kings-of-war.html\">\u00a0<\/a>\u00a0<\/strong><\/p>\n<\/div>\n<div class=\"infopreorder\"><strong>Nota:<\/strong>\u00a0Este producto se vende sin pintar ni montar, necesitar\u00e1s pegamento para ensamblarlo.\u00a0El producto no incluye las miniaturas ni las bases standar de\u00a0<strong><a href=\"http:\/\/www.wyrd-games.net\/malifaux\">Malifaux<\/a>.<\/strong><\/div>\n","protected":false},"excerpt":{"rendered":"<p>Base decorativa para \u00a0<strong><a href=\"http:\/\/www.wyrd-games.net\/malifaux\">Malifaux<\/a><\/strong><\/p>\n","protected":false},"featured_media":23218,"template":"","meta":{"_acf_changed":false},"product_brand":[],"product_cat":[304,1672,1370,1671,1425,922],"product_tag":[1652],"class_list":{"0":"post-23176","1":"product","2":"type-product","3":"status-publish","4":"has-post-thumbnail","6":"product_cat-bases-es","7":"product_cat-bases-es-4","8":"product_cat-customeeple-es","9":"product_cat-malifaux-es-3","10":"product_cat-malifaux-es-2","11":"product_cat-malifaux-es","12":"product_tag-malifaux-es-2","14":"first","15":"instock","16":"taxable","17":"shipping-taxable","18":"purchasable","19":"product-type-simple"},"exclude_global_add_ons":[],"addons":[],"acf":[],"_links":{"self":[{"href":"https:\/\/www.customeeple.com\/es\/wp-json\/wp\/v2\/product\/23176","targetHints":{"allow":["GET"]}}],"collection":[{"href":"https:\/\/www.customeeple.com\/es\/wp-json\/wp\/v2\/product"}],"about":[{"href":"https:\/\/www.customeeple.com\/es\/wp-json\/wp\/v2\/types\/product"}],"wp:featuredmedia":[{"embeddable":true,"href":"https:\/\/www.customeeple.com\/es\/wp-json\/wp\/v2\/media\/23218"}],"wp:attachment":[{"href":"https:\/\/www.customeeple.com\/es\/wp-json\/wp\/v2\/media?parent=23176"}],"wp:term":[{"taxonomy":"product_brand","embeddable":true,"href":"https:\/\/www.customeeple.com\/es\/wp-json\/wp\/v2\/product_brand?post=23176"},{"taxonomy":"product_cat","embeddable":true,"href":"https:\/\/www.customeeple.com\/es\/wp-json\/wp\/v2\/product_cat?post=23176"},{"taxonomy":"product_tag","embeddable":true,"href":"https:\/\/www.customeeple.com\/es\/wp-json\/wp\/v2\/product_tag?post=23176"}],"curies":[{"name":"wp","href":"https:\/\/api.w.org\/{rel}","templated":true}]}}