{"id":23154,"date":"2016-08-04T10:01:11","date_gmt":"2016-08-04T10:39:12","guid":{"rendered":"http:\/\/www.customeeple.com\/es\/producto\/tapete-batalla-espacial-90cmx90cm-copy\/"},"modified":"2025-01-29T11:37:03","modified_gmt":"2025-01-29T10:37:03","slug":"tapete-batalla-espacial-9144cmx9144cm-copy","status":"publish","type":"product","link":"https:\/\/www.customeeple.com\/es\/producto\/tapete-batalla-espacial-9144cmx9144cm-copy\/","title":{"rendered":"Malifaux tapete de juego (91,44cmx91,44cm)"},"content":{"rendered":"<p>A\u00f1ade una peque\u00f1a parte del mundo de\u00a0<strong><a href=\"http:\/\/www.wyrd-games.net\/malifaux\">Malifaux<\/a>\u00a0<\/strong>a tus mesas de juego con nuestros complementos\u00a0de escenograf\u00eda.<\/p>\n<p>El tapete tiene impreso un ambiente de ciudad oscura. Puedes f\u00e1cilmente usarlo como base de tus mesas de juegos de\u00a0<strong><a href=\"http:\/\/www.wyrd-games.net\/malifaux\">Malifaux<\/a>\u00a0<\/strong>y con solo unas cuantas piezas de escenograf\u00eda m\u00e1s, crear una ambientaci\u00f3n perfecta para tus partidas.<\/p>\n<p>El tapete esta fabricado en lona, un material flexible y f\u00e1cil de transportar. Es el mismo que se emplea en los anuncios publicitarios de exteriores.<\/p>\n<p>Nuestra escenograf\u00eda <a href=\"http:\/\/www.customeeple.com\/?s=millbank\"><strong>Millbank<\/strong>\u00a0<\/a>es perfecta para usar en cualquier mesa de juego de\u00a0<strong><a href=\"http:\/\/www.wyrd-games.net\/malifaux\">Malifaux<\/a>. <\/strong>Es f\u00e1cilmente compatible con otros productos <a href=\"http:\/\/www.customeeple.com\/?s=millbank\"><strong>Millbank Street<\/strong><\/a> para crear una mesa tem\u00e1tica para tus juegos.<\/p>\n<p>Todas las piezas han sido dise\u00f1adas en colaboraci\u00f3n\u00a0<strong><a href=\"http:\/\/www.wyrd-games.net\/\">Wyrd games<\/a>\u00a0<\/strong>para ser totalmente compatibles con<strong>\u00a0<\/strong><strong><a href=\"http:\/\/www.wyrd-games.net\/malifaux\">Malifaux<\/a>.<\/strong><\/p>\n<p><strong>Material:<\/strong>\u00a0Outdoor banner<\/p>\n<div class=\"moreinfo\">\n<p><strong>Tama\u00f1o:<\/strong> 91,44 cm x 91,44 cm. Por favor tened en cuenta que el proceso de producci\u00f3n del tapete puede tener alguna tolerancia en cuanto a la medida.<\/p>\n<p><strong>Cantidad:<\/strong>\u00a01<\/p>\n<p><strong>Uso: <\/strong>Tapete para completar tu\u00a0mesas de<strong>\u00a0<\/strong>\u00a0<strong><a href=\"http:\/\/www.wyrd-games.net\/malifaux\">Malifaux<\/a>.<\/strong><\/p>\n<\/div>\n<p>&nbsp;<\/p>\n","protected":false},"excerpt":{"rendered":"<p>Tapete para completar tu\u00a0mesa de\u00a0<strong><a href=\"http:\/\/www.wyrd-games.net\/malifaux\">Malifaux<\/a>.<\/strong><\/p>\n","protected":false},"featured_media":23193,"template":"","meta":{"_acf_changed":false},"product_brand":[],"product_cat":[1671,79],"product_tag":[1652],"class_list":{"0":"post-23154","1":"product","2":"type-product","3":"status-publish","4":"has-post-thumbnail","6":"product_cat-malifaux-es-3","7":"product_cat-tapete","8":"product_tag-malifaux-es-2","9":"product_shipping_class-bigtube","11":"first","12":"instock","13":"sale","14":"taxable","15":"shipping-taxable","16":"purchasable","17":"product-type-simple"},"exclude_global_add_ons":[],"addons":[],"acf":[],"_links":{"self":[{"href":"https:\/\/www.customeeple.com\/es\/wp-json\/wp\/v2\/product\/23154","targetHints":{"allow":["GET"]}}],"collection":[{"href":"https:\/\/www.customeeple.com\/es\/wp-json\/wp\/v2\/product"}],"about":[{"href":"https:\/\/www.customeeple.com\/es\/wp-json\/wp\/v2\/types\/product"}],"wp:featuredmedia":[{"embeddable":true,"href":"https:\/\/www.customeeple.com\/es\/wp-json\/wp\/v2\/media\/23193"}],"wp:attachment":[{"href":"https:\/\/www.customeeple.com\/es\/wp-json\/wp\/v2\/media?parent=23154"}],"wp:term":[{"taxonomy":"product_brand","embeddable":true,"href":"https:\/\/www.customeeple.com\/es\/wp-json\/wp\/v2\/product_brand?post=23154"},{"taxonomy":"product_cat","embeddable":true,"href":"https:\/\/www.customeeple.com\/es\/wp-json\/wp\/v2\/product_cat?post=23154"},{"taxonomy":"product_tag","embeddable":true,"href":"https:\/\/www.customeeple.com\/es\/wp-json\/wp\/v2\/product_tag?post=23154"}],"curies":[{"name":"wp","href":"https:\/\/api.w.org\/{rel}","templated":true}]}}