{"id":23021,"date":"2016-08-04T10:06:02","date_gmt":"2016-08-04T15:00:00","guid":{"rendered":"http:\/\/www.customeeple.com\/?post_type=product&#038;p=23021"},"modified":"2016-08-04T17:00:00","modified_gmt":"2016-08-04T15:00:00","slug":"malifaux-casas-modulares-millbank-street","status":"publish","type":"product","link":"https:\/\/www.customeeple.com\/es\/producto\/malifaux-casas-modulares-millbank-street\/","title":{"rendered":"Malifaux casas modulares \u00abMillbank Street\u00bb"},"content":{"rendered":"<p>A\u00f1ade una peque\u00f1a parte del mundo de\u00a0<strong><a href=\"http:\/\/www.wyrd-games.net\/malifaux\">Malifaux<\/a><\/strong>\u00a0a tus mesas de juego con nuestras piezas de escenograf\u00eda.<strong><br \/>\n<\/strong><\/p>\n<p>Este producto contiene 4 edificaciones modulares apilables que puedes combinar de la manera que quieras para crear 2 edificios completos con tejado extraible. O si lo prefieres crear hasta seis peque\u00f1as edificaciones que puedes distribuir por tu mesa de juego. Contiene tambi\u00e9n dos balcones que puedes opcionalmente a\u00f1adir a los edificios, ademas los techos planos tienen todos grabados una peque\u00f1as trampilla que puedes perforar y usar a nivel de juego. Adem\u00e1s incluimos un set de piezas de metacrilato transparente para utilizar como ventanas en los edificios.<\/p>\n<p>Nuestras casas <a href=\"http:\/\/www.customeeple.com\/?s=millbank&amp;post_type=product\"><strong>Millbank<\/strong><\/a> son perfectas para ser usadas en cualquier mesa de juego de <strong><a href=\"http:\/\/www.wyrd-games.net\/malifaux\">Malifaux<\/a><\/strong>. Puedes combinarlas con otros de nuestros productos <a href=\"http:\/\/www.customeeple.com\/?s=millbank&amp;post_type=product\"><strong>Millbank Street<\/strong><\/a> y crear una ambientaci\u00f3n tem\u00e1tica para tus partidas.<\/p>\n<p>Advierte que nuestras casas modulares <strong>Millbank street<\/strong> son solo las primeras de una serie de productos de edificaciones modulares. Pronto sacaremos nuevos productos que ser\u00e1n todos compatibles entre si. De esta manera podr\u00e1s crear una mesa tem\u00e1tica que adem\u00e1s podr\u00e1s variar en cada partida.<\/p>\n<p>Todas las piezas han sido dise\u00f1adas en colaboraci\u00f3n con Wyrd games para ser totalmente compatibles con <strong><a href=\"http:\/\/www.wyrd-games.net\/malifaux\">Malifaux<\/a>.<\/strong><\/p>\n<div class=\"moreinfo\">\n<p><strong>Material:<\/strong> DM y Cart\u00f3n de alta densidad<\/p>\n<p dir=\"ltr\"><strong>Espesor:<\/strong>\u00a02,5 mm<\/p>\n<p dir=\"ltr\"><strong>Tama\u00f1o:<\/strong> 1o x 1o x 6,5\/7,5 cm (cada m\u00f3dulo)<\/p>\n<p dir=\"ltr\"><strong>Cantidad:<\/strong> 4 edificios, 2 tejados y complementos de escenograf\u00eda.<\/p>\n<p><strong>Uso: <\/strong>Edificios de escenograf\u00eda para\u00a0<strong><a href=\"http:\/\/www.wyrd-games.net\/malifaux\">Malifaux<\/a>.<\/strong><\/p>\n<\/div>\n<div class=\"infopreorder\"><strong>Nota:<\/strong> Este producto se vende sin pintar ni montar, necesitaras pegamento para su montaje. Miniaturas no incluidas.<\/div>\n","protected":false},"excerpt":{"rendered":"<p>Scenery\u00a0modular buildings\u00a0for \u00a0<strong><a href=\"http:\/\/www.wyrd-games.net\/malifaux\">Malifaux<\/a>.<\/strong><\/p>\n","protected":false},"featured_media":23026,"template":"","meta":{"_acf_changed":false},"product_brand":[],"product_cat":[926,1671,922],"product_tag":[1652],"class_list":{"0":"post-23021","1":"product","2":"type-product","3":"status-publish","4":"has-post-thumbnail","6":"product_cat-escenografia-es-2","7":"product_cat-malifaux-es-3","8":"product_cat-malifaux-es","9":"product_tag-malifaux-es-2","11":"first","12":"instock","13":"taxable","14":"shipping-taxable","15":"purchasable","16":"product-type-variable"},"exclude_global_add_ons":[],"addons":[],"acf":[],"_links":{"self":[{"href":"https:\/\/www.customeeple.com\/es\/wp-json\/wp\/v2\/product\/23021","targetHints":{"allow":["GET"]}}],"collection":[{"href":"https:\/\/www.customeeple.com\/es\/wp-json\/wp\/v2\/product"}],"about":[{"href":"https:\/\/www.customeeple.com\/es\/wp-json\/wp\/v2\/types\/product"}],"wp:featuredmedia":[{"embeddable":true,"href":"https:\/\/www.customeeple.com\/es\/wp-json\/wp\/v2\/media\/23026"}],"wp:attachment":[{"href":"https:\/\/www.customeeple.com\/es\/wp-json\/wp\/v2\/media?parent=23021"}],"wp:term":[{"taxonomy":"product_brand","embeddable":true,"href":"https:\/\/www.customeeple.com\/es\/wp-json\/wp\/v2\/product_brand?post=23021"},{"taxonomy":"product_cat","embeddable":true,"href":"https:\/\/www.customeeple.com\/es\/wp-json\/wp\/v2\/product_cat?post=23021"},{"taxonomy":"product_tag","embeddable":true,"href":"https:\/\/www.customeeple.com\/es\/wp-json\/wp\/v2\/product_tag?post=23021"}],"curies":[{"name":"wp","href":"https:\/\/api.w.org\/{rel}","templated":true}]}}