{"id":22965,"date":"2016-08-04T10:00:59","date_gmt":"2016-08-04T09:00:59","guid":{"rendered":"http:\/\/www.customeeple.com\/es\/producto\/malifaux-ramos\/"},"modified":"2016-08-04T17:01:32","modified_gmt":"2016-08-04T15:01:32","slug":"malifaux-ramos","status":"publish","type":"product","link":"https:\/\/www.customeeple.com\/es\/producto\/malifaux-ramos\/","title":{"rendered":"Malifaux base modular \u00abRamos Arachnids\u00bb"},"content":{"rendered":"<p>Este pack contiene una base de 32 mm y 3 de 23 mm grabadas con un patr\u00f3n de losetas. Cada base contiene una secci\u00f3n\u00a0falsa extra\u00edble en la que puedes pegar un peque\u00f1o im\u00e1n de neodimio que sujete a la miniatura a la base. La base de 32 por su parte tiene 3 de estas secciones\u00a0con lo que puede albergar 3 miniaturas.<\/p>\n<p>Esto te permite reposicionar f\u00e1cilmente en cada partida \u00a0miniaturas como las<strong> <a href=\"http:\/\/www.wyrd-games.net\/ramos\/\">Ara\u00f1as mec\u00e1nicas de Ramos<\/a>, <\/strong>que pueden desplegarse en su propia base o en grupos de tres.<\/p>\n<p>Todas las piezas han sido dise\u00f1adas en colaboraci\u00f3n con <strong><a href=\"http:\/\/www.wyrd-games.net\/\">Wyrd games<\/a>\u00a0<\/strong>para ser totalmente compatibles con <strong><a href=\"http:\/\/www.wyrd-games.net\/malifaux\">Malifaux<\/a>.<\/strong><\/p>\n<div class=\"moreinfo\">\n<p><strong>Material:<\/strong>\u00a0DM e imanes de neodimio.<\/p>\n<p dir=\"ltr\"><strong>Espesor:<\/strong>\u00a02,5 mm<\/p>\n<p dir=\"ltr\"><strong>Tama\u00f1o: <\/strong>23\/32 para encajar perfectamente en cada base.<strong><br \/>\n<\/strong><\/p>\n<p dir=\"ltr\"><strong>Cantidad:\u00a0<\/strong>4\u00a0bases y 9 imanes<\/p>\n<p><strong>Uso:<\/strong>\u00a0Bases modulares para<strong>\u00a0<\/strong><strong><a href=\"http:\/\/www.wyrd-games.net\/malifaux\">Malifaux<\/a>.<\/strong><\/p>\n<\/div>\n<div class=\"infopreorder\"><strong>Nota:<\/strong>\u00a0Este producto se vende sin pintar ni montar, necesitar\u00e1s pegamento para ensamblarlo.\u00a0El producto no incluye las miniaturas ni las bases standar de\u00a0<strong><a href=\"http:\/\/www.wyrd-games.net\/malifaux\">Malifaux<\/a>.<\/strong><\/div>\n","protected":false},"excerpt":{"rendered":"<p>Base modulares\u00a0para\u00a0<strong><a href=\"http:\/\/www.wyrd-games.net\/malifaux\">Malifaux<\/a>.<\/strong><\/p>\n","protected":false},"featured_media":23216,"template":"","meta":{"_acf_changed":false},"product_brand":[],"product_cat":[304,1672,1425,1671,922,1623],"product_tag":[1652],"class_list":{"0":"post-22965","1":"product","2":"type-product","3":"status-publish","4":"has-post-thumbnail","6":"product_cat-bases-es","7":"product_cat-bases-es-4","8":"product_cat-malifaux-es-2","9":"product_cat-malifaux-es-3","10":"product_cat-malifaux-es","11":"product_cat-wargames-es-2","12":"product_tag-malifaux-es-2","14":"first","15":"instock","16":"taxable","17":"shipping-taxable","18":"purchasable","19":"product-type-simple"},"exclude_global_add_ons":[],"addons":[],"acf":[],"_links":{"self":[{"href":"https:\/\/www.customeeple.com\/es\/wp-json\/wp\/v2\/product\/22965","targetHints":{"allow":["GET"]}}],"collection":[{"href":"https:\/\/www.customeeple.com\/es\/wp-json\/wp\/v2\/product"}],"about":[{"href":"https:\/\/www.customeeple.com\/es\/wp-json\/wp\/v2\/types\/product"}],"wp:featuredmedia":[{"embeddable":true,"href":"https:\/\/www.customeeple.com\/es\/wp-json\/wp\/v2\/media\/23216"}],"wp:attachment":[{"href":"https:\/\/www.customeeple.com\/es\/wp-json\/wp\/v2\/media?parent=22965"}],"wp:term":[{"taxonomy":"product_brand","embeddable":true,"href":"https:\/\/www.customeeple.com\/es\/wp-json\/wp\/v2\/product_brand?post=22965"},{"taxonomy":"product_cat","embeddable":true,"href":"https:\/\/www.customeeple.com\/es\/wp-json\/wp\/v2\/product_cat?post=22965"},{"taxonomy":"product_tag","embeddable":true,"href":"https:\/\/www.customeeple.com\/es\/wp-json\/wp\/v2\/product_tag?post=22965"}],"curies":[{"name":"wp","href":"https:\/\/api.w.org\/{rel}","templated":true}]}}