{"id":22380,"date":"2016-05-25T09:45:46","date_gmt":"2016-05-25T08:45:46","guid":{"rendered":"http:\/\/www.customeeple.com\/es\/?post_type=product&#038;p=22380"},"modified":"2016-06-10T20:10:38","modified_gmt":"2016-06-10T18:10:38","slug":"casa-feng-huang","status":"publish","type":"product","link":"https:\/\/www.customeeple.com\/es\/producto\/casa-feng-huang\/","title":{"rendered":"Casa Feng-Huang"},"content":{"rendered":"<p>La<strong>\u00a0<a class=\"row-title\" href=\"http:\/\/www.customeeple.com\/wp-admin\/post.php?post=22002&amp;action=edit&amp;lang=en\">casa Feng-Huang <\/a>\u00a0<\/strong>(Casa del rey de las aves en chino) Es un edificio de ambientaci\u00f3n <strong>Yu Jing\u00a0<\/strong>lo que lo hace perfecto para cualquier batalla que involucre a la facci\u00f3n. El edificio incluye un peque\u00f1o segundo piso con un mirador.<\/p>\n<p>Adem\u00e1s puedes comprar tambi\u00e9n la habitaci\u00f3n de misiones<strong><a class=\"row-title\" href=\"\/?p=21990\"> Fu-ts\u2019ang-Lung ITS <\/a><\/strong>y la\u00a0<a href=\"\/?p=21996\"><strong>casa Shan-hsiao<\/strong><\/a> y combinar las tres para montar nuestro<strong><strong>\u00a0<strong><a class=\"row-title\" href=\"http:\/\/www.customeeple.com\/es\/producto\/infinity-palacio-prohibido\/\">Palacio Prohibido<\/a>. <\/strong><\/strong><\/strong>Un espectacular edificio \u00a0que puedes utilizar como la escenograf\u00eda principal en cualquier mesa de juego de<strong><strong><strong>\u00a0<a href=\"http:\/\/infinitythegame.com\/\" target=\"_blank\">Infinity the game<\/a><\/strong><\/strong><\/strong><\/p>\n<p>Todas las piezas han sido fabricadas en colaboracion con <strong><a href=\"http:\/\/www.corvusbelli.com\/\">Corvus Belli<\/a><\/strong>\u00a0para ser totalmente compatibles con <a href=\"http:\/\/infinitythegame.com\/\" target=\"_blank\"><strong>Infinity the game<\/strong><\/a>.<\/p>\n<div class=\"moreinfo\">\n<p><strong style=\"font-size: 14px; line-height: 1.5em;\">Material:\u00a0<\/strong><span style=\"font-size: 14px; line-height: 1.5em;\">DM y cart\u00f3n de alta densidad<\/span><\/p>\n<p dir=\"ltr\"><strong>Espesor:<\/strong> 2,5 mm<\/p>\n<p dir=\"ltr\"><strong>Tama\u00f1o: <\/strong>15 x 15 x 19 \u00a0cm\u00a0<strong><br \/>\n<\/strong><\/p>\n<p dir=\"ltr\"><strong>Cantidad:<\/strong> 1 scenery building<\/p>\n<p><strong>Uso:<\/strong>\u00a0Edificio de escenograf\u00eda para <a href=\"http:\/\/infinitythegame.com\/\" target=\"_blank\"><strong>Infinity the game<\/strong><\/a><\/p>\n<\/div>\n<div class=\"infopreorder\"><strong>Nota:<\/strong> Miniaturas y accesorios no incluidos. El edificio se vende sin montar ni pintar. Necesitaras pegamento para ensamblarlo.<\/div>\n","protected":false},"excerpt":{"rendered":"<p>Edificio de escenograf\u00eda compatible con\u00a0<strong><a href=\"http:\/\/www.infinitythegame.com\/infinity\/en\">Infinity the game\u00a0<\/a><\/strong><\/p>\n","protected":false},"featured_media":22043,"template":"","meta":{"_acf_changed":false},"product_brand":[],"product_cat":[191,346,1399,291,1394,2360,1372],"product_tag":[646,306],"class_list":{"0":"post-22380","1":"product","2":"type-product","3":"status-publish","4":"has-post-thumbnail","6":"product_cat-accesorios","7":"product_cat-escenografia","8":"product_cat-escenografia-es","9":"product_cat-infinity-es-2","10":"product_cat-infinity-es","11":"product_cat-productos-oficiales","12":"product_cat-sci-fi-es","13":"product_tag-infinity-es-2","14":"product_tag-infinity-the-game-es-2","16":"first","17":"instock","18":"taxable","19":"shipping-taxable","20":"purchasable","21":"product-type-simple"},"exclude_global_add_ons":[],"addons":[],"acf":[],"_links":{"self":[{"href":"https:\/\/www.customeeple.com\/es\/wp-json\/wp\/v2\/product\/22380","targetHints":{"allow":["GET"]}}],"collection":[{"href":"https:\/\/www.customeeple.com\/es\/wp-json\/wp\/v2\/product"}],"about":[{"href":"https:\/\/www.customeeple.com\/es\/wp-json\/wp\/v2\/types\/product"}],"wp:featuredmedia":[{"embeddable":true,"href":"https:\/\/www.customeeple.com\/es\/wp-json\/wp\/v2\/media\/22043"}],"wp:attachment":[{"href":"https:\/\/www.customeeple.com\/es\/wp-json\/wp\/v2\/media?parent=22380"}],"wp:term":[{"taxonomy":"product_brand","embeddable":true,"href":"https:\/\/www.customeeple.com\/es\/wp-json\/wp\/v2\/product_brand?post=22380"},{"taxonomy":"product_cat","embeddable":true,"href":"https:\/\/www.customeeple.com\/es\/wp-json\/wp\/v2\/product_cat?post=22380"},{"taxonomy":"product_tag","embeddable":true,"href":"https:\/\/www.customeeple.com\/es\/wp-json\/wp\/v2\/product_tag?post=22380"}],"curies":[{"name":"wp","href":"https:\/\/api.w.org\/{rel}","templated":true}]}}