{"id":22374,"date":"2016-05-23T18:13:16","date_gmt":"2016-05-23T16:13:16","guid":{"rendered":"http:\/\/www.customeeple.com\/product\/infinity-comlink-console-mk-ii-2-uds\/"},"modified":"2020-01-09T11:32:16","modified_gmt":"2020-01-09T10:32:16","slug":"infinity-comlink-console2","status":"publish","type":"product","link":"https:\/\/www.customeeple.com\/es\/producto\/infinity-comlink-console2\/","title":{"rendered":"Infinity Comlink Console &#8211; Mk II (2 Uds)"},"content":{"rendered":"<p>Consigue nuestros\u00a0<strong>objetivos de ITS 2016<\/strong>\u00a0para\u00a0<strong><a href=\"http:\/\/www.infinitythegame.com\/infinity\/en\">Infinity<\/a>\u00a0<\/strong>con un nuevo dise\u00f1o mejorado. Est\u00e1n dise\u00f1ados para ser utilizados como puntos de objetivos en cualquier misi\u00f3n. La pieza representa una consola de acesso o un panel de control.<\/p>\n<p>Puedes usarlos como objetivos de misi\u00f3n \u00a0\u00a0o incuso como piezas de\u00a0escenograf\u00eda para tus partidas de\u00a0<strong><a href=\"http:\/\/www.infinitythegame.com\/infinity\/en\">Infinity<\/a>.\u00a0<\/strong>El producto incluye una base de 40 mm<strong>\u00a0<\/strong>para servir de apoyo.<\/p>\n<p>Puedes elegir el color que prefieras para las piezas de metacrilato \u00a0(verde, amarillo, naranja&#8230;). Si no estas seguro de cual es el color id\u00f3neo para tus piezas puedes consultar nuestra p\u00e1gina de <em><a href=\"http:\/\/www.customeeple.com\/materials\/\"><strong>materiales<\/strong> <\/a><\/em>. El producto se vende sin pintar ni montar<\/p>\n<div class=\"moreinfo\">\n<p>Todas las piezas han sido fabricadas en colaboraci\u00f3n con\u00a0\u00a0<strong><a href=\"http:\/\/www.corvusbelli.com\/\" target=\"_blank\" rel=\"noopener noreferrer\">Corvus Belli\u00a0<\/a><\/strong>para ser totalmente compatibles con<strong><a href=\"http:\/\/www.corvusbelli.com\/\" target=\"_blank\" rel=\"noopener noreferrer\">\u00a0<\/a><a href=\"http:\/\/infinitythegame.com\/\" target=\"_blank\" rel=\"noopener noreferrer\"><strong>Infinity the game<\/strong><\/a>.<\/strong><\/p>\n<p><strong>Material:\u00a0<\/strong>DM\u00a0y metacrilato fluorescente<\/p>\n<p dir=\"ltr\"><strong>Espesor:<\/strong> 2,5 mm<\/p>\n<p dir=\"ltr\"><strong>Tama\u00f1o:<\/strong>\u00a02 x 4\u00a0x 3,2 cm<\/p>\n<p dir=\"ltr\"><strong>Cantidad:<\/strong> 2 Comlink console del color que elijas y dos bases de 40mm<\/p>\n<p><strong>Uso:<\/strong>\u00a0Como escenograf\u00eda u objetivo de misi\u00f3n<\/p>\n<\/div>\n<div class=\"infopreorder\"><strong>Nota:<\/strong>\u00a0Los colores de las piezas de metacrilato pueden variar ligeramente de los de la foto<\/div>\n","protected":false},"excerpt":{"rendered":"<p>Una consola para usar como escenograf\u00eda u objetivo ITS en\u00a0<strong style=\"font-family: Arial, Verdana; font-size: 13.3333px;\"><a href=\"http:\/\/www.infinitythegame.com\/infinity\/en\">Infinity the game<\/a>.<\/strong><\/p>\n","protected":false},"featured_media":22035,"template":"","meta":{"_acf_changed":false},"product_brand":[],"product_cat":[191,1399,346,291],"product_tag":[151,306],"class_list":{"0":"post-22374","1":"product","2":"type-product","3":"status-publish","4":"has-post-thumbnail","6":"product_cat-accesorios","7":"product_cat-escenografia-es","8":"product_cat-escenografia","9":"product_cat-infinity-es-2","10":"product_tag-infinity-es","11":"product_tag-infinity-the-game-es-2","12":"pa_methacrylate-colors-amarill-fluor-mfye","13":"pa_methacrylate-colors-azul-fluor-mfbl-es","14":"pa_methacrylate-colors-naranja-fluor-mfor-es","15":"pa_methacrylate-colors-magenta-fluor-mfma-es","16":"pa_methacrylate-colors-verde-fluor-mfgr","18":"first","19":"instock","20":"taxable","21":"shipping-taxable","22":"purchasable","23":"product-type-variable"},"exclude_global_add_ons":[],"addons":[],"acf":[],"_links":{"self":[{"href":"https:\/\/www.customeeple.com\/es\/wp-json\/wp\/v2\/product\/22374","targetHints":{"allow":["GET"]}}],"collection":[{"href":"https:\/\/www.customeeple.com\/es\/wp-json\/wp\/v2\/product"}],"about":[{"href":"https:\/\/www.customeeple.com\/es\/wp-json\/wp\/v2\/types\/product"}],"wp:featuredmedia":[{"embeddable":true,"href":"https:\/\/www.customeeple.com\/es\/wp-json\/wp\/v2\/media\/22035"}],"wp:attachment":[{"href":"https:\/\/www.customeeple.com\/es\/wp-json\/wp\/v2\/media?parent=22374"}],"wp:term":[{"taxonomy":"product_brand","embeddable":true,"href":"https:\/\/www.customeeple.com\/es\/wp-json\/wp\/v2\/product_brand?post=22374"},{"taxonomy":"product_cat","embeddable":true,"href":"https:\/\/www.customeeple.com\/es\/wp-json\/wp\/v2\/product_cat?post=22374"},{"taxonomy":"product_tag","embeddable":true,"href":"https:\/\/www.customeeple.com\/es\/wp-json\/wp\/v2\/product_tag?post=22374"}],"curies":[{"name":"wp","href":"https:\/\/api.w.org\/{rel}","templated":true}]}}