{"id":22371,"date":"2016-05-24T17:19:39","date_gmt":"2016-05-24T15:19:39","guid":{"rendered":"http:\/\/www.customeeple.com\/product\/holoecos-kanren-2-uds\/"},"modified":"2020-01-09T11:15:10","modified_gmt":"2020-01-09T10:15:10","slug":"holoecos-kanren-2-uds","status":"publish","type":"product","link":"https:\/\/www.customeeple.com\/es\/producto\/holoecos-kanren-2-uds\/","title":{"rendered":"Holoecos Kanren"},"content":{"rendered":"<p><span style=\"color: #333333; font-family: Georgia, 'Times New Roman', 'Bitstream Charter', Times, serif; font-size: 16px; line-height: 24px;\">Nuestras siluetas de holoecos oficiales est\u00e1n dise\u00f1adas para ser usadas\u00a0con las miniaturas de\u00a0<\/span><a style=\"font-family: Georgia, 'Times New Roman', 'Bitstream Charter', Times, serif; font-size: 16px; line-height: 24px;\" href=\"http:\/\/www.infinitythegame.com\/infinity\/es\"><strong>Infinity<\/strong><\/a><span style=\"color: #333333; font-family: Georgia, 'Times New Roman', 'Bitstream Charter', Times, serif; font-size: 16px; line-height: 24px;\">\u00a0con el poder de la Holoproyecci\u00f3n. Las piezas son de metacrilato fluorescente y puedes usarlas para representar las resonancias falsas de las miniaturas \u00bfCual ser\u00e1 la verdadera?<\/span><\/p>\n<p><span style=\"color: #333333; font-family: Georgia, 'Times New Roman', 'Bitstream Charter', Times, serif; font-size: 16px; line-height: 24px;\">Estas siluetas est\u00e1n fabricadas bas\u00e1ndose en la miniatura\u00a0<\/span><strong style=\"color: #333333; font-family: Georgia, 'Times New Roman', 'Bitstream Charter', Times, serif; font-size: 16px; line-height: 24px;\">Kanren<\/strong><span style=\"color: #333333; font-family: Georgia, 'Times New Roman', 'Bitstream Charter', Times, serif; font-size: 16px; line-height: 24px;\">\u00a0de la facci\u00f3n\u00a0<strong>Yu Jing<\/strong><\/span><strong style=\"color: #333333; font-family: Georgia, 'Times New Roman', 'Bitstream Charter', Times, serif; font-size: 16px; line-height: 24px;\">,\u00a0<\/strong><span style=\"color: #333333; font-family: Georgia, 'Times New Roman', 'Bitstream Charter', Times, serif; font-size: 16px; line-height: 24px;\">siendo<\/span><strong style=\"color: #333333; font-family: Georgia, 'Times New Roman', 'Bitstream Charter', Times, serif; font-size: 16px; line-height: 24px;\">\u00a0<\/strong><span style=\"color: #333333; font-family: Georgia, 'Times New Roman', 'Bitstream Charter', Times, serif; font-size: 16px; line-height: 24px;\">de la misma altura y contorno. Adem\u00e1s tienen n\u00fameros grabados para poder saber a cual de los objetivos est\u00e1 disparando el enemigo. <\/span><\/p>\n<p><span style=\"color: #333333; font-family: Georgia, 'Times New Roman', 'Bitstream Charter', Times, serif; font-size: 16px; line-height: 24px;\">Este producto viene con bases de metacrilato <\/span><span style=\"color: #333333; font-family: Georgia, 'Times New Roman', 'Bitstream Charter', Times, serif; font-size: 16px; line-height: 24px;\">para ser usadas con las siluetas (las piezas vienen sin montar).<\/span><\/p>\n<p><span style=\"color: #333333; font-family: Georgia, 'Times New Roman', 'Bitstream Charter', Times, serif; font-size: 16px; line-height: 24px;\">Todas nuestras fichas estan dise\u00f1adas en colaboraci\u00f3n con\u00a0<\/span><strong style=\"color: #333333; font-family: Georgia, 'Times New Roman', 'Bitstream Charter', Times, serif; font-size: 16px; line-height: 24px;\"><a href=\"http:\/\/www.corvusbelli.com\/\">Corvus Belli<\/a><\/strong><span style=\"color: #333333; font-family: Georgia, 'Times New Roman', 'Bitstream Charter', Times, serif; font-size: 16px; line-height: 24px;\">\u00a0para ser totalmente compatibles con\u00a0<\/span><strong style=\"color: #333333; font-family: Georgia, 'Times New Roman', 'Bitstream Charter', Times, serif; font-size: 16px; line-height: 24px;\"><a href=\"http:\/\/infinitythegame.com\/\" target=\"_blank\" rel=\"noopener noreferrer\">Infinity the game<\/a>.<\/strong><\/p>\n<div class=\"moreinfo\">\n<p><strong style=\"color: #333333; font-family: Georgia, 'Times New Roman', 'Bitstream Charter', Times, serif; font-size: 16px; line-height: 24px;\">Material:<\/strong><span style=\"color: #333333; font-family: Georgia, 'Times New Roman', 'Bitstream Charter', Times, serif; font-size: 16px; line-height: 24px;\">\u00a0Metacrilato naranja\u00a0fluorescente.<\/span><\/p>\n<div class=\"moreinfo\" style=\"color: #333333; font-family: Georgia, 'Times New Roman', 'Bitstream Charter', Times, serif; font-size: 16px; line-height: 24px;\">\n<p><strong>Tama\u00f1o:\u00a0<\/strong>Dise\u00f1ados para ser aproximadamente del mismo tama\u00f1o que la miniatura que representa.<\/p>\n<p><strong>Cantidad:<\/strong> 1-3 siluetas<\/p>\n<p><strong>Uso:\u00a0<\/strong>Para representar holoecos (se\u00f1uelos) en tus miniaturas de<strong><a href=\"http:\/\/www.infinitythegame.com\/infinity\/es\">\u00a0Infinity<\/a>.<\/strong><\/p>\n<\/div>\n<p style=\"color: #333333; font-family: Georgia, 'Times New Roman', 'Bitstream Charter', Times, serif; font-size: 16px; line-height: 24px;\"><strong>Nota:<\/strong>\u00a0Miniaturas no incluidas.<\/p>\n<\/div>\n<div class=\"infopreorder\"><strong>Nota:<\/strong>\u00a0Los colores de las piezas de metacrilato pueden variar ligeramente de los mostrados en la foto. Miniaturas no incluidas<\/div>\n","protected":false},"excerpt":{"rendered":"<p>Siluetas de Holoecos de la miniatura Kanren para\u00a0<a style=\"font-family: Arial, Verdana; font-size: 13.3333px;\" href=\"http:\/\/www.infinitythegame.com\/infinity\/en\/\"><strong>Infinity the game<\/strong><\/a><\/p>\n","protected":false},"featured_media":21936,"template":"","meta":{"_acf_changed":false},"product_brand":[],"product_cat":[291,347,78,345],"product_tag":[151,306],"class_list":{"0":"post-22371","1":"product","2":"type-product","3":"status-publish","4":"has-post-thumbnail","6":"product_cat-infinity-es-2","7":"product_cat-marcadores-es","8":"product_cat-meeple-2","9":"product_cat-siluetas","10":"product_tag-infinity-es","11":"product_tag-infinity-the-game-es-2","13":"first","14":"instock","15":"taxable","16":"shipping-taxable","17":"purchasable","18":"product-type-variable","19":"has-default-attributes"},"exclude_global_add_ons":[],"addons":[],"acf":[],"_links":{"self":[{"href":"https:\/\/www.customeeple.com\/es\/wp-json\/wp\/v2\/product\/22371","targetHints":{"allow":["GET"]}}],"collection":[{"href":"https:\/\/www.customeeple.com\/es\/wp-json\/wp\/v2\/product"}],"about":[{"href":"https:\/\/www.customeeple.com\/es\/wp-json\/wp\/v2\/types\/product"}],"wp:featuredmedia":[{"embeddable":true,"href":"https:\/\/www.customeeple.com\/es\/wp-json\/wp\/v2\/media\/21936"}],"wp:attachment":[{"href":"https:\/\/www.customeeple.com\/es\/wp-json\/wp\/v2\/media?parent=22371"}],"wp:term":[{"taxonomy":"product_brand","embeddable":true,"href":"https:\/\/www.customeeple.com\/es\/wp-json\/wp\/v2\/product_brand?post=22371"},{"taxonomy":"product_cat","embeddable":true,"href":"https:\/\/www.customeeple.com\/es\/wp-json\/wp\/v2\/product_cat?post=22371"},{"taxonomy":"product_tag","embeddable":true,"href":"https:\/\/www.customeeple.com\/es\/wp-json\/wp\/v2\/product_tag?post=22371"}],"curies":[{"name":"wp","href":"https:\/\/api.w.org\/{rel}","templated":true}]}}