{"id":22367,"date":"2016-05-24T18:10:55","date_gmt":"2016-05-24T17:10:55","guid":{"rendered":"http:\/\/www.customeeple.com\/es\/product\/infinity-palacio-prohibido\/"},"modified":"2016-05-24T18:10:55","modified_gmt":"2016-05-24T16:10:55","slug":"infinity-palacio-prohibido","status":"publish","type":"product","link":"https:\/\/www.customeeple.com\/es\/producto\/infinity-palacio-prohibido\/","title":{"rendered":"Infinity Palacio Prohibido"},"content":{"rendered":"<p>Nuestro <strong>Palacio Prohibido<\/strong>\u00a0es una estructura ideal para usar como la pieza principal de una mesa de juego de \u00a0<a href=\"http:\/\/infinitythegame.com\/\" target=\"_blank\"><strong>Infinity the game<\/strong><\/a>\u00a0<\/p>\n<p>La escenograf\u00eda representa un edificio de seguridad para el ejercito sectorial del Servicio Imperial. Su tama\u00f1o y dise\u00f1o especial lo hacen ideal para cualquier batalla que involucre a la facci\u00f3n.<\/p>\n<p>Pero el Palacio Prohibido es mas que un edificio bonito. Dise\u00f1ado por jugadores y para jugadores su construcci\u00f3n especial lo hace muy jugable con m\u00faltiples posibilidades: Dos alturas de juego, interior jugable si retiras la parte de arriba y el interior de la base del edificio puede usarse como una habitaci\u00f3n de misiones ITS.\u00a0<\/p>\n<p>Adem\u00e1s el palacio puede desmontarse en tres edificios separados<\/p>\n<ul>\n<li><strong><a href=\"\/?p=21990\"><b>Habitaci\u00f3n de misiones Fu-ts&#8217;ang-Lung<\/b>\u00a0<\/a><\/strong><\/li>\n<li><strong><a href=\"\/?p=21996\">Casa Shan-hsiao\u00a0<\/a>\u00a0<\/strong><\/li>\n<li><strong><a href=\"\/?p=22002\">Casa Feng-Huang\u00a0<\/a><\/strong><\/li>\n<\/ul>\n<p>Puedes comprar todos estos edificios individualmente, pero con el Palacio Prohibido tendr\u00e1s los tres adem\u00e1s un\u00a0porche de entrada exclusivo estilo Yu Jing\u00a0para usar en la puerta principal.<\/p>\n<p>Todas las piezas han sido dise\u00f1adas en colaboraci\u00f3n con <strong><a href=\"http:\/\/www.corvusbelli.com\/\">Corvus Belli<\/a><\/strong>\u00a0para ser totalmente compatibles con\u00a0<a href=\"http:\/\/infinitythegame.com\/\" target=\"_blank\"><strong>Infinity the game<\/strong><\/a>.<\/p>\n<div class=\"moreinfo\">\n<p><strong style=\"font-size: 14px; line-height: 1.5em;\">Material: <\/strong>DM y cart\u00f3n de alta densidad<\/p>\n<p dir=\"ltr\"><strong>Espesor:<\/strong> 2,5 mm<\/p>\n<p dir=\"ltr\"><strong>Tama\u00f1o: <\/strong>21\u00a0x 31 x 35 \u00a0cm\u00a0<strong><br \/><\/strong><\/p>\n<p dir=\"ltr\"><strong>Cantidad:<\/strong> 1 edificio que se puede desmontar en 3 independientes<\/p>\n<p><strong>Use:<\/strong>\u00a0Edificio de escenograf\u00eda compatible con las misiones ITS de\u00a0<a href=\"http:\/\/infinitythegame.com\/\" target=\"_blank\"><strong>Infinity the game\u00a0<\/strong><\/a><\/p>\n<\/div>\n<div class=\"infopreorder\"><strong>Note:<\/strong>\u00a0Miniaturas y accesorios no incluidos. El edificio se vende sin pintar ni montar. Necesitaras pegamento para ensamblarlo<\/div>\n","protected":false},"excerpt":{"rendered":"<p>Edificio de escenograf\u00eda compatible con <a href=\"http:\/\/Infinitythegame.com\"><strong>Infinity the game<\/strong><\/a><\/p>\n","protected":false},"featured_media":21910,"template":"","meta":{"_acf_changed":false},"product_brand":[],"product_cat":[191,1370,1399,346,291,1394,2360,1372],"product_tag":[646,306],"class_list":{"0":"post-22367","1":"product","2":"type-product","3":"status-publish","4":"has-post-thumbnail","6":"product_cat-accesorios","7":"product_cat-customeeple-es","8":"product_cat-escenografia-es","9":"product_cat-escenografia","10":"product_cat-infinity-es-2","11":"product_cat-infinity-es","12":"product_cat-productos-oficiales","13":"product_cat-sci-fi-es","14":"product_tag-infinity-es-2","15":"product_tag-infinity-the-game-es-2","17":"first","18":"instock","19":"taxable","20":"shipping-taxable","21":"purchasable","22":"product-type-simple"},"exclude_global_add_ons":[],"addons":[],"acf":[],"_links":{"self":[{"href":"https:\/\/www.customeeple.com\/es\/wp-json\/wp\/v2\/product\/22367","targetHints":{"allow":["GET"]}}],"collection":[{"href":"https:\/\/www.customeeple.com\/es\/wp-json\/wp\/v2\/product"}],"about":[{"href":"https:\/\/www.customeeple.com\/es\/wp-json\/wp\/v2\/types\/product"}],"wp:featuredmedia":[{"embeddable":true,"href":"https:\/\/www.customeeple.com\/es\/wp-json\/wp\/v2\/media\/21910"}],"wp:attachment":[{"href":"https:\/\/www.customeeple.com\/es\/wp-json\/wp\/v2\/media?parent=22367"}],"wp:term":[{"taxonomy":"product_brand","embeddable":true,"href":"https:\/\/www.customeeple.com\/es\/wp-json\/wp\/v2\/product_brand?post=22367"},{"taxonomy":"product_cat","embeddable":true,"href":"https:\/\/www.customeeple.com\/es\/wp-json\/wp\/v2\/product_cat?post=22367"},{"taxonomy":"product_tag","embeddable":true,"href":"https:\/\/www.customeeple.com\/es\/wp-json\/wp\/v2\/product_tag?post=22367"}],"curies":[{"name":"wp","href":"https:\/\/api.w.org\/{rel}","templated":true}]}}