{"id":21985,"date":"2016-05-24T18:51:15","date_gmt":"2016-05-24T17:51:15","guid":{"rendered":"http:\/\/www.customeeple.com\/es\/producto\/infinity-ariadna-gate\/"},"modified":"2016-05-26T12:03:14","modified_gmt":"2016-05-26T10:03:14","slug":"infinity-ariadna-gate","status":"publish","type":"product","link":"https:\/\/www.customeeple.com\/es\/producto\/infinity-ariadna-gate\/","title":{"rendered":"Infinity Puerta 4 tracks Ariadna"},"content":{"rendered":"<p>La <strong>puerta 4 tracks <\/strong>representa un punto de control<strong> Ariadna <\/strong>fortificado para<strong>\u00a0<\/strong>\u00a0<a href=\"http:\/\/infinitythegame.com\/\" target=\"_blank\"><strong>Infinity the game<\/strong><\/a>.<\/p>\n<p>Su tama\u00f1o y dise\u00f1o especial la hacen perfecta para cualquier batalla en que participe la facci\u00f3n. Pero ademas tiene peque\u00f1os toques para facilitar jugar con ella: Puedes retirar la parte superior de la torre para jugar en su interior, adem\u00e1s el producto contiene 8 imanes de neodimio para que las puertas sean extraibles y crear focos de vigilancia que puedan rotar.<\/p>\n<p>Todas las piezas han sido fabricadas en colaboracion con \u00a0 <strong><a href=\"http:\/\/www.corvusbelli.com\/\">Corvus Belli\u00a0<\/a><\/strong>para ser totalmente compatibles con<strong><a href=\"http:\/\/www.corvusbelli.com\/\">\u00a0<\/a><\/strong>\u00a0<a href=\"http:\/\/infinitythegame.com\/\" target=\"_blank\"><strong>Infinity the game<\/strong><\/a>.<\/p>\n<p>&nbsp;<\/p>\n<div class=\"moreinfo\">\n<p><strong style=\"font-size: 14px; line-height: 1.5em;\">Material: <\/strong>Dm y cart\u00f3n de alta densidad<\/p>\n<p dir=\"ltr\"><strong>Espesor:<\/strong> 2,5 mm<\/p>\n<p dir=\"ltr\"><strong>Tama\u00f1o: <\/strong>8\u00a0x 25 x 21,5 \u00a0cm\u00a0<strong><br \/>\n<\/strong><\/p>\n<p dir=\"ltr\"><strong>Cantidad:<\/strong> 1 puerta de escenograf\u00eda<\/p>\n<p><strong>Uso:<\/strong>\u00a0Edificio de escenograf\u00eda compatible con <a href=\"http:\/\/infinitythegame.com\/\" target=\"_blank\"><strong>Infinity the game<\/strong><\/a><\/p>\n<\/div>\n<div class=\"infopreorder\">\n<p><strong>Nota:<\/strong>\u00a0Miniaturas y escenograf\u00eda adicional no incluidas. El edificio se vende sin pintar ni montar con lo que necesitaras pegamento para ensamblarlo.<\/p>\n<\/div>\n","protected":false},"excerpt":{"rendered":"<p>Scenery building for\u00a0 <strong><a href=\"http:\/\/www.infinitythegame.com\/infinity\/en\">Infinity the game <\/a><\/strong>miniatures<\/p>\n","protected":false},"featured_media":21930,"template":"","meta":{"_acf_changed":false},"product_brand":[],"product_cat":[191,1370,346,1399,291,1394,2360,1372],"product_tag":[646,306],"class_list":{"0":"post-21985","1":"product","2":"type-product","3":"status-publish","4":"has-post-thumbnail","6":"product_cat-accesorios","7":"product_cat-customeeple-es","8":"product_cat-escenografia","9":"product_cat-escenografia-es","10":"product_cat-infinity-es-2","11":"product_cat-infinity-es","12":"product_cat-productos-oficiales","13":"product_cat-sci-fi-es","14":"product_tag-infinity-es-2","15":"product_tag-infinity-the-game-es-2","17":"first","18":"instock","19":"taxable","20":"shipping-taxable","21":"purchasable","22":"product-type-simple"},"exclude_global_add_ons":[],"addons":[],"acf":[],"_links":{"self":[{"href":"https:\/\/www.customeeple.com\/es\/wp-json\/wp\/v2\/product\/21985","targetHints":{"allow":["GET"]}}],"collection":[{"href":"https:\/\/www.customeeple.com\/es\/wp-json\/wp\/v2\/product"}],"about":[{"href":"https:\/\/www.customeeple.com\/es\/wp-json\/wp\/v2\/types\/product"}],"wp:featuredmedia":[{"embeddable":true,"href":"https:\/\/www.customeeple.com\/es\/wp-json\/wp\/v2\/media\/21930"}],"wp:attachment":[{"href":"https:\/\/www.customeeple.com\/es\/wp-json\/wp\/v2\/media?parent=21985"}],"wp:term":[{"taxonomy":"product_brand","embeddable":true,"href":"https:\/\/www.customeeple.com\/es\/wp-json\/wp\/v2\/product_brand?post=21985"},{"taxonomy":"product_cat","embeddable":true,"href":"https:\/\/www.customeeple.com\/es\/wp-json\/wp\/v2\/product_cat?post=21985"},{"taxonomy":"product_tag","embeddable":true,"href":"https:\/\/www.customeeple.com\/es\/wp-json\/wp\/v2\/product_tag?post=21985"}],"curies":[{"name":"wp","href":"https:\/\/api.w.org\/{rel}","templated":true}]}}