{"id":21958,"date":"2016-05-24T17:40:15","date_gmt":"2016-05-24T16:40:15","guid":{"rendered":"http:\/\/www.customeeple.com\/es\/?post_type=product&#038;p=21958"},"modified":"2016-09-21T18:28:42","modified_gmt":"2016-09-21T16:28:42","slug":"energy-barricades","status":"publish","type":"product","link":"https:\/\/www.customeeple.com\/es\/producto\/energy-barricades\/","title":{"rendered":"Infinity Holomuros (6 units)"},"content":{"rendered":"<p>Un set especial de barricadas de energia que puedes usar como piezas de escenograf\u00eda o para delimitar\u00a0un espacio en tus mesas de juego.<\/p>\n<p>El producto contiene 6 barricadas de diferentes tama\u00f1os (1 grande, 2 medianas, 3 peque\u00f1as) Puedes elegir el color de las pantallas de metacrilato. Si no estas seguro de cual es el color id\u00f3neo para tus piezas puedes consultar nuestra p\u00e1gina de <em><a href=\"http:\/\/www.customeeple.com\/materials\/\"><strong>materiales<\/strong> <\/a><\/em><\/p>\n<p>Todas las piezas han sido fabricadas en colaboracion con \u00a0\u00a0<strong><a href=\"http:\/\/www.corvusbelli.com\/\" target=\"_blank\">Corvus Belli<\/a><\/strong>\u00a0para ser totalmente compatibles con\u00a0 <a href=\"http:\/\/infinitythegame.com\/\" target=\"_blank\"><strong>Infinity the game\u00a0<\/strong><\/a>.<\/p>\n<div class=\"moreinfo\">\n<p><strong>Material: <\/strong>Metacrilato fluorescente<\/p>\n<p dir=\"ltr\"><strong>Espesor:<\/strong>\u00a03 mm<\/p>\n<p dir=\"ltr\"><strong>Tama\u00f1o:<\/strong>\u00a0Grande 11,5 x 5 cm, medianas 9 x 4 cm, peque\u00f1as 6 x 2,9 cm<\/p>\n<p dir=\"ltr\"><strong>Cantidad:<\/strong>\u00a06 holomuros<\/p>\n<p><strong>Uso:<\/strong>\u00a0Como muros decorativos o para delimitar espacios en tus zonas de \u00a0juego.<\/p>\n<\/div>\n<div class=\"infopreorder\"><strong>Nota:<\/strong> Los colores de las piezas de metacrilato pueden variar ligeramente de los mostrados en la foto<\/div>\n","protected":false},"excerpt":{"rendered":"<p>Escenograf\u00eda de muros de energ\u00eda para\u00a0<a href=\"http:\/\/www.infinitythegame.com\/infinity\/en\/\"><strong>Infinity the game<\/strong><\/a><\/p>\n","protected":false},"featured_media":22390,"template":"","meta":{"_acf_changed":false},"product_brand":[],"product_cat":[191,1370,1399,346,291,1394,2360,1372,1623],"product_tag":[646,306],"class_list":{"0":"post-21958","1":"product","2":"type-product","3":"status-publish","4":"has-post-thumbnail","6":"product_cat-accesorios","7":"product_cat-customeeple-es","8":"product_cat-escenografia-es","9":"product_cat-escenografia","10":"product_cat-infinity-es-2","11":"product_cat-infinity-es","12":"product_cat-productos-oficiales","13":"product_cat-sci-fi-es","14":"product_cat-wargames-es-2","15":"product_tag-infinity-es-2","16":"product_tag-infinity-the-game-es-2","17":"pa_methacrylate-colors-amarill-fluor-mfye","18":"pa_methacrylate-colors-azul-fluor-mfbl-es","19":"pa_methacrylate-colors-humo-trans-mtsm","20":"pa_methacrylate-colors-naranja-fluor-mfor-es","21":"pa_methacrylate-colors-magenta-fluor-mfma-es","22":"pa_methacrylate-colors-transparente-mttr","23":"pa_methacrylate-colors-verde-fluor-mfgr","25":"first","26":"instock","27":"taxable","28":"shipping-taxable","29":"purchasable","30":"product-type-variable"},"exclude_global_add_ons":[],"addons":[],"acf":[],"_links":{"self":[{"href":"https:\/\/www.customeeple.com\/es\/wp-json\/wp\/v2\/product\/21958","targetHints":{"allow":["GET"]}}],"collection":[{"href":"https:\/\/www.customeeple.com\/es\/wp-json\/wp\/v2\/product"}],"about":[{"href":"https:\/\/www.customeeple.com\/es\/wp-json\/wp\/v2\/types\/product"}],"wp:featuredmedia":[{"embeddable":true,"href":"https:\/\/www.customeeple.com\/es\/wp-json\/wp\/v2\/media\/22390"}],"wp:attachment":[{"href":"https:\/\/www.customeeple.com\/es\/wp-json\/wp\/v2\/media?parent=21958"}],"wp:term":[{"taxonomy":"product_brand","embeddable":true,"href":"https:\/\/www.customeeple.com\/es\/wp-json\/wp\/v2\/product_brand?post=21958"},{"taxonomy":"product_cat","embeddable":true,"href":"https:\/\/www.customeeple.com\/es\/wp-json\/wp\/v2\/product_cat?post=21958"},{"taxonomy":"product_tag","embeddable":true,"href":"https:\/\/www.customeeple.com\/es\/wp-json\/wp\/v2\/product_tag?post=21958"}],"curies":[{"name":"wp","href":"https:\/\/api.w.org\/{rel}","templated":true}]}}