{"id":21878,"date":"2016-05-24T16:24:44","date_gmt":"2016-05-24T14:24:44","guid":{"rendered":"http:\/\/www.customeeple.com\/es\/producto\/infinity-tech-coffin\/"},"modified":"2020-01-09T11:32:46","modified_gmt":"2020-01-09T10:32:46","slug":"infinity-tech-coffin","status":"publish","type":"product","link":"https:\/\/www.customeeple.com\/es\/producto\/infinity-tech-coffin\/","title":{"rendered":"Infinity Cargo Crate &#8211; Mk II (1 Uds)"},"content":{"rendered":"<p>Consigue nuestros <strong>objetivos de ITS 2016<\/strong>\u00a0para\u00a0<strong><a href=\"http:\/\/www.infinitythegame.com\/infinity\/en\">Infinity<\/a>\u00a0<\/strong>con un nuevo dise\u00f1o mejorado. Est\u00e1n dise\u00f1ados para ser utilizados como puntos de objetivos en cualquier misi\u00f3n Los tech coffin representan contendores de alta seguridad que encierran en su interior los mas valiosas nuevos productos tecnol\u00f3gicos. Puedes usarlos como objetivos de misi\u00f3n como <strong>tech coffins<\/strong> \u00a0o incuso como piezas de\u00a0escenograf\u00eda para tus partidas de\u00a0<strong><a href=\"http:\/\/www.infinitythegame.com\/infinity\/en\">Infinity<\/a>. <\/strong>El producto incluye una base para servir de apoyo.<\/p>\n<p>Nota: El producto se vende sin montar ni pintar. Las fotos tan solo son una sugerencia de presentaci\u00f3n y montaje.<\/p>\n<p>Puedes elegir el color de las piezas de metacrilato. Recuerda que si no estas seguro de c\u00faal es el color id\u00f3neo para tus piezas puedes consultar nuestra p\u00e1gina de <em><a href=\"http:\/\/www.customeeple.com\/materials\/\"><strong>materiales<\/strong> <\/a><\/em><\/p>\n<p>Todas las piezas han sido fabricadas en colaboracion con \u00a0<strong><a href=\"http:\/\/www.corvusbelli.com\/\">Corvus Belli<\/a><\/strong> para ser totalmente compatibles con <strong><a href=\"http:\/\/www.infinitythegame.com\/infinity\/en\">Infinity the game<\/a><\/strong><\/p>\n<div class=\"moreinfo\">\n<p><strong>Material:\u00a0DM<\/strong><\/p>\n<p dir=\"ltr\"><strong>Espesor:<\/strong> 2,5 mm<\/p>\n<p dir=\"ltr\"><strong>Tama\u00f1o:\u00a0<\/strong>3\u00a0x 2,5 x 2,5 cm<\/p>\n<p dir=\"ltr\"><strong>Cantidad:<\/strong> 1 tech coffin + 1 base de 40mm<\/p>\n<p><strong>Uso: <\/strong>Como objetivo de misi\u00f3n o decoraci\u00f3n de escenograf\u00eda.<\/p>\n<\/div>\n<div class=\"infopreorder\"><strong>Nota:<\/strong> Los colores de las piezas de metacrilato pueden variar ligeramente de los mostrados en la foto. Miniatura no inclu\u00edda<\/div>\n","protected":false},"excerpt":{"rendered":"<p>Un\u00a0contenedor\u00a0para usar como escenograf\u00eda u objetivo ITS en <strong><a href=\"http:\/\/www.infinitythegame.com\/infinity\/en\">Infinity the game<\/a><\/strong><\/p>\n","protected":false},"featured_media":22041,"template":"","meta":{"_acf_changed":false},"product_brand":[],"product_cat":[191,346,1399,291],"product_tag":[151,306],"class_list":{"0":"post-21878","1":"product","2":"type-product","3":"status-publish","4":"has-post-thumbnail","6":"product_cat-accesorios","7":"product_cat-escenografia","8":"product_cat-escenografia-es","9":"product_cat-infinity-es-2","10":"product_tag-infinity-es","11":"product_tag-infinity-the-game-es-2","12":"pa_methacrylate-colors-amarill-fluor-mfye","13":"pa_methacrylate-colors-azul-fluor-mfbl-es","14":"pa_methacrylate-colors-naranja-fluor-mfor-es","15":"pa_methacrylate-colors-magenta-fluor-mfma-es","16":"pa_methacrylate-colors-verde-fluor-mfgr","18":"first","19":"instock","20":"taxable","21":"shipping-taxable","22":"purchasable","23":"product-type-variable"},"exclude_global_add_ons":[],"addons":[],"acf":[],"_links":{"self":[{"href":"https:\/\/www.customeeple.com\/es\/wp-json\/wp\/v2\/product\/21878","targetHints":{"allow":["GET"]}}],"collection":[{"href":"https:\/\/www.customeeple.com\/es\/wp-json\/wp\/v2\/product"}],"about":[{"href":"https:\/\/www.customeeple.com\/es\/wp-json\/wp\/v2\/types\/product"}],"wp:featuredmedia":[{"embeddable":true,"href":"https:\/\/www.customeeple.com\/es\/wp-json\/wp\/v2\/media\/22041"}],"wp:attachment":[{"href":"https:\/\/www.customeeple.com\/es\/wp-json\/wp\/v2\/media?parent=21878"}],"wp:term":[{"taxonomy":"product_brand","embeddable":true,"href":"https:\/\/www.customeeple.com\/es\/wp-json\/wp\/v2\/product_brand?post=21878"},{"taxonomy":"product_cat","embeddable":true,"href":"https:\/\/www.customeeple.com\/es\/wp-json\/wp\/v2\/product_cat?post=21878"},{"taxonomy":"product_tag","embeddable":true,"href":"https:\/\/www.customeeple.com\/es\/wp-json\/wp\/v2\/product_tag?post=21878"}],"curies":[{"name":"wp","href":"https:\/\/api.w.org\/{rel}","templated":true}]}}