{"id":21840,"date":"2016-05-23T18:02:01","date_gmt":"2016-05-23T16:02:01","guid":{"rendered":"http:\/\/www.customeeple.com\/es\/producto\/infinity-sat-station-antenna2016\/"},"modified":"2020-01-09T11:31:56","modified_gmt":"2020-01-09T10:31:56","slug":"infinity-sat-station-antenna2016","status":"publish","type":"product","link":"https:\/\/www.customeeple.com\/es\/producto\/infinity-sat-station-antenna2016\/","title":{"rendered":"Infinity Sat Station Antenna &#8211; Mk II (2 Uds)"},"content":{"rendered":"<p>Consigue nuestros <strong>objetivos de ITS 2016<\/strong>\u00a0para\u00a0<strong><a href=\"http:\/\/www.infinitythegame.com\/infinity\/en\">Infinity<\/a>\u00a0<\/strong>con un nuevo dise\u00f1o mejorado. Est\u00e1n dise\u00f1ados para ser utilizados como puntos de objetivos en cualquier misi\u00f3n<\/p>\n<p>Nuestra Sat Station est\u00e1 pensada para representar una estaci\u00f3n de comunicaciones con sat\u00e9lites o naves en \u00f3rbita. F\u00e1cilmente la puedes a\u00f1adir a tu escenograf\u00eda como objetivo de misiones o incluso como elemento de escenograf\u00eda para tus partidas de <strong><a href=\"http:\/\/www.infinitythegame.com\/infinity\/en\">Infinity.<\/a><\/strong><\/p>\n<p>El producto viene con una base de<strong> <a href=\"http:\/\/www.infinitythegame.com\/infinity\/en\">Infinity<\/a><\/strong> para ser usada como soporte.<\/p>\n<p>Puedes elegir el color de la consola de metacrilato (verde, amarillo, naranja, magenta), Si no estas seguro de cual es el color id\u00f3neo para tus piezas puedes consultar nuestra p\u00e1gina de <em><a href=\"http:\/\/www.customeeple.com\/materials\/\"><strong>materiales<\/strong> <\/a><\/em><\/p>\n<p>Nota: El producto se vende sin montar ni pintar. Las fotos tan solo son una sugerencia de presentaci\u00f3n y montaje. El producto contiene una base standar de 40mm,<strong>\u00a0<\/strong>nuestra <a href=\"http:\/\/www.customeeple.com\/es\/producto\/bases-para-miniaturas-hexagonales\/\"><strong>base personalizada<\/strong><\/a>\u00a0solo aparece en la foto por una cuesti\u00f3n est\u00e9tica.<\/p>\n<p>Todas las piezas han sido fabricadas en colaboracion con \u00a0<strong><a href=\"http:\/\/www.corvusbelli.com\/\">Corvus Belli<\/a><\/strong> para ser totalmente compatibles con <strong><a href=\"http:\/\/www.infinitythegame.com\/infinity\/en\">Infinity the game<\/a><\/strong><\/p>\n<p><strong>Material: <\/strong>DM\u00a0y metacrilato fluorescente<\/p>\n<div class=\"moreinfo\">\n<p dir=\"ltr\"><strong>Espesor:<\/strong> 2,5 mm<\/p>\n<p dir=\"ltr\"><strong>Tama\u00f1o: <\/strong>8,5\u00a0cm x 5 x 2\u00a0cm<strong><br \/>\n<\/strong><\/p>\n<p dir=\"ltr\"><strong>Cantidad:<\/strong> 2 Sat stations del color que prefieras y dos bases de 40 mm<\/p>\n<p><strong>Uso:<\/strong> Como objetivo de misi\u00f3n o decoraci\u00f3n de escenograf\u00eda.<\/p>\n<\/div>\n<div class=\"infopreorder\"><strong>Nota:<\/strong> Los colores de las piezas de metacrilato pueden variar ligeramente de los mostrados en la foto. Escenograf\u00eda y bases decorativas no inclu\u00eddas<\/div>\n","protected":false},"excerpt":{"rendered":"<p>Una Antena\u00a0para usar como escenograf\u00eda u objetivo ITS en <strong><a href=\"http:\/\/www.infinitythegame.com\/infinity\/en\">Infinity the game <\/a><\/strong><\/p>\n","protected":false},"featured_media":22090,"template":"","meta":{"_acf_changed":false},"product_brand":[],"product_cat":[191,1399,346,291],"product_tag":[151,306],"class_list":{"0":"post-21840","1":"product","2":"type-product","3":"status-publish","4":"has-post-thumbnail","6":"product_cat-accesorios","7":"product_cat-escenografia-es","8":"product_cat-escenografia","9":"product_cat-infinity-es-2","10":"product_tag-infinity-es","11":"product_tag-infinity-the-game-es-2","12":"pa_methacrylate-colors-amarill-fluor-mfye","13":"pa_methacrylate-colors-azul-fluor-mfbl-es","14":"pa_methacrylate-colors-naranja-fluor-mfor-es","15":"pa_methacrylate-colors-magenta-fluor-mfma-es","16":"pa_methacrylate-colors-verde-fluor-mfgr","18":"first","19":"instock","20":"taxable","21":"shipping-taxable","22":"purchasable","23":"product-type-variable"},"exclude_global_add_ons":[],"addons":[],"acf":[],"_links":{"self":[{"href":"https:\/\/www.customeeple.com\/es\/wp-json\/wp\/v2\/product\/21840","targetHints":{"allow":["GET"]}}],"collection":[{"href":"https:\/\/www.customeeple.com\/es\/wp-json\/wp\/v2\/product"}],"about":[{"href":"https:\/\/www.customeeple.com\/es\/wp-json\/wp\/v2\/types\/product"}],"wp:featuredmedia":[{"embeddable":true,"href":"https:\/\/www.customeeple.com\/es\/wp-json\/wp\/v2\/media\/22090"}],"wp:attachment":[{"href":"https:\/\/www.customeeple.com\/es\/wp-json\/wp\/v2\/media?parent=21840"}],"wp:term":[{"taxonomy":"product_brand","embeddable":true,"href":"https:\/\/www.customeeple.com\/es\/wp-json\/wp\/v2\/product_brand?post=21840"},{"taxonomy":"product_cat","embeddable":true,"href":"https:\/\/www.customeeple.com\/es\/wp-json\/wp\/v2\/product_cat?post=21840"},{"taxonomy":"product_tag","embeddable":true,"href":"https:\/\/www.customeeple.com\/es\/wp-json\/wp\/v2\/product_tag?post=21840"}],"curies":[{"name":"wp","href":"https:\/\/api.w.org\/{rel}","templated":true}]}}