{"id":21834,"date":"2016-05-23T17:32:12","date_gmt":"2016-05-23T15:32:12","guid":{"rendered":"http:\/\/www.customeeple.com\/es\/producto\/its-objectives-set-2016\/"},"modified":"2021-03-30T11:13:24","modified_gmt":"2021-03-30T10:13:24","slug":"its-objectives-set-2016","status":"publish","type":"product","link":"https:\/\/www.customeeple.com\/es\/producto\/its-objectives-set-2016\/","title":{"rendered":"Set de Objetivos ITS 2016 (13 Uds)"},"content":{"rendered":"<p>Un completo set de marcadores de objetivos paras misiones ITS de\u00a0<strong><a href=\"http:\/\/infinitythegame.com\/\" target=\"_blank\" rel=\"noopener noreferrer\">Infinity<\/a>. <\/strong>Con este set tendr\u00e1s objetivos de escenograf\u00eda suficientes para jugar casi todas las misiones del <strong>ITS 2016.<\/strong><\/p>\n<p>Nuestro set contiene:<\/p>\n<ul>\n<li><strong>4 <a href=\"\/?p=21877\">Tech Coffins Mk II<\/a><\/strong><\/li>\n<li><strong>5\u00a0<a href=\"\/?p=21835\">Sat Station\u00a0Antenna Mk II\u00a0<\/a><\/strong><\/li>\n<li><strong>4\u00a0<a href=\"\/?p=21833\">Comlink consoles Mk II<\/a><\/strong><\/li>\n<\/ul>\n<p>Los objetivos han sido remodelados con una nueva versi\u00f3n sobre los de la\u00a0<strong><a href=\"\/?p=6701\">edici\u00f3n ITS de 2014<\/a>.\u00a0<\/strong>Tambi\u00e9n\u00a0puedes comprarlos individualmente para poder tener el set que necesitas en cualquier misi\u00f3n. Pero aqu\u00ed puedes tener una gran mayor\u00eda a un precio especial.<\/p>\n<p>Ten en cuenta que este producto se vende sin pintar ni montar y las fotos son solo sugerencias de presentaci\u00f3n. Los objetivos vienen con las bases para cada objetivo. Las bases personalizadas de la foto est\u00e1n solo aparecen por motivos est\u00e9ticos.<\/p>\n<p>Los objetivos vendr\u00e1n, como se muestra en la foto cada uno en un color de metacrilato diferente. Si deseas una combinaci\u00f3n de colores distinta, tan solo contactanos o d\u00e9janos un aviso en las notas del pedido.<\/p>\n<p>Todas las piezas han sido fabricadas en colaboraci\u00f3n con\u00a0\u00a0<strong><a href=\"http:\/\/www.corvusbelli.com\/\" target=\"_blank\" rel=\"noopener noreferrer\">Corvus Belli\u00a0<\/a><\/strong>para ser totalmente compatibles con<strong><a href=\"http:\/\/www.corvusbelli.com\/\" target=\"_blank\" rel=\"noopener noreferrer\">\u00a0<\/a><a href=\"http:\/\/infinitythegame.com\/\" target=\"_blank\" rel=\"noopener noreferrer\"><strong>Infinity the game<\/strong><\/a>.<\/strong><\/p>\n<p>&nbsp;<\/p>\n<div class=\"moreinfo\">\n<p><strong>Material: <\/strong>DM\u00a0y metacrilato fluorescente<\/p>\n<p dir=\"ltr\"><strong>Espesor:<\/strong> 2,5 mm<\/p>\n<p dir=\"ltr\"><strong>Tama\u00f1o: <\/strong>Varia, ver productos individuales<strong><br \/>\n<\/strong><\/p>\n<p dir=\"ltr\"><strong>Cantidades: <\/strong>13 objetivos diferentes con su base\u00a0<strong><br \/>\n<\/strong><\/p>\n<p><strong>Uso: <\/strong>Complemento de escenograf\u00eda para ser usado como objetivo de misiones<\/p>\n<\/div>\n<div class=\"infopreorder\"><strong>Nota:<\/strong> Los colores de las piezas de metacrilato pueden variar ligeramente de los mostrados en la foto. Miniaturas y complementos de escenograf\u00eda no incluidos<\/div>\n","protected":false},"excerpt":{"rendered":"<p>Una completa selecci\u00f3n de piezas de objetivos necesarias para las misiones\u00a0ITS 2016 de\u00a0<strong><a href=\"http:\/\/www.infinitythegame.com\/infinity\/en\">Infinity the game<\/a><\/strong><\/p>\n<p>&nbsp;<\/p>\n","protected":false},"featured_media":22572,"template":"","meta":{"_acf_changed":false},"product_brand":[],"product_cat":[1370,1399,291,1394,1623],"product_tag":[151,306],"class_list":{"0":"post-21834","1":"product","2":"type-product","3":"status-publish","4":"has-post-thumbnail","6":"product_cat-customeeple-es","7":"product_cat-escenografia-es","8":"product_cat-infinity-es-2","9":"product_cat-infinity-es","10":"product_cat-wargames-es-2","11":"product_tag-infinity-es","12":"product_tag-infinity-the-game-es-2","14":"first","15":"instock","16":"taxable","17":"shipping-taxable","18":"purchasable","19":"product-type-simple"},"exclude_global_add_ons":[],"addons":[],"acf":[],"_links":{"self":[{"href":"https:\/\/www.customeeple.com\/es\/wp-json\/wp\/v2\/product\/21834","targetHints":{"allow":["GET"]}}],"collection":[{"href":"https:\/\/www.customeeple.com\/es\/wp-json\/wp\/v2\/product"}],"about":[{"href":"https:\/\/www.customeeple.com\/es\/wp-json\/wp\/v2\/types\/product"}],"wp:featuredmedia":[{"embeddable":true,"href":"https:\/\/www.customeeple.com\/es\/wp-json\/wp\/v2\/media\/22572"}],"wp:attachment":[{"href":"https:\/\/www.customeeple.com\/es\/wp-json\/wp\/v2\/media?parent=21834"}],"wp:term":[{"taxonomy":"product_brand","embeddable":true,"href":"https:\/\/www.customeeple.com\/es\/wp-json\/wp\/v2\/product_brand?post=21834"},{"taxonomy":"product_cat","embeddable":true,"href":"https:\/\/www.customeeple.com\/es\/wp-json\/wp\/v2\/product_cat?post=21834"},{"taxonomy":"product_tag","embeddable":true,"href":"https:\/\/www.customeeple.com\/es\/wp-json\/wp\/v2\/product_tag?post=21834"}],"curies":[{"name":"wp","href":"https:\/\/api.w.org\/{rel}","templated":true}]}}