{"id":21420,"date":"2016-04-28T09:30:31","date_gmt":"2016-04-28T07:36:31","guid":{"rendered":"http:\/\/www.customeeple.com\/es\/producto\/war-action-line-of-sight-template\/"},"modified":"2017-03-27T10:11:28","modified_gmt":"2017-03-27T08:11:28","slug":"war-action-line-of-sight-template","status":"publish","type":"product","link":"https:\/\/www.customeeple.com\/es\/producto\/war-action-line-of-sight-template\/","title":{"rendered":"War Action arco de fuego (2 Uds)"},"content":{"rendered":"<p>Marcador para indicar el arco de fuego de las unidades. Es un arco de 90\u00ba dividido en 2 secciones de 45\u00ba para ser compatible con cualquier wargame moderno. Cada set contiene 2 piezas.<\/p>\n<p>Puedes elegir el color de las piezas de metacrilato. Recuerda que si no estas seguro de c\u00faal es el color id\u00f3neo para tus piezas puedes consultar nuestra p\u00e1gina de <em><a href=\"\/?page_id=8154\"><strong>materiales<\/strong> <\/a><\/em><\/p>\n<p>Este set es perfectamente compatible con\u00a0<strong><a href=\"http:\/\/www.boltaction.com\/\">Bolt Action<\/a>.<\/strong><\/p>\n<div class=\"moreinfo\">\n<p><strong>Material:<\/strong>\u00a0Metacrilato fluorescente<\/p>\n<p dir=\"ltr\"><strong>Espesor:<\/strong>\u00a03 mm<\/p>\n<p dir=\"ltr\"><strong>Tama\u00f1o:<\/strong>\u00a06 x 3,6 cm.<strong><br \/>\n<\/strong><\/p>\n<p dir=\"ltr\"><strong>Cantidad:<\/strong>\u00a02 plantillas<\/p>\n<\/div>\n<div class=\"infopreorder\"><strong>Nota:<\/strong>\u00a0El color de las piezas de metacrilato puede variar ligeramente del mostrado en la foto.<\/div>\n<p><strong><a href=\"http:\/\/www.boltaction.com\/\">Bolt Action <\/a><\/strong>es un juego publicado por\u00a0<strong><a href=\"http:\/\/www.warlordgames.com\/\">Warlord Games<\/a><\/strong>. <strong>Customeeple<\/strong>\u00a0no mantiene ninguna relaci\u00f3n y este producto no esta apoyado por ellos de ninguna manera.<\/p>\n","protected":false},"excerpt":{"rendered":"<p>Set de plantillas compatible con\u00a0<strong><a href=\"http:\/\/www.boltaction.com\/\">Bolt Action<\/a><\/strong><\/p>\n","protected":false},"featured_media":21627,"template":"","meta":{"_acf_changed":false},"product_brand":[],"product_cat":[78],"product_tag":[942,943],"class_list":{"0":"post-21420","1":"product","2":"type-product","3":"status-publish","4":"has-post-thumbnail","6":"product_cat-meeple-2","7":"product_tag-bolt-action-es","8":"product_tag-wargames-es","9":"pa_methacrylate-colors-amarill-fluor-mfye","10":"pa_methacrylate-colors-azul-fluor-mfbl-es","11":"pa_methacrylate-colors-azul-trans-mtbl","12":"pa_methacrylate-colors-dm","13":"pa_methacrylate-colors-humo-trans-mtsm","14":"pa_methacrylate-colors-naranja-fluor-mfor","15":"pa_methacrylate-colors-rojotrans-mtre","16":"pa_methacrylate-colors-magenta-fluor-mfma-es","17":"pa_methacrylate-colors-smoke-grey-mtsm","18":"pa_methacrylate-colors-verde-trans-mtgr","19":"pa_methacrylate-colors-verde-fluor-mfgr","21":"first","22":"instock","23":"taxable","24":"shipping-taxable","25":"purchasable","26":"product-type-variable"},"exclude_global_add_ons":[],"addons":[],"acf":[],"_links":{"self":[{"href":"https:\/\/www.customeeple.com\/es\/wp-json\/wp\/v2\/product\/21420","targetHints":{"allow":["GET"]}}],"collection":[{"href":"https:\/\/www.customeeple.com\/es\/wp-json\/wp\/v2\/product"}],"about":[{"href":"https:\/\/www.customeeple.com\/es\/wp-json\/wp\/v2\/types\/product"}],"wp:featuredmedia":[{"embeddable":true,"href":"https:\/\/www.customeeple.com\/es\/wp-json\/wp\/v2\/media\/21627"}],"wp:attachment":[{"href":"https:\/\/www.customeeple.com\/es\/wp-json\/wp\/v2\/media?parent=21420"}],"wp:term":[{"taxonomy":"product_brand","embeddable":true,"href":"https:\/\/www.customeeple.com\/es\/wp-json\/wp\/v2\/product_brand?post=21420"},{"taxonomy":"product_cat","embeddable":true,"href":"https:\/\/www.customeeple.com\/es\/wp-json\/wp\/v2\/product_cat?post=21420"},{"taxonomy":"product_tag","embeddable":true,"href":"https:\/\/www.customeeple.com\/es\/wp-json\/wp\/v2\/product_tag?post=21420"}],"curies":[{"name":"wp","href":"https:\/\/api.w.org\/{rel}","templated":true}]}}