{"id":21344,"date":"2016-04-28T09:42:43","date_gmt":"2016-04-27T11:42:43","guid":{"rendered":"http:\/\/www.customeeple.com\/es\/producto\/war-action-marcadores-de-inmovilizado-3-uds\/"},"modified":"2016-09-21T18:59:40","modified_gmt":"2016-09-21T16:59:40","slug":"war-action-marcadores-de-inmovilizado-3-uds","status":"publish","type":"product","link":"https:\/\/www.customeeple.com\/es\/producto\/war-action-marcadores-de-inmovilizado-3-uds\/","title":{"rendered":"War Action marcadores de inmovilizado \u00abimmobilised\u00bb (3 Uds)"},"content":{"rendered":"<p>Marcadores para indicar cuando un veh\u00edculo esta inmobilizado \u00abimmobilised\u00bb en cualquier wargame moderno. Cada set contiene 3 marcadores de estado.\u00a0Los textos de las piezas est\u00e1n\u00a0en ingl\u00e9s<\/p>\n<p>Puedes elegir el color de las piezas de metacrilato. Recuerda que si no estas seguro de c\u00faal es el color id\u00f3neo para tus piezas puedes consultar nuestra p\u00e1gina de <em><a href=\"http:\/\/www.customeeple.com\/materials\/\"><strong>materiales<\/strong> <\/a><\/em><\/p>\n<p>Este set es completamente compatible con\u00a0<strong><a href=\"http:\/\/www.boltaction.com\/\">Bolt Action<\/a>.<\/strong><\/p>\n<div class=\"moreinfo\"><strong>Material:<\/strong>\u00a0DM y metacrilato<\/p>\n<p dir=\"ltr\"><strong>Espesor:<\/strong>\u00a03 o 2,5 mm (seg\u00fan material)<\/p>\n<p dir=\"ltr\"><strong>Tama\u00f1o:<\/strong>\u00a01,8 x 3,1 cm.<strong><br \/>\n<\/strong><\/p>\n<p dir=\"ltr\"><strong>Cantidad:<\/strong>\u00a03 Marcadores<\/p>\n<\/div>\n<div class=\"infopreorder\"><strong>Nota:<\/strong>\u00a0Los colores de las piezas de metacrilato pueden variar ligeramente del mostrado en las fotos.<\/div>\n<p><strong><a href=\"http:\/\/www.boltaction.com\/\">Bolt Action<\/a><\/strong>\u00a0es un juego publicado por\u00a0<strong><a href=\"http:\/\/www.warlordgames.com\/\">Warlord Games<\/a><\/strong>. <strong>Customeeple<\/strong>\u00a0no mantiene ninguna relaci\u00f3n con esta compa\u00f1\u00eda y este producto no esta apoyado por ellos de ninguna manera.<\/p>\n","protected":false},"excerpt":{"rendered":"<p>Set de marcadores compatibles con\u00a0<strong><a href=\"http:\/\/www.boltaction.com\/\">Bolt Action<\/a><\/strong><\/p>\n","protected":false},"featured_media":22351,"template":"","meta":{"_acf_changed":false},"product_brand":[],"product_cat":[78],"product_tag":[942,943],"class_list":{"0":"post-21344","1":"product","2":"type-product","3":"status-publish","4":"has-post-thumbnail","6":"product_cat-meeple-2","7":"product_tag-bolt-action-es","8":"product_tag-wargames-es","9":"pa_methacrylate-colors-amarill-fluor-mfye","10":"pa_methacrylate-colors-azul-fluor-mfbl-es","11":"pa_methacrylate-colors-azul-trans-mtbl","12":"pa_methacrylate-colors-dm","13":"pa_methacrylate-colors-humo-trans-mtsm","14":"pa_methacrylate-colors-naranja-fluor-mfor","15":"pa_methacrylate-colors-rojotrans-mtre","16":"pa_methacrylate-colors-magenta-fluor-mfma-es","17":"pa_methacrylate-colors-smoke-grey-mtsm","18":"pa_methacrylate-colors-verde-trans-mtgr","19":"pa_methacrylate-colors-verde-fluor-mfgr","21":"first","22":"instock","23":"taxable","24":"shipping-taxable","25":"purchasable","26":"product-type-variable"},"exclude_global_add_ons":[],"addons":[],"acf":[],"_links":{"self":[{"href":"https:\/\/www.customeeple.com\/es\/wp-json\/wp\/v2\/product\/21344","targetHints":{"allow":["GET"]}}],"collection":[{"href":"https:\/\/www.customeeple.com\/es\/wp-json\/wp\/v2\/product"}],"about":[{"href":"https:\/\/www.customeeple.com\/es\/wp-json\/wp\/v2\/types\/product"}],"wp:featuredmedia":[{"embeddable":true,"href":"https:\/\/www.customeeple.com\/es\/wp-json\/wp\/v2\/media\/22351"}],"wp:attachment":[{"href":"https:\/\/www.customeeple.com\/es\/wp-json\/wp\/v2\/media?parent=21344"}],"wp:term":[{"taxonomy":"product_brand","embeddable":true,"href":"https:\/\/www.customeeple.com\/es\/wp-json\/wp\/v2\/product_brand?post=21344"},{"taxonomy":"product_cat","embeddable":true,"href":"https:\/\/www.customeeple.com\/es\/wp-json\/wp\/v2\/product_cat?post=21344"},{"taxonomy":"product_tag","embeddable":true,"href":"https:\/\/www.customeeple.com\/es\/wp-json\/wp\/v2\/product_tag?post=21344"}],"curies":[{"name":"wp","href":"https:\/\/api.w.org\/{rel}","templated":true}]}}