{"id":21301,"date":"2016-04-28T09:09:06","date_gmt":"2016-04-26T17:09:06","guid":{"rendered":"http:\/\/www.customeeple.com\/es\/producto\/ima-game-insert-288-x-288\/"},"modified":"2016-07-06T10:18:52","modified_gmt":"2016-07-06T08:18:52","slug":"ima-game-insert-288-x-288","status":"publish","type":"product","link":"https:\/\/www.customeeple.com\/es\/producto\/ima-game-insert-288-x-288\/","title":{"rendered":"Inserto IMA (28,5 x 28,5 cm)"},"content":{"rendered":"<p>\u00bfEst\u00e1s cansado de los huecos de aire en las cajas de los juegos?\u00bfjuegos que vienen con insertos que molestan m\u00e1s que organizan? Esta es tu soluci\u00f3n, compra tu propio inserto a medida. Nunca m\u00e1s rodar\u00e1n las piezas por la caja y podr\u00e1s tener organizadas las cartas de un juego.<\/p>\n<p>Nuestro inserto contiene varias cajas y bandejas. Cada una dise\u00f1ada para almacenar componentes espec\u00edficos: Cartas de diferentes tama\u00f1os, piezas de juego e incluso miniaturas, ya que una de las bandejas incluye peque\u00f1as ranuras redondas para encajar con las bases de las miniaturas.<\/p>\n<p><strong>Nota<\/strong>: Calcula que tu caja encaja perfectamente con nuestro inserto, esta pensado para cajas con un interior de <strong>(28,5 x 28,5 cm)<\/strong> Este formato es compatible con muchas cajas del mercado, como por ejemplo\u00a0<strong><a href=\"https:\/\/boardgamegeek.com\/boardgame\/164153\/star-wars-imperial-assault\">Imperial Assault<\/a>, <\/strong>este inserto tiene capacidad para almacenar el juego base y todas las expansiones del primer ciclo<strong><a href=\"http:\/\/boardgamegeek.com\/boardgame\/124742\/android-netrunner\" target=\"_blank\">.\u00a0<\/a><\/strong>Podemos fabricar insertos en otros tama\u00f1os, solo\u00a0<strong><a href=\"\/?page_id=2358\">contacta con nosotros<\/a>.<\/strong><\/p>\n<p>&nbsp;<\/p>\n<div class=\"moreinfo\">\n<p><strong>Material:\u00a0<\/strong>DM<\/p>\n<p dir=\"ltr\"><strong>Espesor:<\/strong> 2,5 mm<\/p>\n<p dir=\"ltr\"><strong>Tama\u00f1o:<\/strong>\u00a028,5\u00a0x 28,5\u00a0x 12,75 cm.<\/p>\n<p dir=\"ltr\"><strong>Cantidad:<\/strong> 1 Inserto<\/p>\n<p><strong>Uso:<\/strong>\u00a0inserto para cajas de\u00a030 x 30 cm<\/p>\n<\/div>\n<p><strong><a href=\"https:\/\/boardgamegeek.com\/boardgame\/164153\/star-wars-imperial-assault\">Imperial Assault\u00a0<\/a><\/strong>es un juego publicado por\u00a0<strong><a href=\"http:\/\/www.fantasyflightgames.com\/\">Fantasy Flight Publishing Inc<\/a>.<\/strong> <strong>Customeeple<\/strong> no mantiene ninguna relaci\u00f3n con esta compa\u00f1\u00eda y este producto no esta apoyado por ellos de ninguna forma.<\/p>\n","protected":false},"excerpt":{"rendered":"<p>Un resistente inserto pensado para cajas de 30 x 30 cm<\/p>\n<p>&nbsp;<\/p>\n","protected":false},"featured_media":21364,"template":"","meta":{"_acf_changed":false},"product_brand":[],"product_cat":[1370,1395,1372,1409],"product_tag":[948,332],"class_list":{"0":"post-21301","1":"product","2":"type-product","3":"status-publish","4":"has-post-thumbnail","6":"product_cat-customeeple-es","7":"product_cat-insertos","8":"product_cat-sci-fi-es","9":"product_cat-star-wars-imperial-assault-es","10":"product_tag-imperial-assault-es","11":"product_tag-insert-es","13":"first","14":"instock","15":"taxable","16":"shipping-taxable","17":"purchasable","18":"product-type-simple"},"exclude_global_add_ons":[],"addons":[],"acf":[],"_links":{"self":[{"href":"https:\/\/www.customeeple.com\/es\/wp-json\/wp\/v2\/product\/21301","targetHints":{"allow":["GET"]}}],"collection":[{"href":"https:\/\/www.customeeple.com\/es\/wp-json\/wp\/v2\/product"}],"about":[{"href":"https:\/\/www.customeeple.com\/es\/wp-json\/wp\/v2\/types\/product"}],"wp:featuredmedia":[{"embeddable":true,"href":"https:\/\/www.customeeple.com\/es\/wp-json\/wp\/v2\/media\/21364"}],"wp:attachment":[{"href":"https:\/\/www.customeeple.com\/es\/wp-json\/wp\/v2\/media?parent=21301"}],"wp:term":[{"taxonomy":"product_brand","embeddable":true,"href":"https:\/\/www.customeeple.com\/es\/wp-json\/wp\/v2\/product_brand?post=21301"},{"taxonomy":"product_cat","embeddable":true,"href":"https:\/\/www.customeeple.com\/es\/wp-json\/wp\/v2\/product_cat?post=21301"},{"taxonomy":"product_tag","embeddable":true,"href":"https:\/\/www.customeeple.com\/es\/wp-json\/wp\/v2\/product_tag?post=21301"}],"curies":[{"name":"wp","href":"https:\/\/api.w.org\/{rel}","templated":true}]}}