{"id":21274,"date":"2016-04-28T09:57:53","date_gmt":"2016-04-28T08:57:53","guid":{"rendered":"http:\/\/www.customeeple.com\/es\/producto\/war-action-diales-de-pinned-3-uds\/"},"modified":"2016-04-28T13:25:46","modified_gmt":"2016-04-28T11:25:46","slug":"war-action-diales-de-pinned-3-uds","status":"publish","type":"product","link":"https:\/\/www.customeeple.com\/es\/producto\/war-action-diales-de-pinned-3-uds\/","title":{"rendered":"War Action diales de \u00abpinned\u00bb (3 uds)"},"content":{"rendered":"<p>Un set de diales para indicar cualquier estado que desees en Wargames, como heridas o el estado de \u00abpinned\u00bb (marcador).<\/p>\n<p>Cada set contiene 3 diales con un hueco\u00a0para que quepa un dado dentro.<\/p>\n<p>Este set es completamente compatible con\u00a0<strong><a href=\"http:\/\/www.boltaction.com\/\">Bolt Action<\/a>.<\/strong><\/p>\n<div class=\"moreinfo\">\n<p><strong>Material:<\/strong>\u00a0DM<\/p>\n<p dir=\"ltr\"><strong>Espesor:<\/strong>\u00a02,5 mm<\/p>\n<p dir=\"ltr\"><strong>Tama\u00f1o: <\/strong>6,1 x 3,8 x 0,5 cm.<strong><br \/> <\/strong><\/p>\n<p dir=\"ltr\"><strong>Cantidad:<\/strong>\u00a03 diales.<\/p>\n<\/div>\n<div class=\"infopreorder\">\n<p dir=\"ltr\"><strong><a href=\"http:\/\/www.boltaction.com\/\">Bolt Action <\/a><\/strong>es un juego publicado por\u00a0<strong><a href=\"http:\/\/www.warlordgames.com\/\">Warlord Games<\/a><\/strong>. <strong>Customeeple<\/strong>\u00a0no mantiene ninguna relaci\u00f3n con esta compa\u00f1\u00eda y este producto no esta apoyado por ellos de ninguna manera.<\/p>\n<\/div>\n","protected":false},"excerpt":{"rendered":"<p>Set of dials compatible with\u00a0<strong><a href=\"http:\/\/www.boltaction.com\/\">Bolt Action<\/a><\/strong><\/p>\n","protected":false},"featured_media":21651,"template":"","meta":{"_acf_changed":false},"product_brand":[],"product_cat":[191,2342,1370,78],"product_tag":[942,943],"class_list":{"0":"post-21274","1":"product","2":"type-product","3":"status-publish","4":"has-post-thumbnail","6":"product_cat-accesorios","7":"product_cat-trays-es","8":"product_cat-customeeple-es","9":"product_cat-meeple-2","10":"product_tag-bolt-action-es","11":"product_tag-wargames-es","12":"pa_methacrylate-colors-amarill-fluor-mfye","13":"pa_methacrylate-colors-azul-fluor-mfbl-es","14":"pa_methacrylate-colors-azul-trans-mtbl","15":"pa_methacrylate-colors-dm","16":"pa_methacrylate-colors-humo-trans-mtsm","17":"pa_methacrylate-colors-naranja-fluor-mfor","18":"pa_methacrylate-colors-naranja-fluor-mfor-es","19":"pa_methacrylate-colors-rojotrans-mtre","20":"pa_methacrylate-colors-magenta-fluor-mfma-es","21":"pa_methacrylate-colors-smoke-grey-mtsm","22":"pa_methacrylate-colors-verde-trans-mtgr","23":"pa_methacrylate-colors-verde-fluor-mfgr","25":"first","26":"instock","27":"taxable","28":"shipping-taxable","29":"purchasable","30":"product-type-simple"},"exclude_global_add_ons":[],"addons":[],"acf":[],"_links":{"self":[{"href":"https:\/\/www.customeeple.com\/es\/wp-json\/wp\/v2\/product\/21274","targetHints":{"allow":["GET"]}}],"collection":[{"href":"https:\/\/www.customeeple.com\/es\/wp-json\/wp\/v2\/product"}],"about":[{"href":"https:\/\/www.customeeple.com\/es\/wp-json\/wp\/v2\/types\/product"}],"wp:featuredmedia":[{"embeddable":true,"href":"https:\/\/www.customeeple.com\/es\/wp-json\/wp\/v2\/media\/21651"}],"wp:attachment":[{"href":"https:\/\/www.customeeple.com\/es\/wp-json\/wp\/v2\/media?parent=21274"}],"wp:term":[{"taxonomy":"product_brand","embeddable":true,"href":"https:\/\/www.customeeple.com\/es\/wp-json\/wp\/v2\/product_brand?post=21274"},{"taxonomy":"product_cat","embeddable":true,"href":"https:\/\/www.customeeple.com\/es\/wp-json\/wp\/v2\/product_cat?post=21274"},{"taxonomy":"product_tag","embeddable":true,"href":"https:\/\/www.customeeple.com\/es\/wp-json\/wp\/v2\/product_tag?post=21274"}],"curies":[{"name":"wp","href":"https:\/\/api.w.org\/{rel}","templated":true}]}}