{"id":21260,"date":"2016-04-28T10:15:00","date_gmt":"2016-04-28T09:15:00","guid":{"rendered":"http:\/\/www.customeeple.com\/es\/producto\/krosbattle-individual-tray\/"},"modified":"2016-10-07T19:07:11","modified_gmt":"2016-10-07T17:07:11","slug":"krosbattle-individual-tray","status":"publish","type":"product","link":"https:\/\/www.customeeple.com\/es\/producto\/krosbattle-individual-tray\/","title":{"rendered":"Krosbattle Bandeja indivdual (1 ud)"},"content":{"rendered":"<p>Nuestra Bandeja para equipo Krosbattle te permite mantener organizado tu equipo con cualquier juego de combates estrat\u00e9gicos como\u00a0<em><strong><a href=\"http:\/\/www.krosmaster.com\/en\">Krosmaster Arena<\/a>,<\/strong><\/em> y poder desplazarte\u00a0c\u00f3modamente\u00a0de mesa en mesa durante un torneo.<\/p>\n<p>Cada bandeja tiene espacio para una miniatura y su carta de informaci\u00f3n. Adem\u00e1s cada bandeja contiene 4 imanes que se pueden colocar en los agujeros laterales. De esa forma puedes pegar varias bandejas y expandirlas para llevar a toda tu banda.<\/p>\n<div class=\"infopreorder\">Nota: Ten en cuenta que la foto s\u00f3lo es una sugerencia de montaje el producto se vende sin montar ni pintar y no incluye el fieltro p\u00farpura<\/div>\n<p>Todas las piezas son compatibles con el juego\u00a0<em><strong><a href=\"http:\/\/www.krosmaster.com\/en\">Krosmaster Arena<\/a>.<\/strong><\/em><\/p>\n<div class=\"moreinfo\">\n<p><strong>Material:\u00a0<\/strong>DM<\/p>\n<p><strong>Espesor: <\/strong>3 mm<\/p>\n<p><strong>Tama\u00f1o:\u00a07<\/strong>\u00a0x 13,5 x 0,8 cm<\/p>\n<p><strong>Cantidad:\u00a0<\/strong>1 bandeja<\/p>\n<p><strong>Uso: <\/strong>Una bandeja para llevar tus miniaturas.<\/p>\n<\/div>\n<div class=\"infopreorder\"><strong>Note<\/strong>:\u00a0<em><strong><a href=\"http:\/\/www.krosmaster.com\/en\">Krosmaster Arena<\/a><\/strong>\u00a0es un juego dise\u00f1ado por\u00a0<strong>Murat C\u00e9lebi <\/strong>y<strong>\u00a0<\/strong><strong>Nicolas Degouy<\/strong>\u00a0publicado por\u00a0<strong><a href=\"http:\/\/www.ankama.com\/en\">Ankama<\/a>.\u00a0Customeeple<\/strong>\u00a0no mantiene ninguna relaci\u00f3n con esta compa\u00f1\u00eda y este producto no esta apoyado por ellos de ninguna forma.<\/em><\/div>\n","protected":false},"excerpt":{"rendered":"<p>Una bandeja para miniaturas de base de 30mm como las de<a href=\"http:\/\/www.krosmaster.com\/en\"><em><strong>\u00a0Krosmaster Arena<\/strong><\/em><\/a><\/p>\n","protected":false},"featured_media":21413,"template":"","meta":{"_acf_changed":false},"product_brand":[],"product_cat":[829],"product_tag":[764],"class_list":{"0":"post-21260","1":"product","2":"type-product","3":"status-publish","4":"has-post-thumbnail","6":"product_cat-krosbattle-es","7":"product_tag-krosmaster-arena-es","9":"first","10":"instock","11":"taxable","12":"shipping-taxable","13":"purchasable","14":"product-type-simple"},"exclude_global_add_ons":[],"addons":[],"acf":[],"_links":{"self":[{"href":"https:\/\/www.customeeple.com\/es\/wp-json\/wp\/v2\/product\/21260","targetHints":{"allow":["GET"]}}],"collection":[{"href":"https:\/\/www.customeeple.com\/es\/wp-json\/wp\/v2\/product"}],"about":[{"href":"https:\/\/www.customeeple.com\/es\/wp-json\/wp\/v2\/types\/product"}],"wp:featuredmedia":[{"embeddable":true,"href":"https:\/\/www.customeeple.com\/es\/wp-json\/wp\/v2\/media\/21413"}],"wp:attachment":[{"href":"https:\/\/www.customeeple.com\/es\/wp-json\/wp\/v2\/media?parent=21260"}],"wp:term":[{"taxonomy":"product_brand","embeddable":true,"href":"https:\/\/www.customeeple.com\/es\/wp-json\/wp\/v2\/product_brand?post=21260"},{"taxonomy":"product_cat","embeddable":true,"href":"https:\/\/www.customeeple.com\/es\/wp-json\/wp\/v2\/product_cat?post=21260"},{"taxonomy":"product_tag","embeddable":true,"href":"https:\/\/www.customeeple.com\/es\/wp-json\/wp\/v2\/product_tag?post=21260"}],"curies":[{"name":"wp","href":"https:\/\/api.w.org\/{rel}","templated":true}]}}