{"id":21249,"date":"2016-04-28T09:55:07","date_gmt":"2016-04-26T10:43:07","guid":{"rendered":"http:\/\/www.customeeple.com\/es\/producto\/war-action-marcadores-de-artilleria-1-ud\/"},"modified":"2016-09-21T18:52:42","modified_gmt":"2016-09-21T16:52:42","slug":"war-action-marcadores-de-artilleria-1-ud","status":"publish","type":"product","link":"https:\/\/www.customeeple.com\/es\/producto\/war-action-marcadores-de-artilleria-1-ud\/","title":{"rendered":"War Action marcadores de artiller\u00eda (1 ud)"},"content":{"rendered":"<p>Un set de piezas para indicar los blancos de tu artiller\u00eda en cualquier wargame. Cada set contiene dos marcadores para saber que unidad dispara y su blanco.<\/p>\n<p>Puedes elegir el color de las piezas de metacrilato. Recuerda que si no estas seguro de c\u00faal es el color id\u00f3neo para tus piezas puedes consultar nuestra p\u00e1gina de <em><a href=\"http:\/\/www.customeeple.com\/materials\/\"><strong>materiales<\/strong> <\/a><\/em><\/p>\n<p>Este set es compatible con<strong><a href=\"http:\/\/www.boltaction.com\/\">\u00a0Bolt Action<\/a>.<\/strong><\/p>\n<div class=\"moreinfo\">\n<p><strong>Material:<\/strong>\u00a0DM o\u00a0Methacrilato<\/p>\n<p dir=\"ltr\"><strong>Espesor:<\/strong>\u00a03 o 2,5 mm<\/p>\n<p dir=\"ltr\"><strong>Tama\u00f1o: <\/strong>4,3 x 4 cm y\u00a02 x 2 cm.<strong><br \/>\n<\/strong><\/p>\n<p dir=\"ltr\"><strong>Cantidad:<\/strong>\u00a02 piezas<\/p>\n<\/div>\n<div class=\"infopreorder\"><strong>Nota:<\/strong>\u00a0El color del metacrilato puede variar ligeramente del mostrado en las fotos.<\/div>\n<p><strong><a href=\"http:\/\/www.boltaction.com\/\">Bolt Action<\/a><\/strong>\u00a0es un juego publicado por\u00a0<strong><a href=\"http:\/\/www.warlordgames.com\/\">Warlord Games<\/a><\/strong>. <strong>Customeeple<\/strong>\u00a0no mantiene ninguna relaci\u00f3n con esta compa\u00f1\u00eda y este producto no est\u00e1 apoyado por ellos de ninguna forma.<\/p>\n","protected":false},"excerpt":{"rendered":"<p>Set de marcadores compatibles con\u00a0<strong><a href=\"http:\/\/www.boltaction.com\/\">Bolt Action<\/a><\/strong><\/p>\n","protected":false},"featured_media":21393,"template":"","meta":{"_acf_changed":false},"product_brand":[],"product_cat":[78],"product_tag":[942],"class_list":{"0":"post-21249","1":"product","2":"type-product","3":"status-publish","4":"has-post-thumbnail","6":"product_cat-meeple-2","7":"product_tag-bolt-action-es","8":"pa_methacrylate-colors-amarill-fluor-mfye","9":"pa_methacrylate-colors-azul-fluor-mfbl-es","10":"pa_methacrylate-colors-dm","11":"pa_methacrylate-colors-humo-trans-mtsm","12":"pa_methacrylate-colors-naranja-fluor-mfor-es","13":"pa_methacrylate-colors-naranja-fluor-mfor","14":"pa_methacrylate-colors-rojotrans-mtre","15":"pa_methacrylate-colors-magenta-fluor-mfma-es","16":"pa_methacrylate-colors-smoke-grey-mtsm","17":"pa_methacrylate-colors-verde-trans-mtgr","18":"pa_methacrylate-colors-verde-fluor-mfgr","20":"first","21":"instock","22":"taxable","23":"shipping-taxable","24":"purchasable","25":"product-type-variable"},"exclude_global_add_ons":[],"addons":[],"acf":[],"_links":{"self":[{"href":"https:\/\/www.customeeple.com\/es\/wp-json\/wp\/v2\/product\/21249","targetHints":{"allow":["GET"]}}],"collection":[{"href":"https:\/\/www.customeeple.com\/es\/wp-json\/wp\/v2\/product"}],"about":[{"href":"https:\/\/www.customeeple.com\/es\/wp-json\/wp\/v2\/types\/product"}],"wp:featuredmedia":[{"embeddable":true,"href":"https:\/\/www.customeeple.com\/es\/wp-json\/wp\/v2\/media\/21393"}],"wp:attachment":[{"href":"https:\/\/www.customeeple.com\/es\/wp-json\/wp\/v2\/media?parent=21249"}],"wp:term":[{"taxonomy":"product_brand","embeddable":true,"href":"https:\/\/www.customeeple.com\/es\/wp-json\/wp\/v2\/product_brand?post=21249"},{"taxonomy":"product_cat","embeddable":true,"href":"https:\/\/www.customeeple.com\/es\/wp-json\/wp\/v2\/product_cat?post=21249"},{"taxonomy":"product_tag","embeddable":true,"href":"https:\/\/www.customeeple.com\/es\/wp-json\/wp\/v2\/product_tag?post=21249"}],"curies":[{"name":"wp","href":"https:\/\/api.w.org\/{rel}","templated":true}]}}