{"id":20810,"date":"2016-03-22T11:20:21","date_gmt":"2016-03-22T10:20:21","guid":{"rendered":"http:\/\/www.customeeple.com\/es\/producto\/malifaux-hoffman-lab-base-tops\/"},"modified":"2023-10-10T12:21:30","modified_gmt":"2023-10-10T11:21:30","slug":"malifaux-hoffman-lab-base-tops","status":"publish","type":"product","link":"https:\/\/www.customeeple.com\/es\/producto\/malifaux-hoffman-lab-base-tops\/","title":{"rendered":"Malifaux Cubiertas de base \u00abLaboratorio Hoffman\u00bb"},"content":{"rendered":"<div class=\"infopreorder\">Por lo general, el tama\u00f1o de la base de una miniatura es diferente al tama\u00f1o de la parte superior de la base, por ejemplo, una base de 30 mm de M2E Malifaux tiene 23 mm dentro del hueco, por lo que si no est\u00e1 seguro de lo que necesita, puedes verificar el tama\u00f1o de correlaci\u00f3n de base con la parte superior de la base<a href=\"http:\/\/www.customeeple.com\/base-top-size-guide\/\">\u00a0aqu\u00ed.<\/a><\/div>\n<p>Nuestras cubiertas de base son perfectas para embellecer las bases de tus miniaturas de\u00a0<strong><a href=\"http:\/\/www.wyrd-games.net\/malifaux\">Malifaux<\/a>. <\/strong>Son finas cubiertas grabadas con un dise\u00f1o tem\u00e1tico, pensadas para ser pegadas encima de una base est\u00e1ndar de\u00a0<strong><a href=\"http:\/\/www.wyrd-games.net\/malifaux\">Malifaux<\/a>\u00a0<\/strong>y ser una decoraci\u00f3n perfecta para tus mejores trabajos de pintura.<\/p>\n<p>Las cubiertas est\u00e1n fabricadas en Cart\u00f3n de alta densidad. Una superficie de cart\u00f3n para modelismo muy resistente, similar al DM (MDF). Casi no se notar\u00e1 el grosor al pegarlo a la base, ya que mide 0,32mm de alto.<\/p>\n<p>Esta cubierta esta grabada con el dise\u00f1o del laboratorio de la miniatura de\u00a0<strong><a href=\"http:\/\/www.wyrd-games.net\/malifaux\">Malifaux<\/a>\u00a0<a href=\"https:\/\/pullmyfinger.wikispaces.com\/M2E+Hoffman\">C.Hoffman<\/a>.\u00a0<\/strong>Son un perfecto complemento de escenograf\u00eda para ese personaje o cualquiera de sus constructos met\u00e1licos. Las cubiertas encajan perfectamente en bases de <strong><a href=\"http:\/\/www.wyrd-games.net\/malifaux\">Malifaux<\/a>\u00a0<\/strong>de\u00a030, 40 y 50 mm. Puedes comprar el producto para cada uno de los tama\u00f1os.<\/p>\n<p>Todas las piezas han sido dise\u00f1adas en colaboraci\u00f3n con <strong><a href=\"http:\/\/www.wyrd-games.net\/\">Wyrd games<\/a>\u00a0<\/strong>para ser totalmente compatibles con <strong><a href=\"http:\/\/www.wyrd-games.net\/malifaux\">Malifaux<\/a>.<\/strong><\/p>\n<div class=\"moreinfo\">\n<p><strong>Material:<\/strong>\u00a0Cart\u00f3n de alta densidad<\/p>\n<p dir=\"ltr\"><strong>Espesor:<\/strong>\u00a00,32 mm<\/p>\n<p dir=\"ltr\"><strong>Tama\u00f1o: <\/strong>23\/32\/40\u00a0mm para encajar perfectamente en cada base.<strong><br \/>\n<\/strong><\/p>\n<p dir=\"ltr\"><strong>Cantidad: <\/strong>2 o 5\u00a0cubiertas de base.<\/p>\n<p><strong>Uso: <\/strong>Cubiertas de base decorativas para miniaturas de\u00a0<strong><a href=\"http:\/\/www.wyrd-games.net\/malifaux\">Malifaux<\/a>.<\/strong><\/p>\n<\/div>\n<div class=\"infopreorder\"><strong>Nota:<\/strong>\u00a0Este producto se vende sin pintar ni montar, necesitar\u00e1s pegamento para montarlo. No se incluyen miniaturas ni bases pl\u00e1sticas de\u00a0<strong><a href=\"http:\/\/www.wyrd-games.net\/malifaux\">Malifaux<\/a>.<\/strong><\/div>\n","protected":false},"excerpt":{"rendered":"<p>Cubierta de base decorativa para\u00a0\u00a0<strong><a href=\"http:\/\/www.wyrd-games.net\/malifaux\">Malifaux<\/a><\/strong><\/p>\n","protected":false},"featured_media":20526,"template":"","meta":{"_acf_changed":false},"product_brand":[],"product_cat":[1672,304,1370,1400,1425,1671,1623],"product_tag":[1652],"class_list":{"0":"post-20810","1":"product","2":"type-product","3":"status-publish","4":"has-post-thumbnail","6":"product_cat-bases-es-4","7":"product_cat-bases-es","8":"product_cat-customeeple-es","9":"product_cat-fantasia","10":"product_cat-malifaux-es-2","11":"product_cat-malifaux-es-3","12":"product_cat-wargames-es-2","13":"product_tag-malifaux-es-2","14":"pa_bsize-23mm-5-uds","15":"pa_bsize-25mm","16":"pa_bsize-40s","17":"pa_bsize-50s","19":"first","20":"instock","21":"taxable","22":"shipping-taxable","23":"purchasable","24":"product-type-variable"},"exclude_global_add_ons":[],"addons":[],"acf":[],"_links":{"self":[{"href":"https:\/\/www.customeeple.com\/es\/wp-json\/wp\/v2\/product\/20810","targetHints":{"allow":["GET"]}}],"collection":[{"href":"https:\/\/www.customeeple.com\/es\/wp-json\/wp\/v2\/product"}],"about":[{"href":"https:\/\/www.customeeple.com\/es\/wp-json\/wp\/v2\/types\/product"}],"wp:featuredmedia":[{"embeddable":true,"href":"https:\/\/www.customeeple.com\/es\/wp-json\/wp\/v2\/media\/20526"}],"wp:attachment":[{"href":"https:\/\/www.customeeple.com\/es\/wp-json\/wp\/v2\/media?parent=20810"}],"wp:term":[{"taxonomy":"product_brand","embeddable":true,"href":"https:\/\/www.customeeple.com\/es\/wp-json\/wp\/v2\/product_brand?post=20810"},{"taxonomy":"product_cat","embeddable":true,"href":"https:\/\/www.customeeple.com\/es\/wp-json\/wp\/v2\/product_cat?post=20810"},{"taxonomy":"product_tag","embeddable":true,"href":"https:\/\/www.customeeple.com\/es\/wp-json\/wp\/v2\/product_tag?post=20810"}],"curies":[{"name":"wp","href":"https:\/\/api.w.org\/{rel}","templated":true}]}}