{"id":20021,"date":"2016-03-25T17:03:02","date_gmt":"2016-02-29T15:03:02","guid":{"rendered":"http:\/\/www.customeeple.com\/es\/producto\/malifaux-curmudgeon-parterre\/"},"modified":"2016-03-29T11:24:49","modified_gmt":"2016-03-29T09:24:49","slug":"malifaux-curmudgeon-parterre","status":"publish","type":"product","link":"https:\/\/www.customeeple.com\/es\/producto\/malifaux-curmudgeon-parterre\/","title":{"rendered":"Malifaux Parterre Plaza Curmudgeon"},"content":{"rendered":"<p>Pon un poco del mundo de <strong><a href=\"http:\/\/www.wyrd-games.net\/malifaux\">Malifaux<\/a>\u00a0<\/strong>en tus mesas de juego con nuestras piezas de escenograf\u00eda.<\/p>\n<p>Un parterre modular para las mesas de juego de\u00a0<strong><a href=\"http:\/\/www.wyrd-games.net\/malifaux\">Malifaux<\/a><\/strong>. Puedes combinarlos con nuestros otros productos <strong>Plaza Curmudgeon<\/strong>\u00a0y as\u00ed crear una mesa de juego tem\u00e1tica.<\/p>\n<p>Este set de jardineras esta dise\u00f1ado para utlizarse conjuntamente y crear intrincados caminos decorados. Tambi\u00e9n puedes combinar dos o m\u00e1s sets para crear dise\u00f1os m\u00e1s grandes<\/p>\n<p>Todas las piezas han sido dise\u00f1adas en colaboraci\u00f3n con\u00a0<strong><a href=\"http:\/\/www.wyrd-games.net\/\">Wyrd Games<\/a>\u00a0<\/strong>para ser completamente compatibles con\u00a0<strong><a href=\"http:\/\/www.wyrd-games.net\/\">Malifaux<\/a>.<\/strong><\/p>\n<div class=\"moreinfo\">\n<p><strong>Material:<\/strong>\u00a0DM<\/p>\n<p dir=\"ltr\"><strong>Espesor:<\/strong>\u00a02,5 mm<\/p>\n<p dir=\"ltr\"><strong>Tama\u00f1o:<\/strong>\u00a05,7 x 9,6 cm (2 unidades) + 5,7 x 5,7 cm (2 unidades) + 4,9 x 4,9 cm (1 unidad)<strong><br \/> <\/strong><\/p>\n<p dir=\"ltr\"><strong>Cantidad: <\/strong>5<strong>\u00a0<\/strong>parterres modulares<\/p>\n<p><strong>Uso: <\/strong>Piezas de escenograf\u00eda para\u00a0<strong><a href=\"http:\/\/www.wyrd-games.net\/malifaux\">Malifaux<\/a>.<\/strong><\/p>\n<\/div>\n<div class=\"infopreorder\"><strong>Nota:<\/strong>\u00a0Este producto se vende sin montar ni pintar, necesitar\u00e1s pegamento para su montaje. Miniaturas y plantas no incluidas.<\/div>\n","protected":false},"excerpt":{"rendered":"<p>Escenograf\u00eda exterior de parterre para\u00a0\u00a0<strong><a href=\"http:\/\/www.wyrd-games.net\/malifaux\">Malifaux<\/a>.<\/strong><\/p>\n","protected":false},"featured_media":20496,"template":"","meta":{"_acf_changed":false},"product_brand":[],"product_cat":[926,1671,922],"product_tag":[1652],"class_list":{"0":"post-20021","1":"product","2":"type-product","3":"status-publish","4":"has-post-thumbnail","6":"product_cat-escenografia-es-2","7":"product_cat-malifaux-es-3","8":"product_cat-malifaux-es","9":"product_tag-malifaux-es-2","11":"first","12":"instock","13":"taxable","14":"shipping-taxable","15":"purchasable","16":"product-type-simple"},"exclude_global_add_ons":[],"addons":[],"acf":[],"_links":{"self":[{"href":"https:\/\/www.customeeple.com\/es\/wp-json\/wp\/v2\/product\/20021","targetHints":{"allow":["GET"]}}],"collection":[{"href":"https:\/\/www.customeeple.com\/es\/wp-json\/wp\/v2\/product"}],"about":[{"href":"https:\/\/www.customeeple.com\/es\/wp-json\/wp\/v2\/types\/product"}],"wp:featuredmedia":[{"embeddable":true,"href":"https:\/\/www.customeeple.com\/es\/wp-json\/wp\/v2\/media\/20496"}],"wp:attachment":[{"href":"https:\/\/www.customeeple.com\/es\/wp-json\/wp\/v2\/media?parent=20021"}],"wp:term":[{"taxonomy":"product_brand","embeddable":true,"href":"https:\/\/www.customeeple.com\/es\/wp-json\/wp\/v2\/product_brand?post=20021"},{"taxonomy":"product_cat","embeddable":true,"href":"https:\/\/www.customeeple.com\/es\/wp-json\/wp\/v2\/product_cat?post=20021"},{"taxonomy":"product_tag","embeddable":true,"href":"https:\/\/www.customeeple.com\/es\/wp-json\/wp\/v2\/product_tag?post=20021"}],"curies":[{"name":"wp","href":"https:\/\/api.w.org\/{rel}","templated":true}]}}