{"id":20016,"date":"2016-03-28T16:26:36","date_gmt":"2016-02-29T14:26:36","guid":{"rendered":"http:\/\/www.customeeple.com\/es\/producto\/malifaux-bandstand\/"},"modified":"2016-03-29T10:32:47","modified_gmt":"2016-03-29T08:32:47","slug":"malifaux-bandstand","status":"publish","type":"product","link":"https:\/\/www.customeeple.com\/es\/producto\/malifaux-bandstand\/","title":{"rendered":"Malifaux Quiosco de m\u00fasica plaza Curmudgeon"},"content":{"rendered":"<p>A\u00f1ade una peque\u00f1a parte del mundo de\u00a0<strong><a href=\"http:\/\/www.wyrd-games.net\/malifaux\">Malifaux<\/a>\u00a0<\/strong>a tus mesas de juego con nuestras piezas de escenograf\u00eda<\/p>\n<p>Un quiosco de musica con elevaci\u00f3n para ser usada en cualquier mesa de juego de\u00a0<strong><a href=\"http:\/\/www.wyrd-games.net\/malifaux\">Malifaux<\/a>. <\/strong>Puedes combinarlo con nuestros otros productos<strong> Plaza Curmudgeon\u00a0<\/strong>y as\u00ed crear una mesa tem\u00e1tica de juego.<\/p>\n<p>Todas las piezas han sido dise\u00f1adas en \u00a0colaboraci\u00f3n\u00a0<strong><a href=\"http:\/\/www.wyrd-games.net\/\">Wyrd games<\/a>\u00a0<\/strong>para ser totalmente compatibles con<strong>\u00a0<\/strong><strong><a href=\"http:\/\/www.wyrd-games.net\/malifaux\">Malifaux<\/a>.<\/strong><\/p>\n<div class=\"moreinfo\">\n<p><strong>Material:<\/strong>\u00a0DM<\/p>\n<p dir=\"ltr\"><strong>Espesor:<\/strong>\u00a02,5 mm<\/p>\n<p dir=\"ltr\"><strong>Tama\u00f1o:<\/strong>\u00a014 x 12,5 x 12\u00a0cm<strong><br \/> <\/strong><\/p>\n<p dir=\"ltr\"><strong>Cantidad: <\/strong>1<strong>\u00a0<\/strong>Quiosco de m\u00fasica<\/p>\n<p><strong>Uso: <\/strong>Elemento de escenograf\u00eda para\u00a0<strong><a href=\"http:\/\/www.wyrd-games.net\/malifaux\">Malifaux<\/a>.<\/strong><\/p>\n<\/div>\n<div class=\"infopreorder\"><strong>Nota:<\/strong>\u00a0Este producto se vende sin pintar ni montar, necesitaras pegamento para su montaje. Miniaturas no incluidas<\/div>\n","protected":false},"excerpt":{"rendered":"<p>Quiosco de m\u00fasica de escenograf\u00eda para\u00a0\u00a0<strong><a href=\"http:\/\/www.wyrd-games.net\/malifaux\">Malifaux<\/a>.<\/strong><\/p>\n","protected":false},"featured_media":20689,"template":"","meta":{"_acf_changed":false},"product_brand":[],"product_cat":[926,1671,922],"product_tag":[1652],"class_list":{"0":"post-20016","1":"product","2":"type-product","3":"status-publish","4":"has-post-thumbnail","6":"product_cat-escenografia-es-2","7":"product_cat-malifaux-es-3","8":"product_cat-malifaux-es","9":"product_tag-malifaux-es-2","11":"first","12":"instock","13":"taxable","14":"shipping-taxable","15":"purchasable","16":"product-type-simple"},"exclude_global_add_ons":[],"addons":[],"acf":[],"_links":{"self":[{"href":"https:\/\/www.customeeple.com\/es\/wp-json\/wp\/v2\/product\/20016","targetHints":{"allow":["GET"]}}],"collection":[{"href":"https:\/\/www.customeeple.com\/es\/wp-json\/wp\/v2\/product"}],"about":[{"href":"https:\/\/www.customeeple.com\/es\/wp-json\/wp\/v2\/types\/product"}],"wp:featuredmedia":[{"embeddable":true,"href":"https:\/\/www.customeeple.com\/es\/wp-json\/wp\/v2\/media\/20689"}],"wp:attachment":[{"href":"https:\/\/www.customeeple.com\/es\/wp-json\/wp\/v2\/media?parent=20016"}],"wp:term":[{"taxonomy":"product_brand","embeddable":true,"href":"https:\/\/www.customeeple.com\/es\/wp-json\/wp\/v2\/product_brand?post=20016"},{"taxonomy":"product_cat","embeddable":true,"href":"https:\/\/www.customeeple.com\/es\/wp-json\/wp\/v2\/product_cat?post=20016"},{"taxonomy":"product_tag","embeddable":true,"href":"https:\/\/www.customeeple.com\/es\/wp-json\/wp\/v2\/product_tag?post=20016"}],"curies":[{"name":"wp","href":"https:\/\/api.w.org\/{rel}","templated":true}]}}